{"id":1077,"date":"2021-04-23T05:21:06","date_gmt":"2021-04-23T03:21:06","guid":{"rendered":"http:\/\/editorial.ulagos.cl\/?page_id=1077"},"modified":"2021-05-31T21:51:20","modified_gmt":"2021-05-31T19:51:20","slug":"somos-libres","status":"publish","type":"page","link":"https:\/\/editorial.ulagos.cl\/home\/somos-libres\/","title":{"rendered":"\u201cSomos libres, cuando queremos nos vamos\u201d. Sindicalismo, migrantes chilenos\/as y \u201cnorte\u00f1os\u201d en la fruticultura del norte de la Patagonia."},"content":{"rendered":"<p>[vc_row][vc_column width=\u00bb1\/2&#8243;][vc_column_text]<\/p>\n<h3><span style=\"color: #808080;\"><em>Trpin, Ver\u00f3nica<\/em><\/span><\/h3>\n<p><span style=\"color: #808080;\">Este libro, tiene el prop\u00f3sito de adentrarnos en esas experiencias diversas de trabajo y los conflictos que se han dirimido entre los condicionantes impuestos por los mercados y por las patronales. Las trayectorias de varones y mujeres marcadas por el origen migratorio y el g\u00e9nero emergen como las historias poco visibles que existen detr\u00e1s de las frutas que consumimos. Dar cuenta de ellas expresa el sentido que me orienta en la producci\u00f3n de un conocimiento territorializado y comprometido, en di\u00e1logo con los desaf\u00edos que instalan los\/as sujetos\/as que conocemos en las investigaciones y con quienes transitamos las transformaciones que acontecen en el territorio. Tal como insta Miguel Bartolom\u00e9, moviliza el reto de \u201casumir que nos encontramos en un momento donde lo que se requiere es no s\u00f3lo entender y criticar los acontecimientos actuales, sino tambi\u00e9n contribuir a imaginar el futuro repensando el presente y haciendo ver, a partir del cuestionamiento de esa construcci\u00f3n arbitraria que llamamos realidad, la pluralidad de realidades posibles\u201d.<\/span><\/p>\n<p><span style=\"color: #808080;\">ISBN: 978-956-6043-10-2<\/span><\/p>\n<p><span style=\"color: #808080;\">DOI: <a href=\"https:\/\/doi.org\/10.32735\/978-956-6043-10-2\/2020\" target=\"_blank\" rel=\"noopener noreferrer\">https:\/\/doi.org\/10.32735\/978-956-6043-10-2\/2020<\/a><\/span><\/p>\n<p>&nbsp;<\/p>\n<p><a href=\"http:\/\/editorial.ulagos.cl\/wp-content\/uploads\/2021\/04\/Somos-libres.epub\" target=\"_blank\" rel=\"noopener noreferrer\" data-lity=\"\" data-title=\"\"><img decoding=\"async\" loading=\"lazy\" class=\"img-responsive alignnone\" style=\"width: 57px; height: 65px;\" src=\"http:\/\/editorial.ulagos.cl\/wp-content\/uploads\/2021\/04\/epublogo2-e1619630843234.jpg\" alt=\"none\" width=\"377\" height=\"422\" \/><\/a><\/p>\n<p><a href=\"http:\/\/editorial.ulagos.cl\/wp-content\/uploads\/2021\/05\/Somos-libres-cuando-queremos-nos-vamos.pdf\" target=\"_blank\" rel=\"noopener noreferrer\" data-lity=\"\" data-title=\"\"><img decoding=\"async\" loading=\"lazy\" class=\"img-responsive alignnone\" style=\"width: 55px; height: 55px;\" src=\"http:\/\/editorial.ulagos.cl\/wp-content\/uploads\/2021\/04\/pdflogo.jpg\" alt=\"none\" width=\"900\" height=\"900\" \/><\/a>[\/vc_column_text][\/vc_column][vc_column width=\u00bb1\/2&#8243;][vc_single_image image=\u00bb1068&#8243; img_size=\u00bblarge\u00bb alignment=\u00bbcenter\u00bb style=\u00bbvc_box_shadow_3d\u00bb][\/vc_column][\/vc_row]<\/p>\n","protected":false},"excerpt":{"rendered":"<p>[vc_row][vc_column width=\u00bb1\/2&#8243;][vc_column_text] Trpin, Ver\u00f3nica Este libro, tiene el prop\u00f3sito de adentrarnos en esas experiencias diversas de trabajo y los conflictos que se han dirimido entre los condicionantes impuestos por los mercados y por las patronales. Las trayectorias de varones y mujeres marcadas por el origen migratorio y el g\u00e9nero emergen como las historias poco visibles [&hellip;]<\/p>\n","protected":false},"author":2,"featured_media":0,"parent":0,"menu_order":0,"comment_status":"closed","ping_status":"closed","template":"","meta":[],"categories":[],"tags":[],"_links":{"self":[{"href":"https:\/\/editorial.ulagos.cl\/home\/wp-json\/wp\/v2\/pages\/1077"}],"collection":[{"href":"https:\/\/editorial.ulagos.cl\/home\/wp-json\/wp\/v2\/pages"}],"about":[{"href":"https:\/\/editorial.ulagos.cl\/home\/wp-json\/wp\/v2\/types\/page"}],"author":[{"embeddable":true,"href":"https:\/\/editorial.ulagos.cl\/home\/wp-json\/wp\/v2\/users\/2"}],"replies":[{"embeddable":true,"href":"https:\/\/editorial.ulagos.cl\/home\/wp-json\/wp\/v2\/comments?post=1077"}],"version-history":[{"count":23,"href":"https:\/\/editorial.ulagos.cl\/home\/wp-json\/wp\/v2\/pages\/1077\/revisions"}],"predecessor-version":[{"id":1461,"href":"https:\/\/editorial.ulagos.cl\/home\/wp-json\/wp\/v2\/pages\/1077\/revisions\/1461"}],"wp:attachment":[{"href":"https:\/\/editorial.ulagos.cl\/home\/wp-json\/wp\/v2\/media?parent=1077"}],"wp:term":[{"taxonomy":"category","embeddable":true,"href":"https:\/\/editorial.ulagos.cl\/home\/wp-json\/wp\/v2\/categories?post=1077"},{"taxonomy":"post_tag","embeddable":true,"href":"https:\/\/editorial.ulagos.cl\/home\/wp-json\/wp\/v2\/tags?post=1077"}],"curies":[{"name":"wp","href":"https:\/\/api.w.org\/{rel}","templated":true}]}}