{"id":1135,"date":"2021-04-26T17:17:44","date_gmt":"2021-04-26T15:17:44","guid":{"rendered":"http:\/\/editorial.ulagos.cl\/?page_id=1135"},"modified":"2021-04-27T18:42:31","modified_gmt":"2021-04-27T16:42:31","slug":"inscripcion-de-obra-intelectual","status":"publish","type":"page","link":"https:\/\/editorial.ulagos.cl\/home\/recepcionmanuscritos\/inscripcion-de-obra-intelectual\/","title":{"rendered":"Inscripci\u00f3n de Obra Intelectual"},"content":{"rendered":"<p>Al iniciar el proceso editorial cada autor\/a deber\u00e1 tramitar el Registro de Propiedad Intelectual de su obra a trav\u00e9s del <a href=\"https:\/\/www.propiedadintelectual.gob.cl\/sitio\/\" target=\"_blank\" rel=\"noopener noreferrer\">Departamento de Derechos Intelectuales<\/a> del Servicio Nacional del Patrimonio Cultural, dependientes del Ministerio de las Culturas, las Artes y el Patrimonio.<\/p>\n<h3><span style=\"color: #808080;\">\u00bfC\u00f3mo tramitar el registro de propiedad intelectual?<\/span><\/h3>\n<h4><span style=\"color: #808080;\">Paso 1:<\/span><\/h4>\n<p>Prepare el archivo. Debe necesariamente hacerse con el archivo Word original que entreg\u00f3 inicialmente a la editorial y no un archivo posterior. A este debe:<\/p>\n<p>\u2022 Eliminarle todas las im\u00e1genes, logos y gr\u00e1ficos. Debe ir solamente el texto.<br \/>\n\u2022 Si tiene m\u00e1s de un archivo, unificar todo a un solo archivo<br \/>\n\u2022 Colocar el t\u00edtulo y nombre de autor en la primera p\u00e1gina<br \/>\n\u2022 Si usted es coordinador\/compilador\/editor, deben adjuntarse las autorizaciones de todos los colaboradores, que deben seguir el siguiente modelo:<br \/>\n\u201cYo XXX (nombre completo), Run XXX, autorizo a XX XX XX (nombre completo), Run XXX y a XX XX XX (nombre completo), Run XXX, a incluir todos los poemas que aparecen en la obra denominada \u201cXXXXX\u201d (nombre exacto de la obra) de los cuales soy el titular de todos los derechos de autor. Adem\u00e1s autorizo a traducir todos los poemas que aparecen en la obra mencionada y ser inscrita a sus nombres en el Departamento de Derechos Intelectuales. Esta autorizaci\u00f3n en ning\u00fan caso reviste el car\u00e1cter de una Cesi\u00f3n de Derechos, sino s\u00f3lo una autorizaci\u00f3n de uso de obra y de traducci\u00f3n.\u201d<\/p>\n<h4><span style=\"color: #808080;\">Paso 2:<\/span><\/h4>\n<p>Ingrese a http:\/\/crin.propiedadintelectual.gob.cl\/Obras\/IngresarObra<\/p>\n<p>\u2022 Donde dice persona natural haga click donde dice \u201cPersonas naturales\u201d, ingrese sus datos<br \/>\ny presione aceptar.<\/p>\n<p><a href=\"http:\/\/editorial.ulagos.cl\/wp-content\/uploads\/2021\/04\/Imagen-proceso-RPI.jpg\" data-lity=\"\" data-title=\"\"><img decoding=\"async\" class=\"img-responsive\" style=\"width: 654px; height: 311px;\" src=\"http:\/\/editorial.ulagos.cl\/wp-content\/uploads\/2021\/04\/Imagen-proceso-RPI.jpg\" alt=\"none\" \/><\/a><\/p>\n<h3><\/h3>\n<p>\u2022 Despu\u00e9s, donde dice \u201cDirecci\u00f3n del autor\/titular\u201d seleccione el nombre registrado<br \/>\nanteriormente y complete los datos que falten.<br \/>\n\u2022 Una vez que indique su direcci\u00f3n de correo le solicitar\u00e1 verificarla, para esto debe ir a su correo (el que indic\u00f3 all\u00ed) y copiar el c\u00f3digo que le enviar\u00e1n en un mail.<br \/>\n\u2022 Complete los datos de la obra, colocando el t\u00edtulo completo exactamente como figura en el archivo que prepar\u00f3.<br \/>\n\u2022 Complete los datos faltantes y presione \u201cSiguiente\u201d<br \/>\n\u2022 Debe adjuntar el archivo ya preparado anteriormente, en la siguiente pantalla confirmar que todos los datos son correctos, despu\u00e9s proceder con el pago y una vez finalizado recibir\u00e1 un correo electr\u00f3nico que le indicar\u00e1 que el tr\u00e1mite fue concluido. Durante ese mismo d\u00eda o el d\u00eda siguiente deber\u00eda recibir el correo electr\u00f3nico que indica el n\u00famero de registro, ese es el que debe remitir a la editorial.<br \/>\n\u2022 Si tiene alg\u00fan inconveniente o duda puede comunicarse con propiedad.intelectual@patrimoniocultural.gob.cl<\/p>\n<h3><\/h3>\n<h4><span style=\"color: #808080;\">Gui\u0301a para solicitar RPI (PDF Descargable)<\/span><\/h4>\n<p><a href=\"http:\/\/editorial.ulagos.cl\/wp-content\/uploads\/2021\/04\/Gui\u0301a-para-solicitar-RPI.pdf\" target=\"_blank\" rel=\"noopener noreferrer\" data-lity=\"\" data-title=\"\"><img decoding=\"async\" loading=\"lazy\" class=\"img-responsive alignnone\" style=\"width: 44px; height: 51px;\" src=\"http:\/\/editorial.ulagos.cl\/wp-content\/uploads\/2020\/05\/pdf-ico.png\" alt=\"none\" width=\"33\" height=\"38\" \/><\/a><\/p>\n","protected":false},"excerpt":{"rendered":"<p>Al iniciar el proceso editorial cada autor\/a deber\u00e1 tramitar el Registro de Propiedad Intelectual de su obra a trav\u00e9s del Departamento de Derechos Intelectuales del Servicio Nacional del Patrimonio Cultural, dependientes del Ministerio de las Culturas, las Artes y el Patrimonio. \u00bfC\u00f3mo tramitar el registro de propiedad intelectual? Paso 1: Prepare el archivo. Debe necesariamente [&hellip;]<\/p>\n","protected":false},"author":2,"featured_media":0,"parent":31,"menu_order":0,"comment_status":"closed","ping_status":"closed","template":"template_menu_vertical.php","meta":[],"categories":[],"tags":[],"_links":{"self":[{"href":"https:\/\/editorial.ulagos.cl\/home\/wp-json\/wp\/v2\/pages\/1135"}],"collection":[{"href":"https:\/\/editorial.ulagos.cl\/home\/wp-json\/wp\/v2\/pages"}],"about":[{"href":"https:\/\/editorial.ulagos.cl\/home\/wp-json\/wp\/v2\/types\/page"}],"author":[{"embeddable":true,"href":"https:\/\/editorial.ulagos.cl\/home\/wp-json\/wp\/v2\/users\/2"}],"replies":[{"embeddable":true,"href":"https:\/\/editorial.ulagos.cl\/home\/wp-json\/wp\/v2\/comments?post=1135"}],"version-history":[{"count":6,"href":"https:\/\/editorial.ulagos.cl\/home\/wp-json\/wp\/v2\/pages\/1135\/revisions"}],"predecessor-version":[{"id":1175,"href":"https:\/\/editorial.ulagos.cl\/home\/wp-json\/wp\/v2\/pages\/1135\/revisions\/1175"}],"up":[{"embeddable":true,"href":"https:\/\/editorial.ulagos.cl\/home\/wp-json\/wp\/v2\/pages\/31"}],"wp:attachment":[{"href":"https:\/\/editorial.ulagos.cl\/home\/wp-json\/wp\/v2\/media?parent=1135"}],"wp:term":[{"taxonomy":"category","embeddable":true,"href":"https:\/\/editorial.ulagos.cl\/home\/wp-json\/wp\/v2\/categories?post=1135"},{"taxonomy":"post_tag","embeddable":true,"href":"https:\/\/editorial.ulagos.cl\/home\/wp-json\/wp\/v2\/tags?post=1135"}],"curies":[{"name":"wp","href":"https:\/\/api.w.org\/{rel}","templated":true}]}}