{"id":1237,"date":"2021-04-28T22:21:34","date_gmt":"2021-04-28T20:21:34","guid":{"rendered":"http:\/\/editorial.ulagos.cl\/?page_id=1237"},"modified":"2021-06-01T21:02:17","modified_gmt":"2021-06-01T19:02:17","slug":"equipohuemul","status":"publish","type":"page","link":"https:\/\/editorial.ulagos.cl\/home\/equipohuemul\/","title":{"rendered":"Equipo Huemul"},"content":{"rendered":"<p>[vc_row][vc_column width=\u00bb1\/2&#8243;][vc_column_text]<\/p>\n<h3><span style=\"color: #808080;\">Rodrigo Torres<\/span><\/h3>\n<p><span style=\"color: #808080;\">Emilia, profesora de una escuela rural en Punta Arenas, al ver que los alumnos de su clase no se llevan bien entre s\u00ed, decide realizar un juego en el cual los ni\u00f1os deber\u00e1n descubrir un tesoro a la vez que pueden aprender a socializar. Con la ayuda de padres y apoderados, lleva a cabo su plan en el bosque aleda\u00f1o del colegio, donde habr\u00e1 piratas, sorpresas y pistas que los ni\u00f1os deber\u00e1n ir descubriendo en el camino. As\u00ed, forma distintos equipos encargados de encontrar esas pistas para dar con el paradero del tesoro. Uno de estos es el equipo Huemul, conformado por dos ni\u00f1as de distinta nacionalidad, Clara y Betsimar, quienes est\u00e1n en constante conflicto. Durante el transcurso de la historia, ambas se conocer\u00e1n mejor y tendr\u00e1n aventuras donde la realidad se une a la ficci\u00f3n. De esta forma, conocer\u00e1n a un misterioso huemul, ver\u00e1n animales prehist\u00f3ricos y criaturas extra\u00f1as, adem\u00e1s de resolver un enigma. Y por sobre todo, aprender\u00e1n el valor de la amistad.<br \/>\n<\/span><\/p>\n<p><span style=\"color: #808080;\">Equipo Huemul es una novela que invita a los lectores a sumergirse en la imaginaci\u00f3n y volver a disfrutar de aquel sentimiento de dejarse llevar por la fantas\u00eda. Pero todo esto con un pie en la realidad, donde j\u00f3venes y adultos podr\u00e1n verse reflejados y envueltos en una historia que llama a dejar de lado los prejuicios, las diferencias, y que apela a siempre aprender de los dem\u00e1s con quienes de una u otra forma estamos relacionados.<br \/>\n<\/span><\/p>\n<p><span style=\"color: #808080;\">ISBN: 978-956-6043-15-7<\/span><\/p>\n<p><span style=\"color: #808080;\">DOI: <a href=\"https:\/\/doi.org\/10.32735\/978-956-6043-15-7\/2020\" target=\"_blank\" rel=\"noopener noreferrer\">https:\/\/doi.org\/10.32735\/978-956-6043-15-7\/2020<\/a><\/span><\/p>\n<p><span style=\"color: #808080;\">Descarga disponible<\/span><\/p>\n<p><a href=\"http:\/\/editorial.ulagos.cl\/wp-content\/uploads\/2021\/04\/Equipo-huemul.epub\" target=\"_blank\" rel=\"noopener noreferrer\" data-lity=\"\" data-title=\"\"><img decoding=\"async\" loading=\"lazy\" class=\"img-responsive alignnone\" style=\"width: 78px; height: 87px;\" src=\"http:\/\/editorial.ulagos.cl\/wp-content\/uploads\/2021\/04\/epublogo2-e1619630843234.jpg\" alt=\"none\" width=\"377\" height=\"422\" \/><\/a><\/p>\n<p><a href=\"http:\/\/editorial.ulagos.cl\/wp-content\/uploads\/2021\/06\/Equipo-huemul.pdf\" target=\"_blank\" rel=\"noopener noreferrer\"><img decoding=\"async\" loading=\"lazy\" class=\"img-responsive alignnone\" style=\"width: 73px; height: 73px;\" src=\"http:\/\/editorial.ulagos.cl\/wp-content\/uploads\/2021\/04\/pdflogo-e1620831312474.jpg\" alt=\"none\" width=\"300\" height=\"300\" \/><\/a>[\/vc_column_text][\/vc_column][vc_column width=\u00bb1\/2&#8243;][vc_single_image image=\u00bb1238&#8243; img_size=\u00bblarge\u00bb][\/vc_column][\/vc_row]<\/p>\n","protected":false},"excerpt":{"rendered":"<p>[vc_row][vc_column width=\u00bb1\/2&#8243;][vc_column_text] Rodrigo Torres Emilia, profesora de una escuela rural en Punta Arenas, al ver que los alumnos de su clase no se llevan bien entre s\u00ed, decide realizar un juego en el cual los ni\u00f1os deber\u00e1n descubrir un tesoro a la vez que pueden aprender a socializar. Con la ayuda de padres y apoderados, [&hellip;]<\/p>\n","protected":false},"author":2,"featured_media":0,"parent":0,"menu_order":0,"comment_status":"closed","ping_status":"closed","template":"","meta":[],"categories":[],"tags":[],"_links":{"self":[{"href":"https:\/\/editorial.ulagos.cl\/home\/wp-json\/wp\/v2\/pages\/1237"}],"collection":[{"href":"https:\/\/editorial.ulagos.cl\/home\/wp-json\/wp\/v2\/pages"}],"about":[{"href":"https:\/\/editorial.ulagos.cl\/home\/wp-json\/wp\/v2\/types\/page"}],"author":[{"embeddable":true,"href":"https:\/\/editorial.ulagos.cl\/home\/wp-json\/wp\/v2\/users\/2"}],"replies":[{"embeddable":true,"href":"https:\/\/editorial.ulagos.cl\/home\/wp-json\/wp\/v2\/comments?post=1237"}],"version-history":[{"count":13,"href":"https:\/\/editorial.ulagos.cl\/home\/wp-json\/wp\/v2\/pages\/1237\/revisions"}],"predecessor-version":[{"id":1374,"href":"https:\/\/editorial.ulagos.cl\/home\/wp-json\/wp\/v2\/pages\/1237\/revisions\/1374"}],"wp:attachment":[{"href":"https:\/\/editorial.ulagos.cl\/home\/wp-json\/wp\/v2\/media?parent=1237"}],"wp:term":[{"taxonomy":"category","embeddable":true,"href":"https:\/\/editorial.ulagos.cl\/home\/wp-json\/wp\/v2\/categories?post=1237"},{"taxonomy":"post_tag","embeddable":true,"href":"https:\/\/editorial.ulagos.cl\/home\/wp-json\/wp\/v2\/tags?post=1237"}],"curies":[{"name":"wp","href":"https:\/\/api.w.org\/{rel}","templated":true}]}}