{"id":1251,"date":"2021-05-05T15:41:31","date_gmt":"2021-05-05T13:41:31","guid":{"rendered":"http:\/\/editorial.ulagos.cl\/?page_id=1251"},"modified":"2021-06-01T21:04:59","modified_gmt":"2021-06-01T19:04:59","slug":"cruzandolacordillera","status":"publish","type":"page","link":"https:\/\/editorial.ulagos.cl\/home\/cruzandolacordillera\/","title":{"rendered":"Cruzando la Cordillera"},"content":{"rendered":"<p>[vc_row][vc_column width=\u00bb1\/2&#8243;][vc_column_text]<\/p>\n<h2><span style=\"color: #808080;\">La Frontera argentino-chilena como espacio social<\/span><\/h2>\n<h3><span style=\"color: #808080;\">Susana Bandieri<\/span><\/h3>\n<p>Se re\u00fanen aqu\u00ed una serie de estudios sobre el funcionamiento de la frontera argentino-chilena como espacio social, mostrando la complejidad de un fen\u00f3meno de larga duraci\u00f3n y significativa presencia en los \u00e1mbitos andinos. El contenido se estructur\u00f3 en tres secciones tem\u00e1ticas para evitar un tratamiento exclusivamente cronol\u00f3gico y espacial. As\u00ed, en la primera parte -Conflictos y convivencias en tiempos de cambio-, se reunieron trabajos que analizan las relaciones inter e intra\u00e9tnicas en el per\u00edodo que se extiende entre la etapa tardo-colonial y fines de la primera mitad del siglo XIX. Actores y escenarios aparecen aqu\u00ed representados como protagonistas de dif\u00edciles tiempos de transici\u00f3n pol\u00edtica, cuando las ideas revolucionarias conviv\u00edan con la herencia colonial, en un ejemplo claramente representativo de la complejidad del mundo fronterizo y la din\u00e1mica de las alianzas era expresi\u00f3n del cambio de situaci\u00f3n y de las consecuentes luchas hegem\u00f3nicas por controlar el espacio cordillerano y extra-cordillerano. En la segunda secci\u00f3n \u2013Fronteras y sujetos fronterizos: im\u00e1genes y estereotipos-, se incluye un sugestivo n\u00famero de trabajos que, desde distintas \u00f3pticas, analizan la construcci\u00f3n de im\u00e1genes estatales e historiogr\u00e1ficas sobre la frontera, as\u00ed como su proyecci\u00f3n sobre los sujetos involucrados y la percepci\u00f3n que estos \u00faltimos tienen sobre su propia identidad. La tercera secci\u00f3n \u2013Circulaci\u00f3n de hombres y bienes: din\u00e1mica fronteriza e integraci\u00f3n regional-, re\u00fane los trabajos que, de norte a sur de los Andes, reconstruyen el funcionamiento de los espacios regionales fronterizos con sus propias din\u00e1micas, caracter\u00edsticas y periodizaci\u00f3n a lo largo de los siglos XIX y XX. Creemos de esta manera aportar al conocimiento de las historias nacionales de ambos pa\u00edses, en general construidas \u201cde espaldas a la cordillera\u201d.<\/p>\n<p>&nbsp;<\/p>\n<p><span style=\"color: #808080;\">ISBN: 978-956-6043-12-6<\/span><\/p>\n<p><span style=\"color: #808080;\">DOI: <a href=\"https:\/\/doi.org\/10.32735\/978-956-6043-12-6-2020\" target=\"_blank\" rel=\"noopener noreferrer\">https:\/\/doi.org\/10.32735\/978-956-6043-12-6-2020<\/a><\/span><\/p>\n<p><span style=\"color: #808080;\">Descarga disponible<\/span><\/p>\n<p><a href=\"http:\/\/editorial.ulagos.cl\/wp-content\/uploads\/2021\/04\/Cruzando-la-cordillera.epub\" data-lity=\"\" data-title=\"\"><img decoding=\"async\" class=\"img-responsive\" style=\"width: 78px; height: 87px;\" src=\"http:\/\/editorial.ulagos.cl\/wp-content\/uploads\/2021\/04\/epublogo2-e1619630843234.jpg\" alt=\"none\" \/><\/a><\/p>\n<p><a href=\"http:\/\/editorial.ulagos.cl\/wp-content\/uploads\/2021\/06\/Cruzando-la-cordillera.pdf\" target=\"_blank\" rel=\"noopener noreferrer\"><img decoding=\"async\" loading=\"lazy\" class=\"img-responsive alignnone\" style=\"width: 71px; height: 71px;\" src=\"http:\/\/editorial.ulagos.cl\/wp-content\/uploads\/2021\/04\/pdflogo-e1620831312474.jpg\" alt=\"none\" width=\"300\" height=\"300\" \/><\/a>[\/vc_column_text][\/vc_column][vc_column width=\u00bb1\/2&#8243;][vc_single_image image=\u00bb1252&#8243; img_size=\u00bblarge\u00bb][\/vc_column][\/vc_row]<\/p>\n","protected":false},"excerpt":{"rendered":"<p>[vc_row][vc_column width=\u00bb1\/2&#8243;][vc_column_text] La Frontera argentino-chilena como espacio social Susana Bandieri Se re\u00fanen aqu\u00ed una serie de estudios sobre el funcionamiento de la frontera argentino-chilena como espacio social, mostrando la complejidad de un fen\u00f3meno de larga duraci\u00f3n y significativa presencia en los \u00e1mbitos andinos. El contenido se estructur\u00f3 en tres secciones tem\u00e1ticas para evitar un tratamiento [&hellip;]<\/p>\n","protected":false},"author":2,"featured_media":0,"parent":0,"menu_order":0,"comment_status":"closed","ping_status":"closed","template":"","meta":[],"categories":[],"tags":[],"_links":{"self":[{"href":"https:\/\/editorial.ulagos.cl\/home\/wp-json\/wp\/v2\/pages\/1251"}],"collection":[{"href":"https:\/\/editorial.ulagos.cl\/home\/wp-json\/wp\/v2\/pages"}],"about":[{"href":"https:\/\/editorial.ulagos.cl\/home\/wp-json\/wp\/v2\/types\/page"}],"author":[{"embeddable":true,"href":"https:\/\/editorial.ulagos.cl\/home\/wp-json\/wp\/v2\/users\/2"}],"replies":[{"embeddable":true,"href":"https:\/\/editorial.ulagos.cl\/home\/wp-json\/wp\/v2\/comments?post=1251"}],"version-history":[{"count":8,"href":"https:\/\/editorial.ulagos.cl\/home\/wp-json\/wp\/v2\/pages\/1251\/revisions"}],"predecessor-version":[{"id":1473,"href":"https:\/\/editorial.ulagos.cl\/home\/wp-json\/wp\/v2\/pages\/1251\/revisions\/1473"}],"wp:attachment":[{"href":"https:\/\/editorial.ulagos.cl\/home\/wp-json\/wp\/v2\/media?parent=1251"}],"wp:term":[{"taxonomy":"category","embeddable":true,"href":"https:\/\/editorial.ulagos.cl\/home\/wp-json\/wp\/v2\/categories?post=1251"},{"taxonomy":"post_tag","embeddable":true,"href":"https:\/\/editorial.ulagos.cl\/home\/wp-json\/wp\/v2\/tags?post=1251"}],"curies":[{"name":"wp","href":"https:\/\/api.w.org\/{rel}","templated":true}]}}