{"id":1256,"date":"2021-05-13T00:24:47","date_gmt":"2021-05-12T22:24:47","guid":{"rendered":"http:\/\/editorial.ulagos.cl\/?page_id=1256"},"modified":"2021-05-31T22:04:33","modified_gmt":"2021-05-31T20:04:33","slug":"relatos-sobre-arte-contemporaneo","status":"publish","type":"page","link":"https:\/\/editorial.ulagos.cl\/home\/relatos-sobre-arte-contemporaneo\/","title":{"rendered":"RELATOS SOBRE ARTE CONTEMPOR\u00c1NEO. Est\u00e9ticas de la presencia en la obra de Alfredo Jaar."},"content":{"rendered":"<p>[vc_row][vc_column width=\u00bb1\/2&#8243;][vc_column_text]<\/p>\n<h3><span style=\"color: #808080;\">Jorge Ferrada<\/span><\/h3>\n<p><span style=\"color: #808080;\">Escribir este libro sobre la impronta est\u00e9tica\/pol\u00edtica en las obras de Alfredo Jaar, abre un acceso al pensar filos\u00f3fico y a la maravillosa experiencia especulativa de situarnos en un mundo de im\u00e1genes que nos han dejado sin asombro en su espectacularidad medi\u00e1tica. Jaar como artista contempor\u00e1neo, sobre-coge las cartograf\u00edas modernas al (re)presentar en sus obras, un ciego mundo indiferente que pareciera padecer ante el olvido de la pobreza. La instalaci\u00f3n Lights in the City, correspondi\u00f3 a un proyecto art\u00edstico, realizado por Alfredo Jaar, en el a\u00f1o 1999, en la ciudad de Montreal. Esta obra consisti\u00f3 en una intervenci\u00f3n p\u00fablica, que utilizaba un dispositivo de iluminaci\u00f3n sobre un edificio monumental al interior de uno de los sectores urbanos m\u00e1s recordados de la ciudad -el monumento arquitect\u00f3nico, fue en su momento, el lugar del parlamento canadiense-. <\/span><br \/>\n<span style=\"color: #808080;\">Jaar concibi\u00f3 la brillantez de la c\u00fapula, como un momento pregnante, que recordaba a cientos de hombres despose\u00eddos y sin hogar en una de las ciudades m\u00e1s desarrolladas del mundo capitalista.<\/span><\/p>\n<p><span style=\"color: #808080;\">ISBN: 978-956-6043-13-3<\/span><\/p>\n<p><span style=\"color: #808080;\">DOI: <a href=\"https:\/\/doi.org\/10.32735\/978-956-6043-13-3-2020\">doi.org\/10.32735\/978-956-6043-13-3-2020<\/a><\/span><\/p>\n<p><span style=\"color: #808080;\">Descarga disponible<\/span><\/p>\n<p><a href=\"http:\/\/editorial.ulagos.cl\/wp-content\/uploads\/2021\/04\/epublogo2-e1619630843234.jpg\" data-lity=\"\" data-title=\"\"> \u00a0<\/a><a href=\"http:\/\/editorial.ulagos.cl\/wp-content\/uploads\/2021\/05\/Relatos-sobre-arte-contemporaneo.epub\" target=\"_blank\" rel=\"noopener noreferrer\"><img decoding=\"async\" loading=\"lazy\" class=\"img-responsive alignnone\" style=\"width: 56px; height: 62px;\" src=\"http:\/\/editorial.ulagos.cl\/wp-content\/uploads\/2021\/04\/epublogo2-e1619630843234.jpg\" alt=\"none\" width=\"377\" height=\"422\" \/><\/a><a href=\"http:\/\/editorial.ulagos.cl\/wp-content\/uploads\/2021\/05\/Relatos-sobre-arte-contemporaneo.epub\" target=\"_blank\" rel=\"noopener noreferrer\">Relatos sobre arte contemporaneo<\/a><\/p>\n<p><a href=\"http:\/\/editorial.ulagos.cl\/wp-content\/uploads\/2021\/04\/pdflogo-e1620831312474.jpg\" data-lity=\"\" data-title=\"\">\u00a0<\/a><a href=\"http:\/\/editorial.ulagos.cl\/wp-content\/uploads\/2021\/05\/Relatos-sobre-arte-contemporaneo.pdf\" target=\"_blank\" rel=\"noopener noreferrer\" data-lity=\"\" data-title=\"\"><img decoding=\"async\" loading=\"lazy\" class=\"img-responsive alignnone\" style=\"width: 52px; height: 52px;\" src=\"http:\/\/editorial.ulagos.cl\/wp-content\/uploads\/2021\/04\/pdflogo-e1620831312474.jpg\" alt=\"none\" width=\"300\" height=\"300\" \/><\/a><a href=\"http:\/\/editorial.ulagos.cl\/wp-content\/uploads\/2021\/05\/Relatos-sobre-arte-contemporaneo.pdf\" target=\"_blank\" rel=\"noopener noreferrer\">Relatos sobre arte contemporaneo<\/a>[\/vc_column_text][\/vc_column][vc_column width=\u00bb1\/2&#8243;][vc_single_image image=\u00bb1257&#8243; img_size=\u00bblarge\u00bb][\/vc_column][\/vc_row]<\/p>\n","protected":false},"excerpt":{"rendered":"<p>[vc_row][vc_column width=\u00bb1\/2&#8243;][vc_column_text] Jorge Ferrada Escribir este libro sobre la impronta est\u00e9tica\/pol\u00edtica en las obras de Alfredo Jaar, abre un acceso al pensar filos\u00f3fico y a la maravillosa experiencia especulativa de situarnos en un mundo de im\u00e1genes que nos han dejado sin asombro en su espectacularidad medi\u00e1tica. Jaar como artista contempor\u00e1neo, sobre-coge las cartograf\u00edas modernas al [&hellip;]<\/p>\n","protected":false},"author":2,"featured_media":0,"parent":0,"menu_order":0,"comment_status":"closed","ping_status":"closed","template":"","meta":[],"categories":[],"tags":[],"_links":{"self":[{"href":"https:\/\/editorial.ulagos.cl\/home\/wp-json\/wp\/v2\/pages\/1256"}],"collection":[{"href":"https:\/\/editorial.ulagos.cl\/home\/wp-json\/wp\/v2\/pages"}],"about":[{"href":"https:\/\/editorial.ulagos.cl\/home\/wp-json\/wp\/v2\/types\/page"}],"author":[{"embeddable":true,"href":"https:\/\/editorial.ulagos.cl\/home\/wp-json\/wp\/v2\/users\/2"}],"replies":[{"embeddable":true,"href":"https:\/\/editorial.ulagos.cl\/home\/wp-json\/wp\/v2\/comments?post=1256"}],"version-history":[{"count":8,"href":"https:\/\/editorial.ulagos.cl\/home\/wp-json\/wp\/v2\/pages\/1256\/revisions"}],"predecessor-version":[{"id":1448,"href":"https:\/\/editorial.ulagos.cl\/home\/wp-json\/wp\/v2\/pages\/1256\/revisions\/1448"}],"wp:attachment":[{"href":"https:\/\/editorial.ulagos.cl\/home\/wp-json\/wp\/v2\/media?parent=1256"}],"wp:term":[{"taxonomy":"category","embeddable":true,"href":"https:\/\/editorial.ulagos.cl\/home\/wp-json\/wp\/v2\/categories?post=1256"},{"taxonomy":"post_tag","embeddable":true,"href":"https:\/\/editorial.ulagos.cl\/home\/wp-json\/wp\/v2\/tags?post=1256"}],"curies":[{"name":"wp","href":"https:\/\/api.w.org\/{rel}","templated":true}]}}