{"id":1261,"date":"2021-05-05T18:22:03","date_gmt":"2021-05-05T16:22:03","guid":{"rendered":"http:\/\/editorial.ulagos.cl\/?page_id=1261"},"modified":"2024-10-07T16:14:36","modified_gmt":"2024-10-07T19:14:36","slug":"entreeldolorylaira","status":"publish","type":"page","link":"https:\/\/editorial.ulagos.cl\/home\/entreeldolorylaira\/","title":{"rendered":"ENTRE EL DOLOR Y LA IRA"},"content":{"rendered":"<p>[vc_row][vc_column width=\u00bb1\/2&#8243;][vc_column_text]<\/p>\n<h3><span style=\"color: #000000;\">La venganza de Antonio Ram\u00f3n Ram\u00f3n. Chile 1914<\/span><\/h3>\n<h4><span style=\"color: #000000;\">Igor Goicovic<\/span><\/h4>\n<p><span style=\"color: #000000;\">En este estudio nos proponemos analizar, en perspectiva hist\u00f3rica, la reacci\u00f3n intuitiva de un ofendido frente a un hecho de caracter\u00edsticas similares. Antonio Ram\u00f3n Ram\u00f3n, en diciembre de 1914, al intentar asesinar al general Roberto Silva Renard, responsable de la matanza obrera de la Escuela Domingo Santa Mar\u00eda de Iquique (1907), vindicaba no s\u00f3lo a su hermano ca\u00eddo en el funesto evento, sino que tambi\u00e9n a los cientos de trabajadores segados por las ametralladoras del ej\u00e9rcito chileno. <\/span><\/p>\n<p><span style=\"color: #000000;\">ISBN: 978-956-6043-11-9<\/span><\/p>\n<p><span style=\"color: #000000;\">DOI: <a style=\"color: #000000;\" href=\"https:\/\/doi.org\/10.32735\/978-956-6043-11-9-2020\" target=\"_blank\" rel=\"noopener noreferrer\">https:\/\/doi.org\/10.32735\/978-956-6043-11-9-2020<\/a><\/span><\/p>\n<p><span style=\"color: #000000;\">Descarga disponible<\/span><\/p>\n<p><a href=\"http:\/\/editorial.ulagos.cl\/wp-content\/uploads\/2021\/04\/Entre-el-dolor-y-la-ira.epub\" target=\"_blank\" rel=\"noopener noreferrer\" data-lity=\"\" data-title=\"\"><img decoding=\"async\" loading=\"lazy\" class=\"img-responsive alignnone\" style=\"width: 78px; height: 87px;\" src=\"http:\/\/editorial.ulagos.cl\/wp-content\/uploads\/2021\/04\/epublogo2-e1619630843234.jpg\" alt=\"none\" width=\"377\" height=\"422\" \/><\/a><\/p>\n<p><a href=\"http:\/\/editorial.ulagos.cl\/wp-content\/uploads\/2021\/05\/Entre-el-dolor-y-la-ira.pdf\" target=\"_blank\" rel=\"noopener noreferrer\" data-lity=\"\" data-title=\"\"><img decoding=\"async\" loading=\"lazy\" class=\"img-responsive alignnone\" style=\"width: 81px; height: 81px;\" src=\"http:\/\/editorial.ulagos.cl\/wp-content\/uploads\/2021\/04\/pdflogo.jpg\" alt=\"none\" width=\"900\" height=\"900\" \/><\/a><\/p>\n<p>&nbsp;<\/p>\n<p><strong>Libro Impreso AGOTADO<\/strong>[\/vc_column_text][\/vc_column][vc_column width=\u00bb1\/2&#8243;][vc_single_image image=\u00bb1262&#8243; img_size=\u00bblarge\u00bb][\/vc_column][\/vc_row]<\/p>\n","protected":false},"excerpt":{"rendered":"<p>[vc_row][vc_column width=\u00bb1\/2&#8243;][vc_column_text] La venganza de Antonio Ram\u00f3n Ram\u00f3n. Chile 1914 Igor Goicovic En este estudio nos proponemos analizar, en perspectiva hist\u00f3rica, la reacci\u00f3n intuitiva de un ofendido frente a un hecho de caracter\u00edsticas similares. Antonio Ram\u00f3n Ram\u00f3n, en diciembre de 1914, al intentar asesinar al general Roberto Silva Renard, responsable de la matanza obrera de [&hellip;]<\/p>\n","protected":false},"author":2,"featured_media":0,"parent":0,"menu_order":0,"comment_status":"closed","ping_status":"closed","template":"","meta":[],"categories":[20],"tags":[],"_links":{"self":[{"href":"https:\/\/editorial.ulagos.cl\/home\/wp-json\/wp\/v2\/pages\/1261"}],"collection":[{"href":"https:\/\/editorial.ulagos.cl\/home\/wp-json\/wp\/v2\/pages"}],"about":[{"href":"https:\/\/editorial.ulagos.cl\/home\/wp-json\/wp\/v2\/types\/page"}],"author":[{"embeddable":true,"href":"https:\/\/editorial.ulagos.cl\/home\/wp-json\/wp\/v2\/users\/2"}],"replies":[{"embeddable":true,"href":"https:\/\/editorial.ulagos.cl\/home\/wp-json\/wp\/v2\/comments?post=1261"}],"version-history":[{"count":7,"href":"https:\/\/editorial.ulagos.cl\/home\/wp-json\/wp\/v2\/pages\/1261\/revisions"}],"predecessor-version":[{"id":2072,"href":"https:\/\/editorial.ulagos.cl\/home\/wp-json\/wp\/v2\/pages\/1261\/revisions\/2072"}],"wp:attachment":[{"href":"https:\/\/editorial.ulagos.cl\/home\/wp-json\/wp\/v2\/media?parent=1261"}],"wp:term":[{"taxonomy":"category","embeddable":true,"href":"https:\/\/editorial.ulagos.cl\/home\/wp-json\/wp\/v2\/categories?post=1261"},{"taxonomy":"post_tag","embeddable":true,"href":"https:\/\/editorial.ulagos.cl\/home\/wp-json\/wp\/v2\/tags?post=1261"}],"curies":[{"name":"wp","href":"https:\/\/api.w.org\/{rel}","templated":true}]}}