{"id":1292,"date":"2021-04-28T23:03:48","date_gmt":"2021-04-28T21:03:48","guid":{"rendered":"http:\/\/editorial.ulagos.cl\/?page_id=1292"},"modified":"2021-05-31T22:05:26","modified_gmt":"2021-05-31T20:05:26","slug":"manual-de-signos-vitales-en-la-poblacionpediatrica","status":"publish","type":"page","link":"https:\/\/editorial.ulagos.cl\/home\/manual-de-signos-vitales-en-la-poblacionpediatrica\/","title":{"rendered":"MANUAL DE SIGNOS VITALES EN LA POBLACI\u00d3N PEDI\u00c1TRICA"},"content":{"rendered":"<p>[vc_row][vc_column width=\u00bb1\/2&#8243;][vc_column_text]<\/p>\n<h3><span style=\"color: #808080;\">Wilfredo Leyton Lazo &amp; Clara L\u00f3pez Andrade<\/span><\/h3>\n<p><span style=\"color: #808080;\">El manual de signos vitales en la poblaci\u00f3n infantil tiene por principal objetivo convertirse en un material de consulta seguro y de referencia para el profesional en formaci\u00f3n, acad\u00e9mico y cl\u00ednico en el \u00e1mbito de salud infantil de atenci\u00f3n abierta y atenci\u00f3n cerrada en salud.<\/span><\/p>\n<p><span style=\"color: #808080;\">Este manual tiene por objetivo ser un documento de consulta y orientaci\u00f3n para todos los estudiantes, docentes y profesionales de la salud que realicen atenci\u00f3n directa, ya sea en el ejercicio de pregrado o profesional.<\/span><\/p>\n<p>&nbsp;<\/p>\n<p><span style=\"color: #808080;\">ISBN: 978-956-6043-18-8<\/span><\/p>\n<p><span style=\"color: #808080;\">DOI: <a href=\"https:\/\/doi.org\/10.32735\/978-956-6043-18-8\/2020\" target=\"_blank\" rel=\"noopener noreferrer\">https:\/\/doi.org\/10.32735\/978-956-6043-18-8\/2020<\/a><\/span><\/p>\n<p>&nbsp;<\/p>\n<p><a href=\"http:\/\/editorial.ulagos.cl\/wp-content\/uploads\/2021\/04\/Manual-de-signos-vitales-en-la-poblacion-pediatrica.pdf\" target=\"_blank\" rel=\"noopener noreferrer\" data-lity=\"\" data-title=\"\"><img decoding=\"async\" loading=\"lazy\" class=\"img-responsive alignnone\" style=\"width: 52px; height: 52px;\" src=\"http:\/\/editorial.ulagos.cl\/wp-content\/uploads\/2021\/04\/pdflogo.jpg\" alt=\"none\" width=\"900\" height=\"900\" \/><\/a>[\/vc_column_text][\/vc_column][vc_column width=\u00bb1\/2&#8243;][vc_single_image image=\u00bb1294&#8243; img_size=\u00bblarge\u00bb][\/vc_column][\/vc_row]<\/p>\n","protected":false},"excerpt":{"rendered":"<p>[vc_row][vc_column width=\u00bb1\/2&#8243;][vc_column_text] Wilfredo Leyton Lazo &amp; Clara L\u00f3pez Andrade El manual de signos vitales en la poblaci\u00f3n infantil tiene por principal objetivo convertirse en un material de consulta seguro y de referencia para el profesional en formaci\u00f3n, acad\u00e9mico y cl\u00ednico en el \u00e1mbito de salud infantil de atenci\u00f3n abierta y atenci\u00f3n cerrada en salud. Este [&hellip;]<\/p>\n","protected":false},"author":2,"featured_media":0,"parent":0,"menu_order":0,"comment_status":"closed","ping_status":"closed","template":"","meta":[],"categories":[],"tags":[],"_links":{"self":[{"href":"https:\/\/editorial.ulagos.cl\/home\/wp-json\/wp\/v2\/pages\/1292"}],"collection":[{"href":"https:\/\/editorial.ulagos.cl\/home\/wp-json\/wp\/v2\/pages"}],"about":[{"href":"https:\/\/editorial.ulagos.cl\/home\/wp-json\/wp\/v2\/types\/page"}],"author":[{"embeddable":true,"href":"https:\/\/editorial.ulagos.cl\/home\/wp-json\/wp\/v2\/users\/2"}],"replies":[{"embeddable":true,"href":"https:\/\/editorial.ulagos.cl\/home\/wp-json\/wp\/v2\/comments?post=1292"}],"version-history":[{"count":4,"href":"https:\/\/editorial.ulagos.cl\/home\/wp-json\/wp\/v2\/pages\/1292\/revisions"}],"predecessor-version":[{"id":1469,"href":"https:\/\/editorial.ulagos.cl\/home\/wp-json\/wp\/v2\/pages\/1292\/revisions\/1469"}],"wp:attachment":[{"href":"https:\/\/editorial.ulagos.cl\/home\/wp-json\/wp\/v2\/media?parent=1292"}],"wp:term":[{"taxonomy":"category","embeddable":true,"href":"https:\/\/editorial.ulagos.cl\/home\/wp-json\/wp\/v2\/categories?post=1292"},{"taxonomy":"post_tag","embeddable":true,"href":"https:\/\/editorial.ulagos.cl\/home\/wp-json\/wp\/v2\/tags?post=1292"}],"curies":[{"name":"wp","href":"https:\/\/api.w.org\/{rel}","templated":true}]}}