{"id":1311,"date":"2021-05-05T15:47:44","date_gmt":"2021-05-05T13:47:44","guid":{"rendered":"http:\/\/editorial.ulagos.cl\/?page_id=1311"},"modified":"2021-06-01T21:07:33","modified_gmt":"2021-06-01T19:07:33","slug":"poraquipasoneruda","status":"publish","type":"page","link":"https:\/\/editorial.ulagos.cl\/home\/poraquipasoneruda\/","title":{"rendered":"Por aqu\u00ed pas\u00f3 Neruda"},"content":{"rendered":"<p>[vc_row][vc_column width=\u00bb1\/2&#8243;][vc_column_text]<\/p>\n<h3><span style=\"color: #808080;\">Pablo Bestard<\/span><\/h3>\n<p><span style=\"color: #808080;\">El lector podr\u00e1 conocer la presencia de holandeses y Boers en Hua Hum, el inicio de actividades tur\u00edsticas y recreativas en el mismo lugar, las actividades forestales y entomol\u00f3gicas de un exiliado por la revoluci\u00f3n rusa, la historia del Paso Ilpela, o paso de los contrabandistas, registrada en cr\u00f3nicas y, primordialmente, la urdimbre del escape del premio nobel por ese paso milagroso y salvador que encierra historia y misterios.<\/span><\/p>\n<p><span style=\"color: #808080;\">Esta coedici\u00f3n del libro surge del esfuerzo editorial de dos universidades de pa\u00edses vecinos, labor que abre al p\u00fablico de ambas partes de la cordillera, una p\u00e1gina a la vez sentida y fascinante del gran libro no escrito de la Patagonia. Obra que seguir\u00e1 siendo reescrita y completada por aquellas generaciones que sientan estas historias como parte de su vida y cada nombre u objeto como elemento esencial de nuestros pueblos.<\/span><\/p>\n<p>&nbsp;<\/p>\n<p><span style=\"color: #808080;\">ISBN: 978-956-6043-21-8<\/span><\/p>\n<p><span style=\"color: #808080;\">DOI: <a href=\"https:\/\/doi.org\/10.32735\/978-956-6043-21-8-2020\" target=\"_blank\" rel=\"noopener noreferrer\">https:\/\/doi.org\/10.32735\/978-956-6043-21-8-2020<\/a><\/span><\/p>\n<p><a href=\"http:\/\/editorial.ulagos.cl\/wp-content\/uploads\/2021\/04\/Por-aqui-paso-Neruda.epub\" target=\"_blank\" rel=\"noopener noreferrer\" data-lity=\"\" data-title=\"\"><img decoding=\"async\" loading=\"lazy\" class=\"img-responsive alignnone\" style=\"width: 64px; height: 72px;\" src=\"http:\/\/editorial.ulagos.cl\/wp-content\/uploads\/2021\/04\/epublogo2-e1619630843234.jpg\" alt=\"none\" width=\"377\" height=\"422\" \/><\/a><\/p>\n<p><a href=\"http:\/\/editorial.ulagos.cl\/wp-content\/uploads\/2021\/06\/Por-aqui-paso-Neruda.pdf\" target=\"_blank\" rel=\"noopener noreferrer\" data-lity=\"\" data-title=\"\"><img decoding=\"async\" loading=\"lazy\" class=\"img-responsive alignnone\" style=\"width: 65px; height: 65px;\" src=\"http:\/\/editorial.ulagos.cl\/wp-content\/uploads\/2021\/04\/pdflogo-e1620831312474.jpg\" alt=\"none\" width=\"300\" height=\"300\" \/><\/a>[\/vc_column_text][\/vc_column][vc_column width=\u00bb1\/2&#8243;][vc_single_image image=\u00bb1312&#8243; img_size=\u00bbmedium\u00bb][\/vc_column][\/vc_row]<\/p>\n","protected":false},"excerpt":{"rendered":"<p>[vc_row][vc_column width=\u00bb1\/2&#8243;][vc_column_text] Pablo Bestard El lector podr\u00e1 conocer la presencia de holandeses y Boers en Hua Hum, el inicio de actividades tur\u00edsticas y recreativas en el mismo lugar, las actividades forestales y entomol\u00f3gicas de un exiliado por la revoluci\u00f3n rusa, la historia del Paso Ilpela, o paso de los contrabandistas, registrada en cr\u00f3nicas y, primordialmente, [&hellip;]<\/p>\n","protected":false},"author":2,"featured_media":0,"parent":0,"menu_order":0,"comment_status":"closed","ping_status":"closed","template":"","meta":[],"categories":[],"tags":[],"_links":{"self":[{"href":"https:\/\/editorial.ulagos.cl\/home\/wp-json\/wp\/v2\/pages\/1311"}],"collection":[{"href":"https:\/\/editorial.ulagos.cl\/home\/wp-json\/wp\/v2\/pages"}],"about":[{"href":"https:\/\/editorial.ulagos.cl\/home\/wp-json\/wp\/v2\/types\/page"}],"author":[{"embeddable":true,"href":"https:\/\/editorial.ulagos.cl\/home\/wp-json\/wp\/v2\/users\/2"}],"replies":[{"embeddable":true,"href":"https:\/\/editorial.ulagos.cl\/home\/wp-json\/wp\/v2\/comments?post=1311"}],"version-history":[{"count":7,"href":"https:\/\/editorial.ulagos.cl\/home\/wp-json\/wp\/v2\/pages\/1311\/revisions"}],"predecessor-version":[{"id":1382,"href":"https:\/\/editorial.ulagos.cl\/home\/wp-json\/wp\/v2\/pages\/1311\/revisions\/1382"}],"wp:attachment":[{"href":"https:\/\/editorial.ulagos.cl\/home\/wp-json\/wp\/v2\/media?parent=1311"}],"wp:term":[{"taxonomy":"category","embeddable":true,"href":"https:\/\/editorial.ulagos.cl\/home\/wp-json\/wp\/v2\/categories?post=1311"},{"taxonomy":"post_tag","embeddable":true,"href":"https:\/\/editorial.ulagos.cl\/home\/wp-json\/wp\/v2\/tags?post=1311"}],"curies":[{"name":"wp","href":"https:\/\/api.w.org\/{rel}","templated":true}]}}