{"id":1318,"date":"2021-05-05T16:57:09","date_gmt":"2021-05-05T14:57:09","guid":{"rendered":"http:\/\/editorial.ulagos.cl\/?page_id=1318"},"modified":"2021-05-31T21:57:09","modified_gmt":"2021-05-31T19:57:09","slug":"wechemapu-3","status":"publish","type":"page","link":"https:\/\/editorial.ulagos.cl\/home\/wechemapu-3\/","title":{"rendered":"Wechemapu"},"content":{"rendered":"<p>[vc_row][vc_column width=\u00bb1\/2&#8243;][vc_column_text]<\/p>\n<h2><span style=\"color: #808080;\">Autobiograf\u00eda de un imaginario<\/span><\/h2>\n<p>&nbsp;<\/p>\n<h3><span style=\"color: #808080;\">Iris Rumi\u00e1n Lemuy y Ponciano Rumi\u00e1n Lemuy<\/span><\/h3>\n<p>Wechemapu, significa el nuevo canto de la tierra, afinado a la rima de los tiempos, para expresar en su poes\u00eda la vivencia y la cotidianeidad de los pe\u00f1i y lamuen de la mapu. Con canciones que hablan de creencias y sentimientos, de pesares y alegr\u00edas, y de invitaci\u00f3n a crecer y a creer, a trav\u00e9s de los ecos arm\u00f3nicos del cosmos williche, que se entremezclan entre el k\u00fcltrasralitu y la guitarra, el bandio y la trutruka, con voces que surgen de la inflexi\u00f3n de los cerros precordilleranos del antiguo territorio de los K\u00fcnko, en la gran F\u00fctawillimapu.<\/p>\n<p>En estas hojas compartimos algunos de los hitos m\u00e1s importantes que recordamos y que creemos son necesarios para conocer un poco el esp\u00edritu de Wechemapu. Nuestra intenci\u00f3n es plasmar en la memoria que no solo hemos sido un canto o una melod\u00eda, sino un peque\u00f1o escenario, una escuelita para compartir saberes y dolores en un tiempo en que estaban sesgadas todas las libertades, aunque eso hoy no ha cambiado mucho. Estas l\u00edneas son contar que Wechemapu ha sido un espacio para reconstruir y construir un ideario en torno a una realidad que estaba olvidada y reprimida en su m\u00e1xima expresi\u00f3n.<\/p>\n<p>&nbsp;<\/p>\n<p><span style=\"color: #808080;\">ISBN: 978-956-6043-25-6<\/span><\/p>\n<p><span style=\"color: #808080;\">DOI: <a href=\"https:\/\/doi.org\/10.32735\/978-956-6043-25-6-2020\">https:\/\/doi.org\/10.32735\/978-956-6043-25-6-2020<\/a><\/span><\/p>\n<p><a href=\"http:\/\/editorial.ulagos.cl\/wp-content\/uploads\/2021\/05\/wechemapu.epub\" target=\"_blank\" rel=\"noopener noreferrer\" data-lity=\"\" data-title=\"\"><img decoding=\"async\" loading=\"lazy\" class=\"img-responsive alignnone\" style=\"width: 58px; height: 65px;\" src=\"http:\/\/editorial.ulagos.cl\/wp-content\/uploads\/2021\/04\/epublogo2-e1619630843234.jpg\" alt=\"none\" width=\"377\" height=\"422\" \/><\/a><\/p>\n<p><a href=\"http:\/\/editorial.ulagos.cl\/wp-content\/uploads\/2021\/05\/wechemapu.pdf\" target=\"_blank\" rel=\"noopener noreferrer\" data-lity=\"\" data-title=\"\"><img decoding=\"async\" loading=\"lazy\" class=\"img-responsive alignnone\" style=\"width: 63px; height: 63px;\" src=\"http:\/\/editorial.ulagos.cl\/wp-content\/uploads\/2021\/04\/pdflogo.jpg\" alt=\"none\" width=\"900\" height=\"900\" \/><\/a>[\/vc_column_text][\/vc_column][vc_column width=\u00bb1\/2&#8243;][vc_single_image image=\u00bb1319&#8243; img_size=\u00bbfull\u00bb][\/vc_column][\/vc_row]<\/p>\n","protected":false},"excerpt":{"rendered":"<p>[vc_row][vc_column width=\u00bb1\/2&#8243;][vc_column_text] Autobiograf\u00eda de un imaginario &nbsp; Iris Rumi\u00e1n Lemuy y Ponciano Rumi\u00e1n Lemuy Wechemapu, significa el nuevo canto de la tierra, afinado a la rima de los tiempos, para expresar en su poes\u00eda la vivencia y la cotidianeidad de los pe\u00f1i y lamuen de la mapu. Con canciones que hablan de creencias y sentimientos, [&hellip;]<\/p>\n","protected":false},"author":2,"featured_media":0,"parent":0,"menu_order":0,"comment_status":"closed","ping_status":"closed","template":"","meta":[],"categories":[],"tags":[],"_links":{"self":[{"href":"https:\/\/editorial.ulagos.cl\/home\/wp-json\/wp\/v2\/pages\/1318"}],"collection":[{"href":"https:\/\/editorial.ulagos.cl\/home\/wp-json\/wp\/v2\/pages"}],"about":[{"href":"https:\/\/editorial.ulagos.cl\/home\/wp-json\/wp\/v2\/types\/page"}],"author":[{"embeddable":true,"href":"https:\/\/editorial.ulagos.cl\/home\/wp-json\/wp\/v2\/users\/2"}],"replies":[{"embeddable":true,"href":"https:\/\/editorial.ulagos.cl\/home\/wp-json\/wp\/v2\/comments?post=1318"}],"version-history":[{"count":7,"href":"https:\/\/editorial.ulagos.cl\/home\/wp-json\/wp\/v2\/pages\/1318\/revisions"}],"predecessor-version":[{"id":1323,"href":"https:\/\/editorial.ulagos.cl\/home\/wp-json\/wp\/v2\/pages\/1318\/revisions\/1323"}],"wp:attachment":[{"href":"https:\/\/editorial.ulagos.cl\/home\/wp-json\/wp\/v2\/media?parent=1318"}],"wp:term":[{"taxonomy":"category","embeddable":true,"href":"https:\/\/editorial.ulagos.cl\/home\/wp-json\/wp\/v2\/categories?post=1318"},{"taxonomy":"post_tag","embeddable":true,"href":"https:\/\/editorial.ulagos.cl\/home\/wp-json\/wp\/v2\/tags?post=1318"}],"curies":[{"name":"wp","href":"https:\/\/api.w.org\/{rel}","templated":true}]}}