{"id":1401,"date":"2021-05-13T00:34:46","date_gmt":"2021-05-12T22:34:46","guid":{"rendered":"http:\/\/editorial.ulagos.cl\/?page_id=1401"},"modified":"2024-10-07T16:18:51","modified_gmt":"2024-10-07T19:18:51","slug":"el-liceo-de-osorno","status":"publish","type":"page","link":"https:\/\/editorial.ulagos.cl\/home\/el-liceo-de-osorno\/","title":{"rendered":"EL LICEO DE OSORNO. Testimonio y testigo de la educaci\u00f3n chilena"},"content":{"rendered":"<p>[vc_row][vc_column width=\u00bb1\/2&#8243;][vc_column_text]<\/p>\n<h4><span style=\"color: #000000;\">C\u00e9sar Hern\u00e1ndez Saldivia<\/span><\/h4>\n<p><span style=\"color: #000000;\">El Liceo Eleuterio Ram\u00edrez de Osorno a lo largo de sus 132 a\u00f1os de historia es un testigo privilegiado de la evoluci\u00f3n hist\u00f3rica y social de nuestra ciudad: el primero en ofrecer educaci\u00f3n p\u00fablica, pionero en el desarrollo diversos proyectos educativos, espacio de integraci\u00f3n social por excelencia con sistema coeducacional que permiti\u00f3 la incorporaci\u00f3n de mujeres para completar la ense\u00f1anza secundaria y de esta manera tener iguales derechos que sus pares varones, y de la misma manera con el Liceo nocturno ofreci\u00f3 a los trabajadores la oportunidad de completar sus estudios medios mejorando sus expectativas de vida.<br \/>\n<\/span><\/p>\n<p><strong>LIBRO IMPRESO DISPONIBLE<\/strong><\/p>\n<p>$20.000 + gastos de env\u00edo<\/p>\n<p>Consultas a <a href=\"mailto:editorial@ulagos.cl\">editorial@ulagos.cl\u00a0<\/a><\/p>\n<p><span style=\"color: #000000;\">ISBN: 978-956-6043-20-1<\/span><\/p>\n<p><span style=\"color: #808080;\">DOI: <a href=\"https:\/\/doi.org\/10.32735\/978-956-6043-20-1-2021\">doi.org\/10.32735\/978-956-6043-20-1-2021<\/a><\/span><\/p>\n<p><a href=\"http:\/\/editorial.ulagos.cl\/wp-content\/uploads\/2021\/05\/Liceo-de-Osorno.epub\" target=\"_blank\" rel=\"noopener noreferrer\" data-lity=\"\" data-title=\"\"><img decoding=\"async\" loading=\"lazy\" class=\"img-responsive alignnone\" style=\"width: 51px; height: 57px;\" src=\"http:\/\/editorial.ulagos.cl\/wp-content\/uploads\/2021\/04\/epublogo2-e1619630843234.jpg\" alt=\"none\" width=\"377\" height=\"422\" \/><\/a><a href=\"http:\/\/editorial.ulagos.cl\/wp-content\/uploads\/2021\/05\/Liceo-de-Osorno.epub\" target=\"_blank\" rel=\"noopener noreferrer\"> Liceo de Osorno<\/a><\/p>\n<p><a href=\"http:\/\/editorial.ulagos.cl\/wp-content\/uploads\/2021\/05\/Liceo-de-Osorno.pdf\" target=\"_blank\" rel=\"noopener noreferrer\" data-lity=\"\" data-title=\"\"><img decoding=\"async\" loading=\"lazy\" class=\"img-responsive alignnone\" style=\"width: 48px; height: 48px;\" src=\"http:\/\/editorial.ulagos.cl\/wp-content\/uploads\/2021\/04\/pdflogo-e1620831312474.jpg\" alt=\"none\" width=\"300\" height=\"300\" \/><\/a><a href=\"http:\/\/editorial.ulagos.cl\/wp-content\/uploads\/2021\/05\/Liceo-de-Osorno.pdf\"> Liceo de Osorno<\/a>[\/vc_column_text][\/vc_column][vc_column width=\u00bb1\/2&#8243;][vc_single_image image=\u00bb2005&#8243; img_size=\u00bblarge\u00bb alignment=\u00bbcenter\u00bb][\/vc_column][\/vc_row]<\/p>\n","protected":false},"excerpt":{"rendered":"<p>[vc_row][vc_column width=\u00bb1\/2&#8243;][vc_column_text] C\u00e9sar Hern\u00e1ndez Saldivia El Liceo Eleuterio Ram\u00edrez de Osorno a lo largo de sus 132 a\u00f1os de historia es un testigo privilegiado de la evoluci\u00f3n hist\u00f3rica y social de nuestra ciudad: el primero en ofrecer educaci\u00f3n p\u00fablica, pionero en el desarrollo diversos proyectos educativos, espacio de integraci\u00f3n social por excelencia con sistema coeducacional [&hellip;]<\/p>\n","protected":false},"author":2,"featured_media":0,"parent":0,"menu_order":0,"comment_status":"closed","ping_status":"closed","template":"","meta":[],"categories":[20],"tags":[],"_links":{"self":[{"href":"https:\/\/editorial.ulagos.cl\/home\/wp-json\/wp\/v2\/pages\/1401"}],"collection":[{"href":"https:\/\/editorial.ulagos.cl\/home\/wp-json\/wp\/v2\/pages"}],"about":[{"href":"https:\/\/editorial.ulagos.cl\/home\/wp-json\/wp\/v2\/types\/page"}],"author":[{"embeddable":true,"href":"https:\/\/editorial.ulagos.cl\/home\/wp-json\/wp\/v2\/users\/2"}],"replies":[{"embeddable":true,"href":"https:\/\/editorial.ulagos.cl\/home\/wp-json\/wp\/v2\/comments?post=1401"}],"version-history":[{"count":11,"href":"https:\/\/editorial.ulagos.cl\/home\/wp-json\/wp\/v2\/pages\/1401\/revisions"}],"predecessor-version":[{"id":2073,"href":"https:\/\/editorial.ulagos.cl\/home\/wp-json\/wp\/v2\/pages\/1401\/revisions\/2073"}],"wp:attachment":[{"href":"https:\/\/editorial.ulagos.cl\/home\/wp-json\/wp\/v2\/media?parent=1401"}],"wp:term":[{"taxonomy":"category","embeddable":true,"href":"https:\/\/editorial.ulagos.cl\/home\/wp-json\/wp\/v2\/categories?post=1401"},{"taxonomy":"post_tag","embeddable":true,"href":"https:\/\/editorial.ulagos.cl\/home\/wp-json\/wp\/v2\/tags?post=1401"}],"curies":[{"name":"wp","href":"https:\/\/api.w.org\/{rel}","templated":true}]}}