{"id":1479,"date":"2021-08-06T18:02:26","date_gmt":"2021-08-06T16:02:26","guid":{"rendered":"http:\/\/editorial.ulagos.cl\/?page_id=1479"},"modified":"2024-01-03T11:02:52","modified_gmt":"2024-01-03T14:02:52","slug":"web-ediur-es-valorada-por-rectora-y-rectores-de-las-universidades-regionales","status":"publish","type":"page","link":"https:\/\/editorial.ulagos.cl\/home\/web-ediur-es-valorada-por-rectora-y-rectores-de-las-universidades-regionales\/","title":{"rendered":"Web EDIUR es valorada por rectora y rectores de las universidades regionales"},"content":{"rendered":"<p>[vc_row][vc_column][vc_column_text]<\/p>\n<div class=\"w-layout-grid grid-14\">\n<div>\n<div class=\"w-dyn-list\">\n<div class=\"w-dyn-items\" role=\"list\">\n<div class=\"w-dyn-item\" role=\"listitem\">\n<div>Jovana Skarmeta (UV) y Gonzalo Bordagaray (UCSC), coordinadores de la Red de Editoriales Universitarias Regionales, expusieron al Pleno AUR el trabajo realizado para poner en marcha la web de la Red, plataforma \u00fanica que re\u00fane el trabajo de todas las editoriales universitarias presentes a lo largo del pa\u00eds y que busca descentralizar el arte y la cultura del libro.<\/div>\n<\/div>\n<\/div>\n<\/div>\n<\/div>\n<\/div>\n<div class=\"cuerpo-noticia w-richtext\">\n<p>\u201cSu objetivo es difundir la valiosa y diversa producci\u00f3n editorial, el esfuerzo y talento de sus creadores que, dan cuenta de los distintos contextos, situaciones y desaf\u00edos hist\u00f3ricos, actuales sociales, culturales, ambientales y econ\u00f3micos de sus comunidades y territorios donde est\u00e1n nuestras universidades\u201d, se\u00f1al\u00f3 Jovana Skarmeta en su presentaci\u00f3n. La profesional de la Editorial de la Universidad de Valpara\u00edso dijo adem\u00e1s que, la riqueza de este trabajo es que representa la diversidad y releva el trabajo que hacen cada una de las editoriales en sus territorios.<\/p>\n<p>Gonzalo Bordagaray, Director de la Editorial UCSC, present\u00f3 el sitio web y explic\u00f3 su dise\u00f1o, operativa y contenido. \u201cExiste un equipo coordinador que articula esta red, sus integrantes son representantes por macrozonas, la zona norte a cargo de Alejandro Abufom (Editorial ULS), zona centro, con Jovana Skarmeta (Editorial UV),zona sur con Gonzalo Bordagaray (UCSC) y zona austral, con \u00d3scar Barrientos (Editorial UMAG), todo este equipo coordinador cuenta adem\u00e1s con la colaboraci\u00f3n del \u00e1rea de comunicaciones de AUR\u201d, precis\u00f3.<\/p>\n<p>Las autoridades universitarias valoraron el trabajo de la comisi\u00f3n y ofrecieron todo su apoyo. \u201cFelicito este trabajo, que tiene que ver con temas totalmente territoriales y regionales y que se releva a trav\u00e9s de esta iniciativa, la informaci\u00f3n que se proporciona es bastante certera y orienta a los visitantes y les indica el que hacer editorial universitario, a punta a la descentralizaci\u00f3n del conocimiento, no olvidemos que hay temas que \u00fanicamente investigan las universidades regionales, lo que le otorga mucho m\u00e1s valor\u201d, dijo Patricio Sanhueza, Presidente de AUR y rector UPLA.<\/p>\n<p>Aliro B\u00f3rquez, rector de la Universidad de la Cat\u00f3lica de Temuco y Presidente de la Red G9, en su intervenci\u00f3n manifest\u00f3, \u201cquiero felicitar la idea, me parece una muy buena iniciativa y tambi\u00e9n felicitar a todo el equipo que ha estado detr\u00e1s para hacer realidad esta p\u00e1gina y sus contenidos, me parece muy relevante para poder difundir la producci\u00f3n intelectual de las universidades y sobre todo de las universidades regionales\u201d, precis\u00f3.<\/p>\n<p>Los organizadores de EDIUR, adelantaron que esta Red est\u00e1 abocada en la planificaci\u00f3n de una agenda de trabajo que busca dar respuesta a tem\u00e1ticas claves para el mundo editorial como el libro digital; las nuevas formas de financiamiento; \u00a0los desaf\u00edos que representa la pandemia y la virtualidad para las distintas instituciones. \u00a0Para avanzar en estos temas se planificaron reuniones de trabajo en el mes de agosto 2021.<\/p>\n<p>Las y los rectores plantearon varias ideas para robustecer este trabajo. Se sugiri\u00f3 identificar mecanismos para darle m\u00e1s fluidez a la salida o venta de los libros; generar repositorios gratuitos de las publicaciones, para poner obras a libre disposici\u00f3n de la comunidad; ampliar los p\u00fablicos buscando llegar a lectores de otras latitudes, apoyando a\u00fan m\u00e1s la descentralizaci\u00f3n del conocimiento generado por las universidades regionales, entre otros.<\/p>\n<p>En la sesi\u00f3n plenaria de la rectora y rectores de AUR, llevada a cabo el 28 de julio 2021, tambi\u00e9n participaron Alejandro Abufom de la Editorial U. de La Serena y \u00d3scar Barrientos de la Editorial de la U. de Magallanes.<\/p>\n<p>https:\/\/www.ediur.cl\/post\/reglas-de-ceremonial-y-protocolo-son-impartidas-a-profesionales-de-las-regiones-de-nuble-y-bio-bio-en-curso-dictado-por-la-camara-de-diputados-as<\/p>\n<\/div>\n<div style=\"text-align: right;\"><em><strong>Por<\/strong><\/em><\/div>\n<div>\n<div class=\"w-dyn-list\">\n<div class=\"w-dyn-items\" role=\"list\">\n<div class=\"w-dyn-item\" role=\"listitem\">\n<div style=\"text-align: right;\"><em><strong>Comunicaciones Ediur<\/strong><\/em><\/div>\n<\/div>\n<\/div>\n<\/div>\n<\/div>\n<p>[\/vc_column_text][\/vc_column][\/vc_row]<\/p>\n","protected":false},"excerpt":{"rendered":"<p>[vc_row][vc_column][vc_column_text] Jovana Skarmeta (UV) y Gonzalo Bordagaray (UCSC), coordinadores de la Red de Editoriales Universitarias Regionales, expusieron al Pleno AUR el trabajo realizado para poner en marcha la web de la Red, plataforma \u00fanica que re\u00fane el trabajo de todas las editoriales universitarias presentes a lo largo del pa\u00eds y que busca descentralizar el arte [&hellip;]<\/p>\n","protected":false},"author":2,"featured_media":1480,"parent":0,"menu_order":0,"comment_status":"closed","ping_status":"closed","template":"","meta":[],"categories":[9],"tags":[5],"_links":{"self":[{"href":"https:\/\/editorial.ulagos.cl\/home\/wp-json\/wp\/v2\/pages\/1479"}],"collection":[{"href":"https:\/\/editorial.ulagos.cl\/home\/wp-json\/wp\/v2\/pages"}],"about":[{"href":"https:\/\/editorial.ulagos.cl\/home\/wp-json\/wp\/v2\/types\/page"}],"author":[{"embeddable":true,"href":"https:\/\/editorial.ulagos.cl\/home\/wp-json\/wp\/v2\/users\/2"}],"replies":[{"embeddable":true,"href":"https:\/\/editorial.ulagos.cl\/home\/wp-json\/wp\/v2\/comments?post=1479"}],"version-history":[{"count":5,"href":"https:\/\/editorial.ulagos.cl\/home\/wp-json\/wp\/v2\/pages\/1479\/revisions"}],"predecessor-version":[{"id":1911,"href":"https:\/\/editorial.ulagos.cl\/home\/wp-json\/wp\/v2\/pages\/1479\/revisions\/1911"}],"wp:featuredmedia":[{"embeddable":true,"href":"https:\/\/editorial.ulagos.cl\/home\/wp-json\/wp\/v2\/media\/1480"}],"wp:attachment":[{"href":"https:\/\/editorial.ulagos.cl\/home\/wp-json\/wp\/v2\/media?parent=1479"}],"wp:term":[{"taxonomy":"category","embeddable":true,"href":"https:\/\/editorial.ulagos.cl\/home\/wp-json\/wp\/v2\/categories?post=1479"},{"taxonomy":"post_tag","embeddable":true,"href":"https:\/\/editorial.ulagos.cl\/home\/wp-json\/wp\/v2\/tags?post=1479"}],"curies":[{"name":"wp","href":"https:\/\/api.w.org\/{rel}","templated":true}]}}