{"id":1518,"date":"2021-11-11T18:12:47","date_gmt":"2021-11-11T17:12:47","guid":{"rendered":"http:\/\/editorial.ulagos.cl\/?page_id=1518"},"modified":"2024-05-28T12:27:10","modified_gmt":"2024-05-28T16:27:10","slug":"paisajes-en-disputa","status":"publish","type":"page","link":"https:\/\/editorial.ulagos.cl\/home\/paisajes-en-disputa\/","title":{"rendered":"PAISAJES EN DISPUTA"},"content":{"rendered":"<p>[vc_row][vc_column width=\u00bb1\/2&#8243;][vc_column_text]<strong>CLAUDIA CASTILLO\/\/ MARIO DEL CASTILLO \/\/ DANIELA VERA \/\/ MARGOT CA\u00d1ULEF \/\/ DAFNE GONZ\u00c1LEZ<\/strong><\/p>\n<p>El rito f\u00fanebre en la cultura huilliche construye paisaje y cuerpo cultural cuya identificaci\u00f3n y an\u00e1lisis supone preocupaci\u00f3n por el deterioro y abandono del patrimonio ind\u00edgena rural, expresado en el descuido frente al conjunto de tradiciones culturales de todo un pueblo y su sincretismo con la religi\u00f3n predominante y los cementerios cat\u00f3licos.<\/p>\n<p>La comprensi\u00f3n del territorio a trav\u00e9s de los cementerios y territorios sagrados de nuestros pueblos originarios postula el reconocimiento de una relaci\u00f3n con el territorio que se vincula transversalmente con el tiempo y que va m\u00e1s all\u00e1 de lo productivo.<\/p>\n<p>La interacci\u00f3n con el entorno natural de las comunidades de los pueblos originarios constituye un paisaje cultural cargado de elementos simb\u00f3licos que configuran una cosmovisi\u00f3n particular \u00edntimamente vinculada con el territorio.<\/p>\n<p>ISBN: 978-956-6043-10-2<\/p>\n<p data-wp-editing=\"1\"><a class=\"file\" href=\"http:\/\/editorial.ulagos.cl\/wp-content\/uploads\/2021\/11\/Paisajes-en-disputa.pdf\" data-wp-editing=\"1\"><img decoding=\"async\" src=\"https:\/\/editorial.ulagos.cl\/wp-content\/themes\/ulagostemplate\/img\/pdf-ico.png\" \/>Paisajes en disputa<\/a><\/p>\n<p>[\/vc_column_text][\/vc_column][vc_column width=\u00bb1\/2&#8243;][vc_single_image image=\u00bb1538&#8243; img_size=\u00bblarge\u00bb][\/vc_column][\/vc_row]<\/p>\n","protected":false},"excerpt":{"rendered":"<p>[vc_row][vc_column width=\u00bb1\/2&#8243;][vc_column_text]CLAUDIA CASTILLO\/\/ MARIO DEL CASTILLO \/\/ DANIELA VERA \/\/ MARGOT CA\u00d1ULEF \/\/ DAFNE GONZ\u00c1LEZ El rito f\u00fanebre en la cultura huilliche construye paisaje y cuerpo cultural cuya identificaci\u00f3n y an\u00e1lisis supone preocupaci\u00f3n por el deterioro y abandono del patrimonio ind\u00edgena rural, expresado en el descuido frente al conjunto de tradiciones culturales de todo un [&hellip;]<\/p>\n","protected":false},"author":2,"featured_media":0,"parent":0,"menu_order":0,"comment_status":"closed","ping_status":"closed","template":"","meta":[],"categories":[],"tags":[],"_links":{"self":[{"href":"https:\/\/editorial.ulagos.cl\/home\/wp-json\/wp\/v2\/pages\/1518"}],"collection":[{"href":"https:\/\/editorial.ulagos.cl\/home\/wp-json\/wp\/v2\/pages"}],"about":[{"href":"https:\/\/editorial.ulagos.cl\/home\/wp-json\/wp\/v2\/types\/page"}],"author":[{"embeddable":true,"href":"https:\/\/editorial.ulagos.cl\/home\/wp-json\/wp\/v2\/users\/2"}],"replies":[{"embeddable":true,"href":"https:\/\/editorial.ulagos.cl\/home\/wp-json\/wp\/v2\/comments?post=1518"}],"version-history":[{"count":10,"href":"https:\/\/editorial.ulagos.cl\/home\/wp-json\/wp\/v2\/pages\/1518\/revisions"}],"predecessor-version":[{"id":1976,"href":"https:\/\/editorial.ulagos.cl\/home\/wp-json\/wp\/v2\/pages\/1518\/revisions\/1976"}],"wp:attachment":[{"href":"https:\/\/editorial.ulagos.cl\/home\/wp-json\/wp\/v2\/media?parent=1518"}],"wp:term":[{"taxonomy":"category","embeddable":true,"href":"https:\/\/editorial.ulagos.cl\/home\/wp-json\/wp\/v2\/categories?post=1518"},{"taxonomy":"post_tag","embeddable":true,"href":"https:\/\/editorial.ulagos.cl\/home\/wp-json\/wp\/v2\/tags?post=1518"}],"curies":[{"name":"wp","href":"https:\/\/api.w.org\/{rel}","templated":true}]}}