{"id":1573,"date":"2023-01-27T13:36:22","date_gmt":"2023-01-27T12:36:22","guid":{"rendered":"http:\/\/editorial.ulagos.cl\/?page_id=1573"},"modified":"2024-08-30T15:38:23","modified_gmt":"2024-08-30T19:38:23","slug":"de-esto-y-aquello","status":"publish","type":"page","link":"https:\/\/editorial.ulagos.cl\/home\/de-esto-y-aquello\/","title":{"rendered":"De esto y aquello"},"content":{"rendered":"<p>[vc_row][vc_column width=\u00bb1\/2&#8243;][vc_column_text]<strong>Nelson Vergara<\/strong><\/p>\n<p><em>La presente colecci\u00f3n de textos del profesor y fil\u00f3sofo Nelson Vergara Mu\u00f1oz, reunidos bajo el t\u00edtulo \u201cDe esto y aquello\u201d, que publica de manera p\u00f3stuma la Editorial de la Universidad de Los Lagos, nos muestra una faceta poco conocida de su producci\u00f3n intelectual, en tanto no se enmarca en el estilo de expresi\u00f3n filos\u00f3fica que le conocemos a trav\u00e9s de diversos escritos anteriores. El t\u00edtulo del libro es quiz\u00e1s poco orientador sobre su contenido, m\u00e1s bien, apela a la curiosidad del lector invit\u00e1ndolo a explorar en conjunto, temas y problemas de la vida humana, de la sociedad, de la cultura y de la realidad cotidiana, con pinceladas reflexivas desde la filosof\u00eda, aunque sin recurrir al lenguaje t\u00e9cnico especializado, sino m\u00e1s bien en la l\u00ednea de uno de sus referentes, Ortega y Gasset, quien sostiene que \u201cLa claridad es la cortes\u00eda del fil\u00f3sofo\u201d, y que la filosof\u00eda debe estar abierta y porosa a todas las mentes.<\/em><\/p>\n<p>ISBN: 978-956-6043-41-6<\/p>\n<p>DOI: en tr\u00e1mite<\/p>\n<p><a href=\"http:\/\/editorial.ulagos.cl\/wp-content\/uploads\/2021\/04\/pdflogo-e1620831312474.jpg\" data-lity=\"\" data-title=\"\">\u00a0 <\/a><a href=\"http:\/\/editorial.ulagos.cl\/wp-content\/uploads\/2023\/01\/de-esto-y-aquello.pdf\"><img decoding=\"async\" loading=\"lazy\" class=\"img-responsive alignnone\" style=\"width: 65px; height: 65px;\" src=\"http:\/\/editorial.ulagos.cl\/wp-content\/uploads\/2021\/04\/pdflogo-e1620831312474.jpg\" alt=\"none\" width=\"300\" height=\"300\" \/> \u00a0<\/a><a class=\"file\" href=\"http:\/\/editorial.ulagos.cl\/wp-content\/uploads\/2023\/01\/de-esto-y-aquello.pdf\">de esto y aquello<\/a><\/p>\n<p><a href=\"http:\/\/editorial.ulagos.cl\/wp-content\/uploads\/2022\/04\/de-esto-y-aquello.epub\">\u00a0\u00a0 <\/a><a href=\"http:\/\/editorial.ulagos.cl\/wp-content\/uploads\/2022\/04\/de-esto-y-aquello.epub\"><img decoding=\"async\" loading=\"lazy\" class=\"img-responsive alignnone\" style=\"width: 65px; height: 62px;\" src=\"http:\/\/editorial.ulagos.cl\/wp-content\/uploads\/2022\/04\/epub_icon-e1650636356315.png\" alt=\"none\" width=\"65\" height=\"62\" \/> <\/a><a class=\"file\" href=\"http:\/\/editorial.ulagos.cl\/wp-content\/uploads\/2023\/01\/de-esto-y-aquello.epub\">de esto y aquello<\/a>[\/vc_column_text][\/vc_column][vc_column width=\u00bb1\/2&#8243;][vc_single_image image=\u00bb1632&#8243; img_size=\u00bblarge\u00bb][\/vc_column][\/vc_row]<\/p>\n","protected":false},"excerpt":{"rendered":"<p>[vc_row][vc_column width=\u00bb1\/2&#8243;][vc_column_text]Nelson Vergara La presente colecci\u00f3n de textos del profesor y fil\u00f3sofo Nelson Vergara Mu\u00f1oz, reunidos bajo el t\u00edtulo \u201cDe esto y aquello\u201d, que publica de manera p\u00f3stuma la Editorial de la Universidad de Los Lagos, nos muestra una faceta poco conocida de su producci\u00f3n intelectual, en tanto no se enmarca en el estilo de [&hellip;]<\/p>\n","protected":false},"author":2,"featured_media":0,"parent":0,"menu_order":0,"comment_status":"closed","ping_status":"closed","template":"","meta":[],"categories":[],"tags":[],"_links":{"self":[{"href":"https:\/\/editorial.ulagos.cl\/home\/wp-json\/wp\/v2\/pages\/1573"}],"collection":[{"href":"https:\/\/editorial.ulagos.cl\/home\/wp-json\/wp\/v2\/pages"}],"about":[{"href":"https:\/\/editorial.ulagos.cl\/home\/wp-json\/wp\/v2\/types\/page"}],"author":[{"embeddable":true,"href":"https:\/\/editorial.ulagos.cl\/home\/wp-json\/wp\/v2\/users\/2"}],"replies":[{"embeddable":true,"href":"https:\/\/editorial.ulagos.cl\/home\/wp-json\/wp\/v2\/comments?post=1573"}],"version-history":[{"count":6,"href":"https:\/\/editorial.ulagos.cl\/home\/wp-json\/wp\/v2\/pages\/1573\/revisions"}],"predecessor-version":[{"id":2011,"href":"https:\/\/editorial.ulagos.cl\/home\/wp-json\/wp\/v2\/pages\/1573\/revisions\/2011"}],"wp:attachment":[{"href":"https:\/\/editorial.ulagos.cl\/home\/wp-json\/wp\/v2\/media?parent=1573"}],"wp:term":[{"taxonomy":"category","embeddable":true,"href":"https:\/\/editorial.ulagos.cl\/home\/wp-json\/wp\/v2\/categories?post=1573"},{"taxonomy":"post_tag","embeddable":true,"href":"https:\/\/editorial.ulagos.cl\/home\/wp-json\/wp\/v2\/tags?post=1573"}],"curies":[{"name":"wp","href":"https:\/\/api.w.org\/{rel}","templated":true}]}}