{"id":1587,"date":"2022-04-29T03:24:26","date_gmt":"2022-04-29T01:24:26","guid":{"rendered":"http:\/\/editorial.ulagos.cl\/?page_id=1587"},"modified":"2025-10-06T10:47:13","modified_gmt":"2025-10-06T13:47:13","slug":"expertas-1","status":"publish","type":"page","link":"https:\/\/editorial.ulagos.cl\/home\/expertas-1\/","title":{"rendered":"EXPERTAS I"},"content":{"rendered":"<p>[vc_row][vc_column width=\u00bb1\/2&#8243;][vc_column_text]<strong>Direcci\u00f3n de Igualdad de G\u00e9nero<\/strong><\/p>\n<p><em>\u00abEste libro es el resultado de un taller de escritura, al cual se invit\u00f3 de manera ampliada a las mujeres de las \u00e1reas STEM de la universidad. Cinco de ellas decidieron tomar una pausa para revisar su trayectoria, escribir sobre sus historias y dejar un legado inspirador para mujeres m\u00e1s j\u00f3venes que las invitara a acercarse a estas \u00e1reas. As\u00ed, este libro re\u00fane la vida personal y profesional de cinco acad\u00e9micas e investigadoras de la Universidad de Los Lagos en sus propias voces. Cada una de ellas nos relata c\u00f3mo desde la infancia comenz\u00f3 a interesarse y preguntarse por sus respectivas disciplinas y c\u00f3mo se transform\u00f3 en un desaf\u00edo de vida.\u00bb<\/em><\/p>\n<p>ISBN: 978-956-6043-46-1<\/p>\n<p>DOI: <a href=\"https:\/\/doi.org\/10.32735\/978-956-6043-47-8\/2022\">https:\/\/doi.org\/10.32735\/978-956-6043-47-8\/2022<\/a><\/p>\n<p><a href=\"http:\/\/editorial.ulagos.cl\/wp-content\/uploads\/2022\/04\/Expertas-cinco-voces-feministas-en-stem.pdf\" target=\"_blank\" rel=\"noopener noreferrer\"><img decoding=\"async\" loading=\"lazy\" class=\"img-responsive alignnone\" style=\"width: 60px; height: 60px;\" src=\"http:\/\/editorial.ulagos.cl\/wp-content\/uploads\/2021\/04\/pdflogo-e1620831312474.jpg\" alt=\"none\" width=\"300\" height=\"300\" \/><\/a><a href=\"http:\/\/editorial.ulagos.cl\/wp-content\/uploads\/2024\/03\/Expertas-I.pdf\" target=\"_blank\" rel=\"noopener noreferrer\">Expertas cinco voces femeninas en STEM<\/a><\/p>\n<p>&nbsp;<\/p>\n<p><a href=\"http:\/\/editorial.ulagos.cl\/wp-content\/uploads\/2022\/04\/Expertas.-Cinco-voces-femeninas-en-STEM.epub\" target=\"_blank\" rel=\"noopener noreferrer\"><img decoding=\"async\" loading=\"lazy\" class=\"img-responsive alignnone\" style=\"width: 60px; height: 56px;\" src=\"http:\/\/editorial.ulagos.cl\/wp-content\/uploads\/2022\/04\/epub_icon-e1650636356315.png\" alt=\"none\" width=\"65\" height=\"62\" \/><\/a><a href=\"http:\/\/editorial.ulagos.cl\/wp-content\/uploads\/2022\/04\/Expertas.-Cinco-voces-femeninas-en-STEM.epub\" target=\"_blank\" rel=\"noopener noreferrer\">Expertas. Cinco voces femeninas en STEM<\/a>[\/vc_column_text][\/vc_column][vc_column width=\u00bb1\/2&#8243;][vc_single_image image=\u00bb1947&#8243; img_size=\u00bblarge\u00bb][\/vc_column][\/vc_row]<\/p>\n","protected":false},"excerpt":{"rendered":"<p>[vc_row][vc_column width=\u00bb1\/2&#8243;][vc_column_text]Direcci\u00f3n de Igualdad de G\u00e9nero \u00abEste libro es el resultado de un taller de escritura, al cual se invit\u00f3 de manera ampliada a las mujeres de las \u00e1reas STEM de la universidad. Cinco de ellas decidieron tomar una pausa para revisar su trayectoria, escribir sobre sus historias y dejar un legado inspirador para mujeres [&hellip;]<\/p>\n","protected":false},"author":2,"featured_media":0,"parent":0,"menu_order":0,"comment_status":"closed","ping_status":"closed","template":"","meta":[],"categories":[],"tags":[],"_links":{"self":[{"href":"https:\/\/editorial.ulagos.cl\/home\/wp-json\/wp\/v2\/pages\/1587"}],"collection":[{"href":"https:\/\/editorial.ulagos.cl\/home\/wp-json\/wp\/v2\/pages"}],"about":[{"href":"https:\/\/editorial.ulagos.cl\/home\/wp-json\/wp\/v2\/types\/page"}],"author":[{"embeddable":true,"href":"https:\/\/editorial.ulagos.cl\/home\/wp-json\/wp\/v2\/users\/2"}],"replies":[{"embeddable":true,"href":"https:\/\/editorial.ulagos.cl\/home\/wp-json\/wp\/v2\/comments?post=1587"}],"version-history":[{"count":5,"href":"https:\/\/editorial.ulagos.cl\/home\/wp-json\/wp\/v2\/pages\/1587\/revisions"}],"predecessor-version":[{"id":1949,"href":"https:\/\/editorial.ulagos.cl\/home\/wp-json\/wp\/v2\/pages\/1587\/revisions\/1949"}],"wp:attachment":[{"href":"https:\/\/editorial.ulagos.cl\/home\/wp-json\/wp\/v2\/media?parent=1587"}],"wp:term":[{"taxonomy":"category","embeddable":true,"href":"https:\/\/editorial.ulagos.cl\/home\/wp-json\/wp\/v2\/categories?post=1587"},{"taxonomy":"post_tag","embeddable":true,"href":"https:\/\/editorial.ulagos.cl\/home\/wp-json\/wp\/v2\/tags?post=1587"}],"curies":[{"name":"wp","href":"https:\/\/api.w.org\/{rel}","templated":true}]}}