{"id":1674,"date":"2022-06-03T16:37:54","date_gmt":"2022-06-03T14:37:54","guid":{"rendered":"http:\/\/editorial.ulagos.cl\/?page_id=1674"},"modified":"2023-01-27T15:48:46","modified_gmt":"2023-01-27T14:48:46","slug":"arte-pedagogia-y-territorio-desafios-de-la-educacion-artistica-al-sur-del-mundo","status":"publish","type":"page","link":"https:\/\/editorial.ulagos.cl\/home\/arte-pedagogia-y-territorio-desafios-de-la-educacion-artistica-al-sur-del-mundo\/","title":{"rendered":"Arte, Pedagog\u00eda y Territorio. Desaf\u00edos de la educaci\u00f3n art\u00edstica al sur del mundo"},"content":{"rendered":"<p>[vc_row][vc_column width=\u00bb1\/2&#8243;][vc_column_text]<\/p>\n<h3>Catalina Montenegro Gonz\u00e1lez e Ignacio Soto-Silva<\/h3>\n<p>El presente libro tiene como objetivo visibilizar experiencias, reflexiones e investigaciones que surgen a partir de posicionamientos situados en el sur de Chile. De esta manera, se persigue contribuir a la construcci\u00f3n del conocimiento en el campo de las artes y su ense\u00f1anza.<\/p>\n<p>La estructura del libro considera dos momentos: el primero da cuenta de experiencias de investigaci\u00f3n que relevan la importancia del contexto, la relaci\u00f3n con las personas y el medio natural en los aprendizajes; mientras que el segundo momento recoge ensayos, reflexiones y experiencias desde el territorio sur austral. Los escritos recogidos en este libro, son un aporte a la discusi\u00f3n en torno a la emergencia de un relato que surge del ejercicio dial\u00f3gico entre el quehacer acad\u00e9mico, las experiencias de aula escolar y los procesos de aprendizaje no formal, aportando a una discusi\u00f3n descentralizada sobre el arte y la educaci\u00f3n.<\/p>\n<p>&nbsp;<\/p>\n<p>ISBN: 978-956-6043-29-4<\/p>\n<p>DOI:<\/p>\n<p><a href=\"http:\/\/editorial.ulagos.cl\/wp-content\/uploads\/2023\/01\/Arte-pedagogi\u0301a-y-territorio.pdf\" target=\"_blank\" rel=\"noopener noreferrer\"><img decoding=\"async\" loading=\"lazy\" class=\"img-responsive alignnone\" style=\"width: 63px; height: 63px;\" src=\"http:\/\/editorial.ulagos.cl\/wp-content\/uploads\/2021\/04\/pdflogo-e1620831312474.jpg\" alt=\"none\" width=\"300\" height=\"300\" \/><\/a><a class=\"file\" href=\"http:\/\/editorial.ulagos.cl\/wp-content\/uploads\/2023\/01\/Arte-pedagogi\u0301a-y-territorio.pdf\">Arte pedagogi\u0301a y territorio<\/a><\/p>\n<p>[\/vc_column_text][\/vc_column][vc_column width=\u00bb1\/2&#8243;][vc_single_image image=\u00bb1671&#8243; img_size=\u00bblarge\u00bb][\/vc_column][\/vc_row]<\/p>\n","protected":false},"excerpt":{"rendered":"<p>[vc_row][vc_column width=\u00bb1\/2&#8243;][vc_column_text] Catalina Montenegro Gonz\u00e1lez e Ignacio Soto-Silva El presente libro tiene como objetivo visibilizar experiencias, reflexiones e investigaciones que surgen a partir de posicionamientos situados en el sur de Chile. De esta manera, se persigue contribuir a la construcci\u00f3n del conocimiento en el campo de las artes y su ense\u00f1anza. La estructura del libro [&hellip;]<\/p>\n","protected":false},"author":2,"featured_media":0,"parent":0,"menu_order":0,"comment_status":"closed","ping_status":"closed","template":"","meta":[],"categories":[],"tags":[],"_links":{"self":[{"href":"https:\/\/editorial.ulagos.cl\/home\/wp-json\/wp\/v2\/pages\/1674"}],"collection":[{"href":"https:\/\/editorial.ulagos.cl\/home\/wp-json\/wp\/v2\/pages"}],"about":[{"href":"https:\/\/editorial.ulagos.cl\/home\/wp-json\/wp\/v2\/types\/page"}],"author":[{"embeddable":true,"href":"https:\/\/editorial.ulagos.cl\/home\/wp-json\/wp\/v2\/users\/2"}],"replies":[{"embeddable":true,"href":"https:\/\/editorial.ulagos.cl\/home\/wp-json\/wp\/v2\/comments?post=1674"}],"version-history":[{"count":3,"href":"https:\/\/editorial.ulagos.cl\/home\/wp-json\/wp\/v2\/pages\/1674\/revisions"}],"predecessor-version":[{"id":1751,"href":"https:\/\/editorial.ulagos.cl\/home\/wp-json\/wp\/v2\/pages\/1674\/revisions\/1751"}],"wp:attachment":[{"href":"https:\/\/editorial.ulagos.cl\/home\/wp-json\/wp\/v2\/media?parent=1674"}],"wp:term":[{"taxonomy":"category","embeddable":true,"href":"https:\/\/editorial.ulagos.cl\/home\/wp-json\/wp\/v2\/categories?post=1674"},{"taxonomy":"post_tag","embeddable":true,"href":"https:\/\/editorial.ulagos.cl\/home\/wp-json\/wp\/v2\/tags?post=1674"}],"curies":[{"name":"wp","href":"https:\/\/api.w.org\/{rel}","templated":true}]}}