{"id":1682,"date":"2022-06-03T17:25:09","date_gmt":"2022-06-03T15:25:09","guid":{"rendered":"http:\/\/editorial.ulagos.cl\/?page_id=1682"},"modified":"2022-06-03T18:37:48","modified_gmt":"2022-06-03T16:37:48","slug":"futawillimapu","status":"publish","type":"page","link":"https:\/\/editorial.ulagos.cl\/home\/futawillimapu\/","title":{"rendered":"F\u00dcTAWILLIMAPU"},"content":{"rendered":"<p>[vc_row][vc_column width=\u00bb1\/2&#8243;][vc_column_text]<\/p>\n<h4><strong>Pilar Alvarez-Santullano y Amilcar Forno (editores)<\/strong><\/h4>\n<p><em>De tantas formas puede hablarnos el Butawillimapu. A <\/em><em>trav\u00e9s de sus cap\u00edtulos y componentes textuales, este libro <\/em><em>nos presenta distintas v\u00edas para aproximarnos a \u00e9l. Desde la <\/em><em>experiencia y desde la ciencia, desde la historia y desde el <\/em><em>arte, desde el estudio de las pr\u00e1cticas o desde los saberes, <\/em><em>desde la palabra articulada o las configuraciones del paisaje, <\/em><em>desde los enunciados de la memoria o las po\u00e9ticas del presen<\/em><em>te. El libro nos muestra un ejercicio de di\u00e1logo intercultural, <\/em><em>multidisciplinario y socialmente plural. Su textura se articu<\/em><em>la a partir del encuentro de voces y de lenguas que hoy convi<\/em><em>ven en el territorio, diferenciadas por su origen, posici\u00f3n y <\/em><em>condici\u00f3n, pero aunadas en su com\u00fan prop\u00f3sito de dialogar <\/em><em>con el Butawillimapu, de acercarse a \u00e9l.<\/em><\/p>\n<p><em>La primera edici\u00f3n de este libro vio la luz el a\u00f1o 2001. Ya <\/em><em>entonces sus editores y autores llevaban un largo tiempo ten<\/em><em>di\u00e9ndole preguntas al territorio. Todos ellos muestran hasta <\/em><em>hoy un compromiso personal y\/o profesional en torno al <\/em><em>mundo mapuche williche y las culturales locales, que se <\/em><em>expresa en un ejercicio de trabajo continuado. La tercera <\/em><em>edici\u00f3n de esta obra, muestra la vigencia de sus aportes y la <\/em><em>importancia de la actitud de di\u00e1logo respetuoso con el <\/em><em>Butawillimapu, a trav\u00e9s del que tanto podemos aprender <\/em><em>quienes habitamos este territorio. T\u00e9ngase la trayectoria de <\/em><em>este libro como ejemplo de que ello es posible y necesario.<\/em><\/p>\n<p><em>Ma\u00f1unmay.<\/em><\/p>\n<p><strong>Rodrigo Moulian<\/strong><\/p>\n<p>&nbsp;<\/p>\n<p>ISBN: 978-956-6043-14-0<\/p>\n<p><a href=\"http:\/\/editorial.ulagos.cl\/wp-content\/uploads\/2021\/04\/pdflogo-e1620831312474.jpg\" data-lity=\"\" data-title=\"\">. \u00a0<\/a><a href=\"http:\/\/editorial.ulagos.cl\/wp-content\/uploads\/2022\/06\/Fu\u0308tawillimapu.pdf\" target=\"_blank\" rel=\"noopener noreferrer\"><img decoding=\"async\" loading=\"lazy\" class=\"img-responsive alignnone\" style=\"width: 64px; height: 64px;\" src=\"http:\/\/editorial.ulagos.cl\/wp-content\/uploads\/2021\/04\/pdflogo-e1620831312474.jpg\" alt=\"none\" width=\"300\" height=\"300\" \/><\/a><a href=\"http:\/\/editorial.ulagos.cl\/wp-content\/uploads\/2022\/06\/Fu\u0308tawillimapu.pdf\">Fu\u0308tawillimapu<\/a><\/p>\n<p>&nbsp;<\/p>\n<p><a href=\"http:\/\/editorial.ulagos.cl\/wp-content\/uploads\/2021\/04\/epublogo2-e1650635571221.jpg\" data-lity=\"\" data-title=\"\">. \u00a0<\/a><a href=\"http:\/\/editorial.ulagos.cl\/wp-content\/uploads\/2022\/06\/Fu\u0308tawillimapu.epub\" target=\"_blank\" rel=\"noopener noreferrer\"><img decoding=\"async\" loading=\"lazy\" class=\"img-responsive alignnone\" style=\"width: 64px; height: 72px;\" src=\"http:\/\/editorial.ulagos.cl\/wp-content\/uploads\/2021\/04\/epublogo2-e1650635571221.jpg\" alt=\"none\" width=\"65\" height=\"73\" \/><\/a><a href=\"http:\/\/editorial.ulagos.cl\/wp-content\/uploads\/2022\/06\/Fu\u0308tawillimapu.epub\">Fu\u0308tawillimapu<\/a>[\/vc_column_text][\/vc_column][vc_column width=\u00bb1\/2&#8243;][vc_single_image image=\u00bb1679&#8243; img_size=\u00bblarge\u00bb][\/vc_column][\/vc_row]<\/p>\n","protected":false},"excerpt":{"rendered":"<p>[vc_row][vc_column width=\u00bb1\/2&#8243;][vc_column_text] Pilar Alvarez-Santullano y Amilcar Forno (editores) De tantas formas puede hablarnos el Butawillimapu. A trav\u00e9s de sus cap\u00edtulos y componentes textuales, este libro nos presenta distintas v\u00edas para aproximarnos a \u00e9l. Desde la experiencia y desde la ciencia, desde la historia y desde el arte, desde el estudio de las pr\u00e1cticas o desde [&hellip;]<\/p>\n","protected":false},"author":2,"featured_media":0,"parent":0,"menu_order":0,"comment_status":"closed","ping_status":"closed","template":"","meta":[],"categories":[],"tags":[],"_links":{"self":[{"href":"https:\/\/editorial.ulagos.cl\/home\/wp-json\/wp\/v2\/pages\/1682"}],"collection":[{"href":"https:\/\/editorial.ulagos.cl\/home\/wp-json\/wp\/v2\/pages"}],"about":[{"href":"https:\/\/editorial.ulagos.cl\/home\/wp-json\/wp\/v2\/types\/page"}],"author":[{"embeddable":true,"href":"https:\/\/editorial.ulagos.cl\/home\/wp-json\/wp\/v2\/users\/2"}],"replies":[{"embeddable":true,"href":"https:\/\/editorial.ulagos.cl\/home\/wp-json\/wp\/v2\/comments?post=1682"}],"version-history":[{"count":3,"href":"https:\/\/editorial.ulagos.cl\/home\/wp-json\/wp\/v2\/pages\/1682\/revisions"}],"predecessor-version":[{"id":1688,"href":"https:\/\/editorial.ulagos.cl\/home\/wp-json\/wp\/v2\/pages\/1682\/revisions\/1688"}],"wp:attachment":[{"href":"https:\/\/editorial.ulagos.cl\/home\/wp-json\/wp\/v2\/media?parent=1682"}],"wp:term":[{"taxonomy":"category","embeddable":true,"href":"https:\/\/editorial.ulagos.cl\/home\/wp-json\/wp\/v2\/categories?post=1682"},{"taxonomy":"post_tag","embeddable":true,"href":"https:\/\/editorial.ulagos.cl\/home\/wp-json\/wp\/v2\/tags?post=1682"}],"curies":[{"name":"wp","href":"https:\/\/api.w.org\/{rel}","templated":true}]}}