{"id":1738,"date":"2023-01-27T14:35:35","date_gmt":"2023-01-27T13:35:35","guid":{"rendered":"http:\/\/editorial.ulagos.cl\/?page_id=1738"},"modified":"2023-01-27T14:36:58","modified_gmt":"2023-01-27T13:36:58","slug":"la-comunicacion-como-ambito-de-comunion","status":"publish","type":"page","link":"https:\/\/editorial.ulagos.cl\/home\/la-comunicacion-como-ambito-de-comunion\/","title":{"rendered":"LA COMUNICACI\u00d3N COMO \u00c1MBITO DE COMUNI\u00d3N"},"content":{"rendered":"<p>[vc_row][vc_column width=\u00bb1\/2&#8243;][vc_column_text]EL legado de Juan Luis Ysern de Arce<\/p>\n<p>&nbsp;<\/p>\n<p>&nbsp;<\/p>\n<p><strong>Roberto Urbina Avenda\u00f1o<\/strong><\/p>\n<p>ISBN:<\/p>\n<p>DOI:<\/p>\n<p><a href=\"http:\/\/editorial.ulagos.cl\/wp-content\/uploads\/2023\/01\/La-comunicacion-como-ambito-de-comunion.pdf\" target=\"_blank\" rel=\"noopener noreferrer\" data-lity=\"\" data-title=\"\"><img decoding=\"async\" loading=\"lazy\" class=\"img-responsive alignnone\" style=\"width: 70px; height: 70px;\" src=\"http:\/\/editorial.ulagos.cl\/wp-content\/uploads\/2021\/04\/pdflogo-e1620831312474.jpg\" alt=\"none\" width=\"300\" height=\"300\" \/><\/a>\u00a0<a class=\"file\" href=\"http:\/\/editorial.ulagos.cl\/wp-content\/uploads\/2023\/01\/La-comunicacion-como-ambito-de-comunion.pdf\">La comunicaci\u00f3n como \u00e1mbito de comuni\u00f3n<\/a><\/p>\n<p><a href=\"http:\/\/editorial.ulagos.cl\/wp-content\/uploads\/2021\/04\/epublogo2-e1650635571221.jpg\" data-lity=\"\" data-title=\"\"><img decoding=\"async\" class=\"img-responsive\" style=\"width: 63px; height: 71px;\" src=\"http:\/\/editorial.ulagos.cl\/wp-content\/uploads\/2021\/04\/epublogo2-e1650635571221.jpg\" alt=\"none\" \/><\/a>\u00a0 <a href=\"http:\/\/editorial.ulagos.cl\/wp-content\/uploads\/2023\/01\/La-comunicacio\u0301n-como-ambito-de-comunio\u0301n.epub\">La comunicacio\u0301n como \u00e1mbito de comunio\u0301n<\/a>[\/vc_column_text][\/vc_column][vc_column width=\u00bb1\/2&#8243;][vc_single_image image=\u00bb1741&#8243; img_size=\u00bblarge\u00bb][\/vc_column][\/vc_row]<\/p>\n","protected":false},"excerpt":{"rendered":"<p>[vc_row][vc_column width=\u00bb1\/2&#8243;][vc_column_text]EL legado de Juan Luis Ysern de Arce &nbsp; &nbsp; Roberto Urbina Avenda\u00f1o ISBN: DOI: \u00a0La comunicaci\u00f3n como \u00e1mbito de comuni\u00f3n \u00a0 La comunicacio\u0301n como \u00e1mbito de comunio\u0301n[\/vc_column_text][\/vc_column][vc_column width=\u00bb1\/2&#8243;][vc_single_image image=\u00bb1741&#8243; img_size=\u00bblarge\u00bb][\/vc_column][\/vc_row]<\/p>\n","protected":false},"author":2,"featured_media":0,"parent":0,"menu_order":0,"comment_status":"closed","ping_status":"closed","template":"","meta":[],"categories":[],"tags":[],"_links":{"self":[{"href":"https:\/\/editorial.ulagos.cl\/home\/wp-json\/wp\/v2\/pages\/1738"}],"collection":[{"href":"https:\/\/editorial.ulagos.cl\/home\/wp-json\/wp\/v2\/pages"}],"about":[{"href":"https:\/\/editorial.ulagos.cl\/home\/wp-json\/wp\/v2\/types\/page"}],"author":[{"embeddable":true,"href":"https:\/\/editorial.ulagos.cl\/home\/wp-json\/wp\/v2\/users\/2"}],"replies":[{"embeddable":true,"href":"https:\/\/editorial.ulagos.cl\/home\/wp-json\/wp\/v2\/comments?post=1738"}],"version-history":[{"count":2,"href":"https:\/\/editorial.ulagos.cl\/home\/wp-json\/wp\/v2\/pages\/1738\/revisions"}],"predecessor-version":[{"id":1743,"href":"https:\/\/editorial.ulagos.cl\/home\/wp-json\/wp\/v2\/pages\/1738\/revisions\/1743"}],"wp:attachment":[{"href":"https:\/\/editorial.ulagos.cl\/home\/wp-json\/wp\/v2\/media?parent=1738"}],"wp:term":[{"taxonomy":"category","embeddable":true,"href":"https:\/\/editorial.ulagos.cl\/home\/wp-json\/wp\/v2\/categories?post=1738"},{"taxonomy":"post_tag","embeddable":true,"href":"https:\/\/editorial.ulagos.cl\/home\/wp-json\/wp\/v2\/tags?post=1738"}],"curies":[{"name":"wp","href":"https:\/\/api.w.org\/{rel}","templated":true}]}}