{"id":1785,"date":"2023-03-27T14:19:01","date_gmt":"2023-03-27T12:19:01","guid":{"rendered":"http:\/\/editorial.ulagos.cl\/?page_id=1785"},"modified":"2023-03-27T14:23:43","modified_gmt":"2023-03-27T12:23:43","slug":"enfoque-onto-semiotico-del-conocimiento-y-la-instruccion-matematicos-investigaciones-y-desarrollos-en-america-latina","status":"publish","type":"page","link":"https:\/\/editorial.ulagos.cl\/home\/enfoque-onto-semiotico-del-conocimiento-y-la-instruccion-matematicos-investigaciones-y-desarrollos-en-america-latina\/","title":{"rendered":"ENFOQUE ONTO-SEMI\u00d3TICO DEL CONOCIMIENTO Y LA INSTRUCCI\u00d3N MATEM\u00c1TICOS: INVESTIGACIONES Y DESARROLLOS EN AMERICA LATINA"},"content":{"rendered":"<p>[vc_row][vc_column width=\u00bb1\/2&#8243;][vc_column_text]<\/p>\n<p class=\"p1\"><strong>ENFOQUE ONTO-SEMI\u00d3TICO DEL CONOCIMIENTO Y LA INSTRUCCI\u00d3N MATEM\u00c1TICOS: INVESTIGACIONES Y DESARROLLOS EN AMERICA LATINA<\/strong><\/p>\n<p>En este libro se han plasmado una serie de investigaciones de Educaci\u00f3n Matem\u00e1tica que se est\u00e1n desarrollando en Am\u00e9rica Latina con el uso de las herramientas te\u00f3rico-metodol\u00f3gicas del Enfoque Onto-Semi\u00f3tico del Conocimiento y la Instrucci\u00f3n Matem\u00e1ticos. Los avances de investigaciones que defilan por estas p\u00e1ginas tienen problem\u00e1ticas que se centran en contenidos matem\u00e1ticos de la geometr\u00eda, trigonometr\u00eda, c\u00e1lculo, estad\u00edstica, \u00e1lgebra y aritm\u00e9tica, invitando al lector a redescubrir las posibilidades y bondades que ofrece el Enfoque Ontosemi\u00f3tico (EOS) para abordar distintos fen\u00f3menos de la Educaci\u00f3n Matem\u00e1tica, desde el punto de vista de la investigaci\u00f3n; pero tambi\u00e9n algunos cap\u00edtulos nos ejemplifican c\u00f3mo las herramientas te\u00f3rico metodol\u00f3gicas del pueden contribuir para la \u201cacci\u00f3n\u201d, permitiendo mejorar la pr\u00e1ctica del profesor y desarrollar procesos de estudio que promuevan de manera significativa los procesos de ense\u00f1anza y de aprendizaje de las Matem\u00e1ticas, esto es, de la teor\u00eda a la pr\u00e1ctica.<\/p>\n<p>&nbsp;<\/p>\n<p>ISBN: 978-956-6043-77-5<\/p>\n<p>DOI:<\/p>\n<p><a href=\"http:\/\/editorial.ulagos.cl\/wp-content\/uploads\/2023\/03\/Enfoque-Onto-semiotico.pdf\" target=\"_blank\" rel=\"noopener noreferrer\" data-lity=\"\" data-title=\"\"><img decoding=\"async\" loading=\"lazy\" class=\"img-responsive alignnone\" style=\"width: 69px; height: 69px;\" src=\"http:\/\/editorial.ulagos.cl\/wp-content\/uploads\/2021\/04\/pdflogo-e1620831312474.jpg\" alt=\"none\" width=\"300\" height=\"300\" \/><\/a><a class=\"file\" href=\"http:\/\/editorial.ulagos.cl\/wp-content\/uploads\/2023\/03\/Enfoque-Onto-semiotico.pdf\" target=\"_blank\" rel=\"noopener noreferrer\">Enfoque Onto-semiotico<\/a>[\/vc_column_text][\/vc_column][vc_column width=\u00bb1\/2&#8243;][vc_single_image image=\u00bb1783&#8243; img_size=\u00bblarge\u00bb][\/vc_column][\/vc_row]<\/p>\n","protected":false},"excerpt":{"rendered":"<p>[vc_row][vc_column width=\u00bb1\/2&#8243;][vc_column_text] ENFOQUE ONTO-SEMI\u00d3TICO DEL CONOCIMIENTO Y LA INSTRUCCI\u00d3N MATEM\u00c1TICOS: INVESTIGACIONES Y DESARROLLOS EN AMERICA LATINA En este libro se han plasmado una serie de investigaciones de Educaci\u00f3n Matem\u00e1tica que se est\u00e1n desarrollando en Am\u00e9rica Latina con el uso de las herramientas te\u00f3rico-metodol\u00f3gicas del Enfoque Onto-Semi\u00f3tico del Conocimiento y la Instrucci\u00f3n Matem\u00e1ticos. Los avances de [&hellip;]<\/p>\n","protected":false},"author":2,"featured_media":0,"parent":0,"menu_order":0,"comment_status":"closed","ping_status":"closed","template":"","meta":[],"categories":[],"tags":[],"_links":{"self":[{"href":"https:\/\/editorial.ulagos.cl\/home\/wp-json\/wp\/v2\/pages\/1785"}],"collection":[{"href":"https:\/\/editorial.ulagos.cl\/home\/wp-json\/wp\/v2\/pages"}],"about":[{"href":"https:\/\/editorial.ulagos.cl\/home\/wp-json\/wp\/v2\/types\/page"}],"author":[{"embeddable":true,"href":"https:\/\/editorial.ulagos.cl\/home\/wp-json\/wp\/v2\/users\/2"}],"replies":[{"embeddable":true,"href":"https:\/\/editorial.ulagos.cl\/home\/wp-json\/wp\/v2\/comments?post=1785"}],"version-history":[{"count":3,"href":"https:\/\/editorial.ulagos.cl\/home\/wp-json\/wp\/v2\/pages\/1785\/revisions"}],"predecessor-version":[{"id":1788,"href":"https:\/\/editorial.ulagos.cl\/home\/wp-json\/wp\/v2\/pages\/1785\/revisions\/1788"}],"wp:attachment":[{"href":"https:\/\/editorial.ulagos.cl\/home\/wp-json\/wp\/v2\/media?parent=1785"}],"wp:term":[{"taxonomy":"category","embeddable":true,"href":"https:\/\/editorial.ulagos.cl\/home\/wp-json\/wp\/v2\/categories?post=1785"},{"taxonomy":"post_tag","embeddable":true,"href":"https:\/\/editorial.ulagos.cl\/home\/wp-json\/wp\/v2\/tags?post=1785"}],"curies":[{"name":"wp","href":"https:\/\/api.w.org\/{rel}","templated":true}]}}