{"id":1925,"date":"2024-01-22T10:34:30","date_gmt":"2024-01-22T13:34:30","guid":{"rendered":"https:\/\/editorial.ulagos.cl\/home\/?page_id=1925"},"modified":"2024-01-24T17:13:19","modified_gmt":"2024-01-24T20:13:19","slug":"sindromes-geriatricos","status":"publish","type":"page","link":"https:\/\/editorial.ulagos.cl\/home\/sindromes-geriatricos\/","title":{"rendered":"S\u00edndromes Geri\u00e1tricos"},"content":{"rendered":"<p>[vc_row][vc_column width=\u00bb1\/2&#8243;][vc_column_text]S\u00edndromes Geri\u00e1tricos<\/p>\n<p class=\"p2\"><b>Perspectivas del cuidado en el contexto de la atenci\u00f3n <\/b><b>primaria en salud<\/b><\/p>\n<p class=\"p1\">Carlos Alberto Fern\u00e1ndez-Silva<\/p>\n<p class=\"p1\">Claudia Cannobbio Chiguay<\/p>\n<p class=\"p1\"><a class=\"linkimagen\" href=\"http:\/\/editorial.ulagos.cl\/wp-content\/uploads\/2024\/01\/Sindromes-geriatricos.pdf\" target=\"_blank\" rel=\"noopener\"><img decoding=\"async\" loading=\"lazy\" class=\"img-responsive alignnone\" style=\"width: 36px; height: 36px;\" src=\"http:\/\/editorial.ulagos.cl\/wp-content\/uploads\/2021\/04\/pdflogo-e1620831312474.jpg\" alt=\"none\" width=\"300\" height=\"300\" \/><\/a><a href=\"http:\/\/editorial.ulagos.cl\/wp-content\/uploads\/2024\/01\/Si\u0301ndromes-Geria\u0301tricos-Coleccio\u0301n-Michay.pdf\">Si\u0301ndromes Geria\u0301tricos-Coleccio\u0301n Michay<\/a><\/p>\n<p class=\"p1\">ISBN: 978-956-6043-66-9<\/p>\n<p>[\/vc_column_text][\/vc_column][vc_column width=\u00bb1\/2&#8243;][vc_single_image image=\u00bb1934&#8243; img_size=\u00bbfull\u00bb style=\u00bbvc_box_shadow\u00bb onclick=\u00bbimg_link_large\u00bb][\/vc_column][\/vc_row]<\/p>\n","protected":false},"excerpt":{"rendered":"<p>[vc_row][vc_column width=\u00bb1\/2&#8243;][vc_column_text]S\u00edndromes Geri\u00e1tricos Perspectivas del cuidado en el contexto de la atenci\u00f3n primaria en salud Carlos Alberto Fern\u00e1ndez-Silva Claudia Cannobbio Chiguay Si\u0301ndromes Geria\u0301tricos-Coleccio\u0301n Michay ISBN: 978-956-6043-66-9 [\/vc_column_text][\/vc_column][vc_column width=\u00bb1\/2&#8243;][vc_single_image image=\u00bb1934&#8243; img_size=\u00bbfull\u00bb style=\u00bbvc_box_shadow\u00bb onclick=\u00bbimg_link_large\u00bb][\/vc_column][\/vc_row]<\/p>\n","protected":false},"author":2,"featured_media":0,"parent":0,"menu_order":0,"comment_status":"closed","ping_status":"closed","template":"","meta":[],"categories":[],"tags":[],"_links":{"self":[{"href":"https:\/\/editorial.ulagos.cl\/home\/wp-json\/wp\/v2\/pages\/1925"}],"collection":[{"href":"https:\/\/editorial.ulagos.cl\/home\/wp-json\/wp\/v2\/pages"}],"about":[{"href":"https:\/\/editorial.ulagos.cl\/home\/wp-json\/wp\/v2\/types\/page"}],"author":[{"embeddable":true,"href":"https:\/\/editorial.ulagos.cl\/home\/wp-json\/wp\/v2\/users\/2"}],"replies":[{"embeddable":true,"href":"https:\/\/editorial.ulagos.cl\/home\/wp-json\/wp\/v2\/comments?post=1925"}],"version-history":[{"count":8,"href":"https:\/\/editorial.ulagos.cl\/home\/wp-json\/wp\/v2\/pages\/1925\/revisions"}],"predecessor-version":[{"id":1938,"href":"https:\/\/editorial.ulagos.cl\/home\/wp-json\/wp\/v2\/pages\/1925\/revisions\/1938"}],"wp:attachment":[{"href":"https:\/\/editorial.ulagos.cl\/home\/wp-json\/wp\/v2\/media?parent=1925"}],"wp:term":[{"taxonomy":"category","embeddable":true,"href":"https:\/\/editorial.ulagos.cl\/home\/wp-json\/wp\/v2\/categories?post=1925"},{"taxonomy":"post_tag","embeddable":true,"href":"https:\/\/editorial.ulagos.cl\/home\/wp-json\/wp\/v2\/tags?post=1925"}],"curies":[{"name":"wp","href":"https:\/\/api.w.org\/{rel}","templated":true}]}}