{"id":1950,"date":"2024-03-27T17:07:55","date_gmt":"2024-03-27T20:07:55","guid":{"rendered":"https:\/\/editorial.ulagos.cl\/home\/?page_id=1950"},"modified":"2024-03-27T17:07:55","modified_gmt":"2024-03-27T20:07:55","slug":"editorial-ulagos-se-adjudica-proyecto-del-fondo-del-libro-y-la-lectura-2024","status":"publish","type":"page","link":"https:\/\/editorial.ulagos.cl\/home\/editorial-ulagos-se-adjudica-proyecto-del-fondo-del-libro-y-la-lectura-2024\/","title":{"rendered":"Editorial ULagos se adjudica proyecto del Fondo del Libro y la Lectura 2024"},"content":{"rendered":"<p><em><a class=\"linkimagen\" href=\"http:\/\/editorial.ulagos.cl\/wp-content\/uploads\/2024\/03\/foto-libros.jpeg\" data-lity=\"\" data-title=\"\"><img decoding=\"async\" class=\"img-responsive\" style=\"width: 100%; height: auto;\" src=\"http:\/\/editorial.ulagos.cl\/wp-content\/uploads\/2024\/03\/foto-libros.jpeg\" alt=\"none\" \/><\/a><\/em><\/p>\n<p><em>La iniciativa viene a fortalecer el cat\u00e1logo de publicaciones de la Editorial de la Universidad de Los Lagos, con una variedad de t\u00edtulos que abarca Literatura, Pueblos Originarios y Psicolog\u00eda.<\/em><\/p>\n<p>El\u00a0<strong>director del Sistema de Bibliotecas, Sergio Arce Molina<\/strong>, destac\u00f3 que se trata del primer proyecto en esta l\u00ednea que se adjudica la Universidad a trav\u00e9s de su Editorial. \u00ab<em>Anteriormente la Universidad s\u00f3lo hab\u00eda patrocinado postulaciones de acad\u00e9micos y escritores, pero gracias a la gesti\u00f3n del equipo hoy podemos decir que se fortalece el Sello Editorial ULagos, con logros como la adjudicaci\u00f3n de estos fondos\u00bb.<br \/>\n<\/em><br \/>\nPara el\u00a0<strong>Director de la Editorial, Ricardo Casas Tejeda,<\/strong>\u00a0\u00ab<em>la adjudicaci\u00f3n de este proyecto es un aporte importante a la formaci\u00f3n de nuestros estudiantes y tambi\u00e9n a la vinculaci\u00f3n con el medio, especialmente en el \u00e1rea de pueblos originarios y creaci\u00f3n literaria, aprovecho de agradecer a Gabriela Balbont\u00edn, gestora del proyecto; Alexis Hern\u00e1ndez, dise\u00f1ador de la editorial; Ver\u00f3nica Alvarado Angulo, Directora de Proyectos Institucionales, por su acompa\u00f1amiento en el proceso de formulaci\u00f3n del proyecto; a todos los autores que confiaron en la universidad y por supuesto al Ministerio de la Cultura, las Artes y el Patrimonio por continuar apoyando la industria del libro en regiones\u00bb.<br \/>\n<\/em><br \/>\nEl proyecto \u00abReediciones &amp; Traducci\u00f3n\u00bb \u00a0contempla, entre otros, la publicaci\u00f3n de \u00abR\u00edo Estigia\u00bb (poes\u00eda bilingu\u0308e espa\u00f1ol-ingl\u00e9s) y \u00abLa ense\u00f1anza de la literatura como pr\u00e1ctica de liberaci\u00f3n\u00bb (reedici\u00f3n de ensayo), ambos libros de\u00a0<strong>Sergio Mansilla Torres<\/strong>, quien seg\u00fan sus propias palabras al comunicarle la noticia record\u00f3 con afecto que \u00ab<em>puedo decir que en las aulas de la Universidad de Los Lagos me form\u00e9 como acad\u00e9mico universitario y me alegra poder estar presente con mi trabajo, literario y pedag\u00f3gico, a trav\u00e9s del sello editorial de la universidad\u201d.<\/em><\/p>\n<p>Dos t\u00edtulos que ser\u00e1n publicados tienen especial importancia para el trabajo docente en el plano antropol\u00f3gico, de los estudios del lenguaje y de Pueblos Originarios. Se trata de \u00abGram\u00e1tica de la Lengua Mapuche\u00bb (traducci\u00f3n del ingl\u00e9s) de Ineke Smeets, cuya edici\u00f3n estuvo a cargo de C\u00e9sar P\u00e9rez Guarda, Antrop\u00f3logo que forma parte de universidad, y \u00abFutawillimapu\u00bb (reedici\u00f3n de cr\u00f3nicas) de Pilar Alvarez-Santullano y Amilcar Forno, que adem\u00e1s pone en relieve el legado como investigadora que la profesora \u00c1lvarez-Santullano dej\u00f3 a la comunidad universitaria. Finalmente, en el \u00e1mbito de las Ciencias Sociales se publicar\u00e1 \u00abJacques Lacan y lo fundamental del psicoan\u00e1lisis\u00bb (reedici\u00f3n cr\u00edtica), cuyo autor Gonzalo Miranda, es acad\u00e9mico de la carrera de Psicolog\u00eda, lo que viene a fortalecer los procesos de formaci\u00f3n de los estudiantes, con esta obra de primer nivel.<\/p>\n<p>De cada t\u00edtulo se publicar\u00e1n suficientes ejemplares para posicionar ampliamente al Sello Editorial ULagos, impactando positivamente al trabajo que realiza la Universidad, a trav\u00e9s del Sistema de Bibliotecas, en todo el territorio regional y nacional.<\/p>\n<p>&nbsp;<\/p>\n","protected":false},"excerpt":{"rendered":"<p>La iniciativa viene a fortalecer el cat\u00e1logo de publicaciones de la Editorial de la Universidad de Los Lagos, con una variedad de t\u00edtulos que abarca Literatura, Pueblos Originarios y Psicolog\u00eda. El\u00a0director del Sistema de Bibliotecas, Sergio Arce Molina, destac\u00f3 que se trata del primer proyecto en esta l\u00ednea que se adjudica la Universidad a trav\u00e9s [&hellip;]<\/p>\n","protected":false},"author":2,"featured_media":1951,"parent":0,"menu_order":0,"comment_status":"closed","ping_status":"closed","template":"","meta":[],"categories":[9],"tags":[5],"_links":{"self":[{"href":"https:\/\/editorial.ulagos.cl\/home\/wp-json\/wp\/v2\/pages\/1950"}],"collection":[{"href":"https:\/\/editorial.ulagos.cl\/home\/wp-json\/wp\/v2\/pages"}],"about":[{"href":"https:\/\/editorial.ulagos.cl\/home\/wp-json\/wp\/v2\/types\/page"}],"author":[{"embeddable":true,"href":"https:\/\/editorial.ulagos.cl\/home\/wp-json\/wp\/v2\/users\/2"}],"replies":[{"embeddable":true,"href":"https:\/\/editorial.ulagos.cl\/home\/wp-json\/wp\/v2\/comments?post=1950"}],"version-history":[{"count":1,"href":"https:\/\/editorial.ulagos.cl\/home\/wp-json\/wp\/v2\/pages\/1950\/revisions"}],"predecessor-version":[{"id":1952,"href":"https:\/\/editorial.ulagos.cl\/home\/wp-json\/wp\/v2\/pages\/1950\/revisions\/1952"}],"wp:featuredmedia":[{"embeddable":true,"href":"https:\/\/editorial.ulagos.cl\/home\/wp-json\/wp\/v2\/media\/1951"}],"wp:attachment":[{"href":"https:\/\/editorial.ulagos.cl\/home\/wp-json\/wp\/v2\/media?parent=1950"}],"wp:term":[{"taxonomy":"category","embeddable":true,"href":"https:\/\/editorial.ulagos.cl\/home\/wp-json\/wp\/v2\/categories?post=1950"},{"taxonomy":"post_tag","embeddable":true,"href":"https:\/\/editorial.ulagos.cl\/home\/wp-json\/wp\/v2\/tags?post=1950"}],"curies":[{"name":"wp","href":"https:\/\/api.w.org\/{rel}","templated":true}]}}