{"id":1958,"date":"2024-04-17T15:42:15","date_gmt":"2024-04-17T19:42:15","guid":{"rendered":"https:\/\/editorial.ulagos.cl\/home\/?page_id=1958"},"modified":"2024-05-31T12:56:25","modified_gmt":"2024-05-31T16:56:25","slug":"perspectivas-y-desafios-de-las-universidades-publicas-en-chile","status":"publish","type":"page","link":"https:\/\/editorial.ulagos.cl\/home\/perspectivas-y-desafios-de-las-universidades-publicas-en-chile\/","title":{"rendered":"Perspectivas y desaf\u00edos de las universidades p\u00fablicas en Chile"},"content":{"rendered":"<p>[vc_row][vc_column width=\u00bb1\/2&#8243;][vc_column_text]<\/p>\n<h4>Marco institucional y resiliencia de las universidades estatales<\/h4>\n<p><em><strong>Oscar Garrido y Claudio Rivera<\/strong><\/em><\/p>\n<p class=\"p1\" style=\"text-align: left;\">Este libro re\u00fane ensayos realizados por autoridades universitarias chilenas para reflexionar cr\u00edticamente acerca de los desaf\u00edos que enfrentan las universidades p\u00fablicas, las que han jugado un rol decisivo en el desarrollo del pa\u00eds; formando t\u00e9cnicos, profesionales y postgraduados; contribuyendo con conocimiento cient\u00edfico; promoviendo el arte y la cultura; y articul\u00e1ndose con su entorno significante para enfrentar desaf\u00edos regionales y nacionales.<\/p>\n<p class=\"p1\" style=\"text-align: left;\">Por ello, analizar los desaf\u00edos y perspectivas de las universidades p\u00fablicas hoy, contribuye no solo a poner la mirada en el presente y el futuro, sino tambi\u00e9n a reflexionar sist\u00e9micamente en torno a la educaci\u00f3n superior en Chile. Los autores y autoras abordan en el libro tres grandes t\u00f3picos: transformaciones sist\u00e9micas del sistema de educaci\u00f3n superior en Chile, pol\u00edticas e instrumentos de gesti\u00f3n de las instituciones de educaci\u00f3n superior y trayectorias institucionales distintivas de universidades estatales.<\/p>\n<p class=\"p1\" style=\"text-align: left;\">En su conjunto, las reflexiones de los y las autoras ayudan a comprender el exigente escenario que han debido enfrentar y a\u00fan enfrentan las universidades p\u00fablicas, en un contexto desfavorable para el desarrollo de las instituciones estatales. Del mismo modo, los ensayos dan cuenta de las estrategias adaptativas y resiliencia de las instituciones de educaci\u00f3n superior p\u00fablicas en Chile.<\/p>\n<p><a class=\"linkimagen\" href=\"http:\/\/editorial.ulagos.cl\/wp-content\/uploads\/2024\/05\/Perspectivas_y_desafios_de_las_universidades.pdf\" target=\"_blank\" rel=\"noopener\" data-lity=\"\" data-title=\"\"><img decoding=\"async\" loading=\"lazy\" class=\"img-responsive alignnone\" style=\"width: 47px; height: 47px;\" src=\"http:\/\/editorial.ulagos.cl\/wp-content\/uploads\/2021\/04\/pdflogo-e1620831312474.jpg\" alt=\"none\" width=\"300\" height=\"300\" \/><\/a>\u00a0<a href=\"http:\/\/editorial.ulagos.cl\/wp-content\/uploads\/2024\/05\/Perspectivas_y_desafios_de_las_universidades.pdf\" target=\"_blank\" rel=\"noopener\">Perspectivas_y_desafios_de_las_universidades<\/a><\/p>\n<p>ISBN: 978-956-6043-92-8<span class=\"Apple-converted-space\">\u00a0<\/span><\/p>\n<p>DOI: \u00a0<a href=\"https:\/\/doi.org\/10.32735\/978-956-6043-91-1-2024\">https:\/\/doi.org\/10.32735\/978-956-6043-91-1-2024<\/a>[\/vc_column_text][\/vc_column][vc_column width=\u00bb1\/2&#8243;][vc_single_image image=\u00bb1957&#8243; img_size=\u00bblarge\u00bb][\/vc_column][\/vc_row]<\/p>\n","protected":false},"excerpt":{"rendered":"<p>[vc_row][vc_column width=\u00bb1\/2&#8243;][vc_column_text] Marco institucional y resiliencia de las universidades estatales Oscar Garrido y Claudio Rivera Este libro re\u00fane ensayos realizados por autoridades universitarias chilenas para reflexionar cr\u00edticamente acerca de los desaf\u00edos que enfrentan las universidades p\u00fablicas, las que han jugado un rol decisivo en el desarrollo del pa\u00eds; formando t\u00e9cnicos, profesionales y postgraduados; contribuyendo con [&hellip;]<\/p>\n","protected":false},"author":2,"featured_media":0,"parent":0,"menu_order":0,"comment_status":"closed","ping_status":"closed","template":"","meta":[],"categories":[],"tags":[],"_links":{"self":[{"href":"https:\/\/editorial.ulagos.cl\/home\/wp-json\/wp\/v2\/pages\/1958"}],"collection":[{"href":"https:\/\/editorial.ulagos.cl\/home\/wp-json\/wp\/v2\/pages"}],"about":[{"href":"https:\/\/editorial.ulagos.cl\/home\/wp-json\/wp\/v2\/types\/page"}],"author":[{"embeddable":true,"href":"https:\/\/editorial.ulagos.cl\/home\/wp-json\/wp\/v2\/users\/2"}],"replies":[{"embeddable":true,"href":"https:\/\/editorial.ulagos.cl\/home\/wp-json\/wp\/v2\/comments?post=1958"}],"version-history":[{"count":7,"href":"https:\/\/editorial.ulagos.cl\/home\/wp-json\/wp\/v2\/pages\/1958\/revisions"}],"predecessor-version":[{"id":1988,"href":"https:\/\/editorial.ulagos.cl\/home\/wp-json\/wp\/v2\/pages\/1958\/revisions\/1988"}],"wp:attachment":[{"href":"https:\/\/editorial.ulagos.cl\/home\/wp-json\/wp\/v2\/media?parent=1958"}],"wp:term":[{"taxonomy":"category","embeddable":true,"href":"https:\/\/editorial.ulagos.cl\/home\/wp-json\/wp\/v2\/categories?post=1958"},{"taxonomy":"post_tag","embeddable":true,"href":"https:\/\/editorial.ulagos.cl\/home\/wp-json\/wp\/v2\/tags?post=1958"}],"curies":[{"name":"wp","href":"https:\/\/api.w.org\/{rel}","templated":true}]}}