{"id":1977,"date":"2024-05-29T11:16:39","date_gmt":"2024-05-29T15:16:39","guid":{"rendered":"https:\/\/editorial.ulagos.cl\/home\/?page_id=1977"},"modified":"2024-05-29T11:17:24","modified_gmt":"2024-05-29T15:17:24","slug":"politicaspublicas","status":"publish","type":"page","link":"https:\/\/editorial.ulagos.cl\/home\/politicaspublicas\/","title":{"rendered":"POL\u00cdTICAS P\u00daBLICAS, PROCESOS Y DIN\u00c1MICAS DEL DESARROLLO TERRITORIAL EN EL CONO SUR DE AM\u00c9RICA LATINA"},"content":{"rendered":"<p>[vc_row][vc_column width=\u00bb1\/2&#8243;][vc_column_text]<\/p>\n<p class=\"p1\"><b>Editores:<\/b><\/p>\n<h5 class=\"p2\">Dr. Marcel Andr\u00e9 Th\u00e9za Manr\u00edquez,Universidad de los Lagos, Chile.<\/h5>\n<h5 class=\"p2\">Dr. Rog\u00e9rio Leandro Lima da Silveira, Universidade de Santa Cruz do Sul, UNISC, Brasil.<\/h5>\n<h5 class=\"p2\">Dr. H\u00e9ctor Mart\u00edn Civitaresi,Universidad Nacional de R\u00edo Negro, Argentina.<\/h5>\n<p>&nbsp;<\/p>\n<p class=\"p1\">Las pol\u00edticas p\u00fablicas, particularmente aquellas que buscan enfrentar los llamados desaf\u00edos clave del desarrollo, hist\u00f3ricamente han tratado de promover procesos estructurales de dinamismo integral. Estos procesos fueron fundamentalmente concebidos e implementados, ya sea desde una idea de modernidad, independencia econ\u00f3mica, generaci\u00f3n de riqueza o, incluso, desde un imperativo de expansi\u00f3n de la democracia, tanto pol\u00edtica como social. En la actualidad, a todo lo anterior se suma el desaf\u00edo del reconocimiento cultural e identitario.<\/p>\n<p class=\"p2\">Estas pol\u00edticas \u2014y sus respectivas experimentaciones\u2014 se han llevado a cabo en contextos de profundas asimetr\u00edas y desigualdades sociales y territoriales. Es importante destacar que a ello tambi\u00e9n se une una creciente din\u00e1mica de contradicci\u00f3n y conflicto entre los propios actores del desarrollo.<span class=\"Apple-converted-space\">\u00a0<\/span><\/p>\n<p class=\"p2\">Por ello, este tema hoy parece estar expuesto a un contexto de m\u00faltiples variables institucionales, sociales, culturales y ambientales que obligan a una nueva preocupaci\u00f3n \u2014en algunos casos reconfigurada\u2014 por las condiciones materiales de inclusi\u00f3n social y sus requerimientos distributivos y redistributivos, por la seguridad ecol\u00f3gica y la eventual apor\u00eda entre protecci\u00f3n del medioambiente y crecimiento econ\u00f3mico, por el inter\u00e9s en el control estrat\u00e9gico de los recursos naturales, y, sobre todo, por las exigencias de la democracia pol\u00edtica (nuevas reglas del juego) y la democracia social, con el surgimiento de nuevos actores en la discusi\u00f3n sobre el contrato social y sobre los valores que al respecto hoy est\u00e1n en disputa.<\/p>\n<p class=\"p1\">Este libro colectivo, producido por la colaboraci\u00f3n entre investigadores de la Universidad de Los Lagos (Chile), la Universidad de Santa Cruz do Sul (Brasil) y la Universidad Nacional de R\u00edo Negro (Argentina), busca, en este marco, observar procesos y din\u00e1micas que est\u00e1n reconfigurando el dise\u00f1o e implementaci\u00f3n de pol\u00edticas de desarrollo territorial en el Cono Sur de Am\u00e9rica Latina.<span class=\"Apple-converted-space\">\u00a0<\/span><\/p>\n<p><a class=\"linkimagen\" href=\"Este libro colectivo, producido por la colaboraci\u00f3n entre investigadores de la Universidad de Los Lagos (Chile), la Universidad de Santa Cruz do Sul (Brasil) y la Universidad Nacional de R\u00edo Negro (Argentina), busca, en este marco, observar procesos y din\u00e1micas que est\u00e1n reconfigurando el dise\u00f1o e implementaci\u00f3n de pol\u00edticas de desarrollo territorial en el Cono Sur de Am\u00e9rica Latina.\" target=\"_blank\" rel=\"noopener\" data-lity=\"\" data-title=\"\"><img decoding=\"async\" loading=\"lazy\" class=\"img-responsive alignnone\" style=\"width: 54px; height: 54px;\" src=\"http:\/\/editorial.ulagos.cl\/wp-content\/uploads\/2021\/04\/pdflogo-e1620831312474.jpg\" alt=\"none\" width=\"300\" height=\"300\" \/><\/a><\/p>\n<p><a href=\"http:\/\/editorial.ulagos.cl\/wp-content\/uploads\/2024\/05\/Libro-Politicas-Publicas_2023.pdf\">Libro Politicas Publicas_2023<\/a><\/p>\n<p class=\"p1\">ISBN: 978-956-6043-88-1<\/p>\n<p>[\/vc_column_text][\/vc_column][vc_column width=\u00bb1\/2&#8243;][vc_single_image image=\u00bb1978&#8243; img_size=\u00bblarge\u00bb][\/vc_column][\/vc_row]<\/p>\n","protected":false},"excerpt":{"rendered":"<p>[vc_row][vc_column width=\u00bb1\/2&#8243;][vc_column_text] Editores: Dr. Marcel Andr\u00e9 Th\u00e9za Manr\u00edquez,Universidad de los Lagos, Chile. Dr. Rog\u00e9rio Leandro Lima da Silveira, Universidade de Santa Cruz do Sul, UNISC, Brasil. Dr. H\u00e9ctor Mart\u00edn Civitaresi,Universidad Nacional de R\u00edo Negro, Argentina. &nbsp; Las pol\u00edticas p\u00fablicas, particularmente aquellas que buscan enfrentar los llamados desaf\u00edos clave del desarrollo, hist\u00f3ricamente han tratado de promover [&hellip;]<\/p>\n","protected":false},"author":2,"featured_media":0,"parent":0,"menu_order":0,"comment_status":"closed","ping_status":"closed","template":"","meta":[],"categories":[],"tags":[],"_links":{"self":[{"href":"https:\/\/editorial.ulagos.cl\/home\/wp-json\/wp\/v2\/pages\/1977"}],"collection":[{"href":"https:\/\/editorial.ulagos.cl\/home\/wp-json\/wp\/v2\/pages"}],"about":[{"href":"https:\/\/editorial.ulagos.cl\/home\/wp-json\/wp\/v2\/types\/page"}],"author":[{"embeddable":true,"href":"https:\/\/editorial.ulagos.cl\/home\/wp-json\/wp\/v2\/users\/2"}],"replies":[{"embeddable":true,"href":"https:\/\/editorial.ulagos.cl\/home\/wp-json\/wp\/v2\/comments?post=1977"}],"version-history":[{"count":4,"href":"https:\/\/editorial.ulagos.cl\/home\/wp-json\/wp\/v2\/pages\/1977\/revisions"}],"predecessor-version":[{"id":1983,"href":"https:\/\/editorial.ulagos.cl\/home\/wp-json\/wp\/v2\/pages\/1977\/revisions\/1983"}],"wp:attachment":[{"href":"https:\/\/editorial.ulagos.cl\/home\/wp-json\/wp\/v2\/media?parent=1977"}],"wp:term":[{"taxonomy":"category","embeddable":true,"href":"https:\/\/editorial.ulagos.cl\/home\/wp-json\/wp\/v2\/categories?post=1977"},{"taxonomy":"post_tag","embeddable":true,"href":"https:\/\/editorial.ulagos.cl\/home\/wp-json\/wp\/v2\/tags?post=1977"}],"curies":[{"name":"wp","href":"https:\/\/api.w.org\/{rel}","templated":true}]}}