{"id":2014,"date":"2024-08-30T15:51:50","date_gmt":"2024-08-30T19:51:50","guid":{"rendered":"https:\/\/editorial.ulagos.cl\/home\/?page_id=2014"},"modified":"2024-08-30T15:52:01","modified_gmt":"2024-08-30T19:52:01","slug":"dentro-fuera-dedans-dehors","status":"publish","type":"page","link":"https:\/\/editorial.ulagos.cl\/home\/dentro-fuera-dedans-dehors\/","title":{"rendered":"Dentro, Fuera \/ Dedans, Dehors"},"content":{"rendered":"<p>[vc_row][vc_column width=\u00bb1\/2&#8243;][vc_column_text]<strong>La condici\u00f3n de extranjero \/ La condition d&#8217;\u00e9tranger<\/strong><\/p>\n<p>Guillaume Le Blanc<\/p>\n<p>(Traducci\u00f3n: Fedra Cuestas y Daniel Jofr\u00e9)<\/p>\n<p>ISBN: 978-956-6043-70-6<\/p>\n<p>&nbsp;<\/p>\n<p>Disponible solo en papel (<a href=\"mailto:editorial@ulagos.cl\"><strong>editorial@ulagos.cl\u00a0<\/strong><\/a>)<\/p>\n<p>[\/vc_column_text][\/vc_column][vc_column width=\u00bb1\/2&#8243;][vc_single_image image=\u00bb2006&#8243; img_size=\u00bblarge\u00bb][\/vc_column][\/vc_row]<\/p>\n","protected":false},"excerpt":{"rendered":"<p>[vc_row][vc_column width=\u00bb1\/2&#8243;][vc_column_text]La condici\u00f3n de extranjero \/ La condition d&#8217;\u00e9tranger Guillaume Le Blanc (Traducci\u00f3n: Fedra Cuestas y Daniel Jofr\u00e9) ISBN: 978-956-6043-70-6 &nbsp; Disponible solo en papel (editorial@ulagos.cl\u00a0) [\/vc_column_text][\/vc_column][vc_column width=\u00bb1\/2&#8243;][vc_single_image image=\u00bb2006&#8243; img_size=\u00bblarge\u00bb][\/vc_column][\/vc_row]<\/p>\n","protected":false},"author":2,"featured_media":0,"parent":0,"menu_order":0,"comment_status":"closed","ping_status":"closed","template":"","meta":[],"categories":[],"tags":[],"_links":{"self":[{"href":"https:\/\/editorial.ulagos.cl\/home\/wp-json\/wp\/v2\/pages\/2014"}],"collection":[{"href":"https:\/\/editorial.ulagos.cl\/home\/wp-json\/wp\/v2\/pages"}],"about":[{"href":"https:\/\/editorial.ulagos.cl\/home\/wp-json\/wp\/v2\/types\/page"}],"author":[{"embeddable":true,"href":"https:\/\/editorial.ulagos.cl\/home\/wp-json\/wp\/v2\/users\/2"}],"replies":[{"embeddable":true,"href":"https:\/\/editorial.ulagos.cl\/home\/wp-json\/wp\/v2\/comments?post=2014"}],"version-history":[{"count":1,"href":"https:\/\/editorial.ulagos.cl\/home\/wp-json\/wp\/v2\/pages\/2014\/revisions"}],"predecessor-version":[{"id":2015,"href":"https:\/\/editorial.ulagos.cl\/home\/wp-json\/wp\/v2\/pages\/2014\/revisions\/2015"}],"wp:attachment":[{"href":"https:\/\/editorial.ulagos.cl\/home\/wp-json\/wp\/v2\/media?parent=2014"}],"wp:term":[{"taxonomy":"category","embeddable":true,"href":"https:\/\/editorial.ulagos.cl\/home\/wp-json\/wp\/v2\/categories?post=2014"},{"taxonomy":"post_tag","embeddable":true,"href":"https:\/\/editorial.ulagos.cl\/home\/wp-json\/wp\/v2\/tags?post=2014"}],"curies":[{"name":"wp","href":"https:\/\/api.w.org\/{rel}","templated":true}]}}