{"id":2017,"date":"2024-08-30T16:00:21","date_gmt":"2024-08-30T20:00:21","guid":{"rendered":"https:\/\/editorial.ulagos.cl\/home\/?page_id=2017"},"modified":"2024-08-30T16:01:01","modified_gmt":"2024-08-30T20:01:01","slug":"jacques-lacan-y-lo-fundamental-del-psicoanalisis","status":"publish","type":"page","link":"https:\/\/editorial.ulagos.cl\/home\/jacques-lacan-y-lo-fundamental-del-psicoanalisis\/","title":{"rendered":"Jacques Lacan y lo fundamental del psicoan\u00e1lisis"},"content":{"rendered":"<p>[vc_row][vc_column width=\u00bb1\/2&#8243;][vc_column_text]<strong>Gonzalo Miranda Hiriart<\/strong><\/p>\n<p><em>3a Re edici\u00f3n<\/em><\/p>\n<p class=\"p2\">El presente libro pone a disposici\u00f3n del p\u00fablico una reedici\u00f3n revisada de uno de los primeros textos que se publicaron en nuestro pa\u00eds desde la orientaci\u00f3n lacaniana, agotado en sus dos ediciones hace m\u00e1s de una d\u00e9cada, y re\u00fane una serie de art\u00edculos y conferencias del autor, en su mayor\u00eda escritos o dictados en la d\u00e9cada de los &#8217;90, cuando el psicoan\u00e1lisis lacaniano daba sus primeros pasos en Chile. Eran, tambi\u00e9n, los a\u00f1os del regreso de la democracia, y Santiago sal\u00eda progresivamente del aislamiento y el oscurantismo de los tiempos de la dictadura.<\/p>\n<p class=\"p2\">El libro contiene tres apartados: cuestiones te\u00f3ricas, cuestiones cl\u00ednicas y psicoan\u00e1lisis y sociedad. Eso refleja bien el tr\u00edpode que sostuvo el campo freudiano desde sus inicios: la lectura de Freud y Lacan, el control y la presentaci\u00f3n de casos, junto al debate sociopol\u00edtico. A pesar de ser textos antiguos, su lectura, adem\u00e1s de amena, muestra la vigencia del pensamiento perturbador de Jacques Lacan. Recomendable tanto para especialistas, como para quienes deseen internarse en la obra de este destacado psicoanalista franc\u00e9s, uno de los m\u00e1s grandes pensadores de la segunda mitad del siglo XX.<\/p>\n<p>&nbsp;<\/p>\n<p>&nbsp;<\/p>\n<p>ISBN: 978-956-6043-79-9<\/p>\n<p>Pr\u00f3ximamente en librer\u00edas[\/vc_column_text][\/vc_column][vc_column width=\u00bb1\/2&#8243;][vc_single_image image=\u00bb2007&#8243; img_size=\u00bblarge\u00bb][\/vc_column][\/vc_row]<\/p>\n","protected":false},"excerpt":{"rendered":"<p>[vc_row][vc_column width=\u00bb1\/2&#8243;][vc_column_text]Gonzalo Miranda Hiriart 3a Re edici\u00f3n El presente libro pone a disposici\u00f3n del p\u00fablico una reedici\u00f3n revisada de uno de los primeros textos que se publicaron en nuestro pa\u00eds desde la orientaci\u00f3n lacaniana, agotado en sus dos ediciones hace m\u00e1s de una d\u00e9cada, y re\u00fane una serie de art\u00edculos y conferencias del autor, en [&hellip;]<\/p>\n","protected":false},"author":2,"featured_media":0,"parent":0,"menu_order":0,"comment_status":"closed","ping_status":"closed","template":"","meta":[],"categories":[],"tags":[],"_links":{"self":[{"href":"https:\/\/editorial.ulagos.cl\/home\/wp-json\/wp\/v2\/pages\/2017"}],"collection":[{"href":"https:\/\/editorial.ulagos.cl\/home\/wp-json\/wp\/v2\/pages"}],"about":[{"href":"https:\/\/editorial.ulagos.cl\/home\/wp-json\/wp\/v2\/types\/page"}],"author":[{"embeddable":true,"href":"https:\/\/editorial.ulagos.cl\/home\/wp-json\/wp\/v2\/users\/2"}],"replies":[{"embeddable":true,"href":"https:\/\/editorial.ulagos.cl\/home\/wp-json\/wp\/v2\/comments?post=2017"}],"version-history":[{"count":1,"href":"https:\/\/editorial.ulagos.cl\/home\/wp-json\/wp\/v2\/pages\/2017\/revisions"}],"predecessor-version":[{"id":2018,"href":"https:\/\/editorial.ulagos.cl\/home\/wp-json\/wp\/v2\/pages\/2017\/revisions\/2018"}],"wp:attachment":[{"href":"https:\/\/editorial.ulagos.cl\/home\/wp-json\/wp\/v2\/media?parent=2017"}],"wp:term":[{"taxonomy":"category","embeddable":true,"href":"https:\/\/editorial.ulagos.cl\/home\/wp-json\/wp\/v2\/categories?post=2017"},{"taxonomy":"post_tag","embeddable":true,"href":"https:\/\/editorial.ulagos.cl\/home\/wp-json\/wp\/v2\/tags?post=2017"}],"curies":[{"name":"wp","href":"https:\/\/api.w.org\/{rel}","templated":true}]}}