{"id":2021,"date":"2024-08-30T16:08:28","date_gmt":"2024-08-30T20:08:28","guid":{"rendered":"https:\/\/editorial.ulagos.cl\/home\/?page_id=2021"},"modified":"2024-08-30T16:08:42","modified_gmt":"2024-08-30T20:08:42","slug":"tiempo-de-disfraces","status":"publish","type":"page","link":"https:\/\/editorial.ulagos.cl\/home\/tiempo-de-disfraces\/","title":{"rendered":"TIEMPO DE DISFRACES"},"content":{"rendered":"<p>[vc_row][vc_column width=\u00bb1\/2&#8243;][vc_column_text]<\/p>\n<h3>Pol\u00edtica y sociedad en los a\u00f1os &#8217;90<\/h3>\n<p><strong>Gonzalo Delamaza<\/strong><\/p>\n<p class=\"p2\">Despu\u00e9s de 2019 se hizo moneda corriente juzgar los treinta a\u00f1os de la democracia postdictatorial, para criticarla o para a\u00f1orarla. Pero, \u00bfc\u00f3mo se fueron desarrollando esos treinta a\u00f1os? \u00bfC\u00f3mo se lleg\u00f3 del amplio consenso inicial de la transici\u00f3n al fuerte cuestionamiento de la misma? Este libro recopila textos escritos por el autor a lo largo y ancho de los a\u00f1os noventa \u2014el primer tercio de los treinta a\u00f1os\u2014 desplegando un an\u00e1lisis cr\u00edtico sobre diversos t\u00f3picos. Estos no representan una s\u00edntesis o juicio posterior, sino que fueron elaborados y publicados acompa\u00f1ando los acontecimientos. Desfilan aqu\u00ed temas como la calidad y los l\u00edmites de la democracia, la escasa participaci\u00f3n ciudadana, la acci\u00f3n contra la pobreza, el surgimiento del populismo de derecha y el debilitamiento de la centroizquierda en el poder. La hip\u00f3tesis que recorre el texto es que la transici\u00f3n chilena no cont\u00f3 con un proyecto de sociedad viable y que sus \u00e9xitos pol\u00edticos le impidieron hacerse cargo de los problemas que arrastraba su dise\u00f1o original, no modificado. Su objetivo es contribuir a la memoria hist\u00f3rica la que, sin duda es un componente indispensable para la comprensi\u00f3n del presente y futuro que estamos construyendo.<\/p>\n<p>&nbsp;<\/p>\n<p>ISBN: en tr\u00e1mite<\/p>\n<p>&nbsp;<\/p>\n<h4>Pr\u00f3ximamente en Librer\u00edas<\/h4>\n<p>[\/vc_column_text][\/vc_column][vc_column width=\u00bb1\/2&#8243;][vc_single_image image=\u00bb2022&#8243; img_size=\u00bblarge\u00bb][\/vc_column][\/vc_row]<\/p>\n","protected":false},"excerpt":{"rendered":"<p>[vc_row][vc_column width=\u00bb1\/2&#8243;][vc_column_text] Pol\u00edtica y sociedad en los a\u00f1os &#8217;90 Gonzalo Delamaza Despu\u00e9s de 2019 se hizo moneda corriente juzgar los treinta a\u00f1os de la democracia postdictatorial, para criticarla o para a\u00f1orarla. Pero, \u00bfc\u00f3mo se fueron desarrollando esos treinta a\u00f1os? \u00bfC\u00f3mo se lleg\u00f3 del amplio consenso inicial de la transici\u00f3n al fuerte cuestionamiento de la misma? [&hellip;]<\/p>\n","protected":false},"author":2,"featured_media":0,"parent":0,"menu_order":0,"comment_status":"closed","ping_status":"closed","template":"","meta":[],"categories":[],"tags":[],"_links":{"self":[{"href":"https:\/\/editorial.ulagos.cl\/home\/wp-json\/wp\/v2\/pages\/2021"}],"collection":[{"href":"https:\/\/editorial.ulagos.cl\/home\/wp-json\/wp\/v2\/pages"}],"about":[{"href":"https:\/\/editorial.ulagos.cl\/home\/wp-json\/wp\/v2\/types\/page"}],"author":[{"embeddable":true,"href":"https:\/\/editorial.ulagos.cl\/home\/wp-json\/wp\/v2\/users\/2"}],"replies":[{"embeddable":true,"href":"https:\/\/editorial.ulagos.cl\/home\/wp-json\/wp\/v2\/comments?post=2021"}],"version-history":[{"count":2,"href":"https:\/\/editorial.ulagos.cl\/home\/wp-json\/wp\/v2\/pages\/2021\/revisions"}],"predecessor-version":[{"id":2154,"href":"https:\/\/editorial.ulagos.cl\/home\/wp-json\/wp\/v2\/pages\/2021\/revisions\/2154"}],"wp:attachment":[{"href":"https:\/\/editorial.ulagos.cl\/home\/wp-json\/wp\/v2\/media?parent=2021"}],"wp:term":[{"taxonomy":"category","embeddable":true,"href":"https:\/\/editorial.ulagos.cl\/home\/wp-json\/wp\/v2\/categories?post=2021"},{"taxonomy":"post_tag","embeddable":true,"href":"https:\/\/editorial.ulagos.cl\/home\/wp-json\/wp\/v2\/tags?post=2021"}],"curies":[{"name":"wp","href":"https:\/\/api.w.org\/{rel}","templated":true}]}}