{"id":2095,"date":"2025-07-21T15:39:57","date_gmt":"2025-07-21T19:39:57","guid":{"rendered":"https:\/\/editorial.ulagos.cl\/home\/?page_id=2095"},"modified":"2025-07-21T15:39:57","modified_gmt":"2025-07-21T19:39:57","slug":"etnomusicologia-en-el-chile-del-siglo-xxi","status":"publish","type":"page","link":"https:\/\/editorial.ulagos.cl\/home\/etnomusicologia-en-el-chile-del-siglo-xxi\/","title":{"rendered":"ETNOMUSICOLOG\u00cdA EN EL CHILE DEL SIGLO XXI"},"content":{"rendered":"<p>[vc_row][vc_column width=\u00bb1\/2&#8243;][vc_column_text]<\/p>\n<h3>M\u00fasicas, identidades y territorios en el sur del mundo<\/h3>\n<h4>Ignacio Soto-Silva &amp; Javier Silva-Zurita<\/h4>\n<p><em>Los autores del volumen han comprendido que Latinoam\u00e9rica y Chile necesitan ser estudiados y descritos desde estas instancias, gracias a lo cual nos han regalado textos de enorme actualidad e innegable inter\u00e9s. Los resultados de esta excelente iniciativa editorial enriquecer\u00e1n a la etnomusicolog\u00eda m\u00e1s all\u00e1 de las fronteras del pa\u00eds, subcontinente y del mundo hispanohablante: justamente lo que necesitamos hoy m\u00e1s que nunca. <\/em><\/p>\n<p style=\"text-align: right;\">Enrique C\u00e1mara de Landa Universidad de Valladolid<\/p>\n<p><a class=\"linkimagen\" href=\"http:\/\/editorial.ulagos.cl\/wp-content\/uploads\/2025\/07\/Etnomusicologi\u0301a-en-el-Chile-del-siglo-XXI.pdf\" target=\"_blank\" rel=\"noopener\" data-lity=\"\" data-title=\"\"><img decoding=\"async\" loading=\"lazy\" class=\"img-responsive alignnone\" style=\"width: 60px; height: 60px;\" src=\"http:\/\/editorial.ulagos.cl\/wp-content\/uploads\/2021\/04\/pdflogo-e1620831312474.jpg\" alt=\"none\" width=\"300\" height=\"300\" \/><\/a><a href=\"http:\/\/editorial.ulagos.cl\/wp-content\/uploads\/2025\/07\/Etnomusicologi\u0301a-en-el-Chile-del-siglo-XXI.pdf\">Etnomusicologi\u0301a en el Chile del siglo XXI<\/a>[\/vc_column_text][\/vc_column][vc_column width=\u00bb1\/2&#8243;][vc_single_image image=\u00bb2032&#8243; img_size=\u00bblarge\u00bb][\/vc_column][\/vc_row]<\/p>\n","protected":false},"excerpt":{"rendered":"<p>[vc_row][vc_column width=\u00bb1\/2&#8243;][vc_column_text] M\u00fasicas, identidades y territorios en el sur del mundo Ignacio Soto-Silva &amp; Javier Silva-Zurita Los autores del volumen han comprendido que Latinoam\u00e9rica y Chile necesitan ser estudiados y descritos desde estas instancias, gracias a lo cual nos han regalado textos de enorme actualidad e innegable inter\u00e9s. Los resultados de esta excelente iniciativa editorial [&hellip;]<\/p>\n","protected":false},"author":2,"featured_media":0,"parent":0,"menu_order":0,"comment_status":"closed","ping_status":"closed","template":"","meta":[],"categories":[],"tags":[],"_links":{"self":[{"href":"https:\/\/editorial.ulagos.cl\/home\/wp-json\/wp\/v2\/pages\/2095"}],"collection":[{"href":"https:\/\/editorial.ulagos.cl\/home\/wp-json\/wp\/v2\/pages"}],"about":[{"href":"https:\/\/editorial.ulagos.cl\/home\/wp-json\/wp\/v2\/types\/page"}],"author":[{"embeddable":true,"href":"https:\/\/editorial.ulagos.cl\/home\/wp-json\/wp\/v2\/users\/2"}],"replies":[{"embeddable":true,"href":"https:\/\/editorial.ulagos.cl\/home\/wp-json\/wp\/v2\/comments?post=2095"}],"version-history":[{"count":2,"href":"https:\/\/editorial.ulagos.cl\/home\/wp-json\/wp\/v2\/pages\/2095\/revisions"}],"predecessor-version":[{"id":2098,"href":"https:\/\/editorial.ulagos.cl\/home\/wp-json\/wp\/v2\/pages\/2095\/revisions\/2098"}],"wp:attachment":[{"href":"https:\/\/editorial.ulagos.cl\/home\/wp-json\/wp\/v2\/media?parent=2095"}],"wp:term":[{"taxonomy":"category","embeddable":true,"href":"https:\/\/editorial.ulagos.cl\/home\/wp-json\/wp\/v2\/categories?post=2095"},{"taxonomy":"post_tag","embeddable":true,"href":"https:\/\/editorial.ulagos.cl\/home\/wp-json\/wp\/v2\/tags?post=2095"}],"curies":[{"name":"wp","href":"https:\/\/api.w.org\/{rel}","templated":true}]}}