{"id":2102,"date":"2025-09-12T10:55:18","date_gmt":"2025-09-12T13:55:18","guid":{"rendered":"https:\/\/editorial.ulagos.cl\/home\/?page_id=2102"},"modified":"2025-11-27T09:21:39","modified_gmt":"2025-11-27T12:21:39","slug":"las-universidades-publicas-en-las-americas","status":"publish","type":"page","link":"https:\/\/editorial.ulagos.cl\/home\/las-universidades-publicas-en-las-americas\/","title":{"rendered":"Las universidades p\u00fablicas en las Am\u00e9ricas: desaf\u00edos compartidos y desarrollos institucionales"},"content":{"rendered":"<p>[vc_row][vc_column width=\u00bb1\/3&#8243;][vc_column_text]<\/p>\n<h3 style=\"text-align: left;\">Las universidades p\u00fablicas en las Am\u00e9ricas: desaf\u00edos compartidos y desarrollos institucionales<\/h3>\n<p style=\"text-align: left;\">Oscar Ariel Garrido \u00c1lvarez, Claudio Cristhian Rivera Mercado, Leticia Jim\u00e9nez Gonz\u00e1lez, Omar Javier Altamirano Ojeda (editores)<\/p>\n<p>DOI: <strong><a href=\"http:\/\/doi.org\/10.32735\/978-956-6383-09-3-2025\">http:\/\/doi.org\/10.32735\/978-956-6383-09-3-2025<\/a><\/strong><\/p>\n<p>&nbsp;<\/p>\n<h2>\u00cdNDICE<\/h2>\n<p><strong>PRESENTACI\u00d3N<\/strong><br \/>\n<a href=\"http:\/\/editorial.ulagos.cl\/wp-content\/uploads\/2025\/10\/presentacion-1.pdf\" target=\"_blank\" rel=\"noopener\"><strong>Las universidades p\u00fablicas en las am\u00e9ricas: desaf\u00edos compartidos y desarrollos institucionales<\/strong><\/a><br \/>\n\u00d3scar Garrido \u00c1lvarez, Claudio Rivera Mercado, Leticia Jim\u00e9nez Gonz\u00e1lez y Omar Altamirano Ojeda<\/p>\n<h3><strong>CAP\u00cdTULO I: Contexto y marco de pol\u00edticas<\/strong><\/h3>\n<p><strong>Universidades p\u00fablicas en Chile: tensiones estructurales y desaf\u00edos en un sistema de educaci\u00f3n superior privatizado<\/strong><br \/>\n\u00d3scar Garrido \u00c1lvarez y Omar Altamirano Ojeda<br \/>\n<strong>DOI: <a href=\"https:\/\/doi.org\/10.32735\/978-956-6383-09-3-2025-21-62\" target=\"_blank\" rel=\"noopener\">https:\/\/doi.org\/10.32735\/978-956-6383-09-3-2025-21-62<\/a><\/strong><\/p>\n<p><strong>Las universidades p\u00fablicas y la educaci\u00f3n superior en Brasil: evoluci\u00f3n, desaf\u00edos y tendencias<\/strong><br \/>\nGraziele Alano Gesse, Fernanda Cristina Da Silva, Pedro Ant\u00f4nio de Melo y Thiago Luiz de Oliveira Cabral<br \/>\n<strong>DOI: <a href=\"http:\/\/doi.org\/10.32735\/978-956-6383-09-3-2025-63-107\">http:\/\/doi.org\/10.32735\/978-956-6383-09-3-2025-63-107<\/a><\/strong><\/p>\n<p><strong>Resiliencia universitaria en tiempos de capitalismo acad\u00e9mico: disputas por el sentido p\u00fablico de la educaci\u00f3n superior latinoamericana.<\/strong><br \/>\nAlberto Mart\u00ednez Quezada y Ezequiel Mart\u00ednez Rojas<br \/>\nDOI: <a href=\"https:\/\/doi.org\/10.32735\/978-956-6383-09-3-2025-108-144\" target=\"_blank\" rel=\"noopener\"><strong>http:\/\/doi.org\/10.32735\/978-956-6383-09-3-2025-108-144<\/strong><\/a><\/p>\n<p><strong>Educaci\u00f3n superior: \u00bf\u00e9poca de cambios o cambio de \u00e9poca?<\/strong><br \/>\nV\u00edctor Mori\u00f1igo<br \/>\nDOI: <a href=\"https:\/\/doi.org\/10.32735\/978-956-6383-09-3-2025-145-156\" target=\"_blank\" rel=\"noopener\"><strong>http:\/\/doi.org\/10.32735\/978-956-6383-09-3-2025-145-156<\/strong><\/a><\/p>\n<h3><\/h3>\n<h3><strong>CAP\u00cdTULO II: Desarrollos institucionales<\/strong><\/h3>\n<p><strong>Relevancia y resiliencia de las instituciones de educaci\u00f3n superior (IES) p\u00fablicas en los Estados Unidos: estudio de caso de la Universidad Texas Tech (Texas Tech University)<\/strong><br \/>\nLawrence Schovanec, Elizabeth Trejos-Castillo, Jamie Hansard y Mitzi Lauderdale<br \/>\nDOI:<strong> <a href=\"http:\/\/doi.org\/10.32735\/978-956-6383-09-3-2025-159-187\" target=\"_blank\" rel=\"noopener\">http:\/\/doi.org\/10.32735\/978-956-6383-09-3-2025-159-187<\/a><\/strong><\/p>\n<p><strong>Reimaginando la educaci\u00f3n superior: desde las tradiciones pedag\u00f3gicas hasta la innovaci\u00f3n Impulsada por la anal\u00edtica<\/strong><br \/>\nJuan S\u00e1nchez Mu\u00f1oz y Christiane Spitzmueller<br \/>\nDDOI: <strong><a href=\"http:\/\/doi.org\/10.32735\/978-956-6383-09-3-2025-189-208\" target=\"_blank\" rel=\"noopener\">http:\/\/doi.org\/10.32735\/978-956-6383-09-3-2025-189-208<\/a><\/strong><\/p>\n<p><strong>Universidad Nacional de Chimborazo: una visi\u00f3n autocr\u00edtica, reflexiva, divergente e insurgente<\/strong><br \/>\nJos\u00e9 Rafael Salguero Rosero, Adalberto Fern\u00e1ndez Sotelo, Ang\u00e9lica Mar\u00eda Urquizo y Gonzalo Nicolay Samaniego Erazo<br \/>\nDOI: <a href=\"http:\/\/doi.org\/10.32735\/978-956-6383-09-03-2025-209-240\" target=\"_blank\" rel=\"noopener\"><strong>http:\/\/doi.org\/10.32735\/978-956-6383-09-03-2025-209-240<\/strong><\/a><\/p>\n<p><strong>Autonom\u00eda, equidad y sostenibilidad: la Universidad Nacional del Noroeste de Buenos Aires (UNNOBA), frente a los desaf\u00edos estructurales de la educaci\u00f3n superior Argentina.<\/strong><br \/>\nGuillermo Tamarit, Florencia Castro y Mariana Saenz<br \/>\nDOI: <a href=\"http:\/\/doi.org\/10.32735\/978-956-6383-09-03-2025-241-266\" target=\"_blank\" rel=\"noopener\"><strong>http:\/\/doi.org\/10.32735\/978-956-6383-09-03-2025-241-266<\/strong><\/a><\/p>\n<p><strong>Avances y desaf\u00edos de un modelo de universidad p\u00fablica: el caso de la Universidad Nacional de la Plata<\/strong><br \/>\nFernando Tauber<br \/>\nDOI: <a href=\"http:\/\/doi.org\/10.32735\/978-956-6383-09-03-2025-267-296\" target=\"_blank\" rel=\"noopener\"><strong>http:\/\/doi.org\/10.32735\/978-956-6383-09-03-2025-267-296<\/strong><\/a><\/p>\n<p><strong>Retos y desaf\u00edos de las instituciones de educaci\u00f3n superior en M\u00e9xico. Una perspectiva desde la Universidad de Guanajuato<\/strong><br \/>\nClaudia G\u00f3mez L\u00f3pez<br \/>\nDOI: <a href=\"http:\/\/doi.org\/10.32735\/978-956-6383-09-03-2025-297-319\" target=\"_blank\" rel=\"noopener\"><strong>http:\/\/doi.org\/10.32735\/978-956-6383-09-03-2025-297-319<\/strong><\/a><\/p>\n<p><strong>Tejiendo los futuros de la Universidad de Colima, M\u00e9xico: un compromiso social compartido<\/strong><br \/>\nChristian Torres Ortiz Zerme\u00f1o<br \/>\nDOI: <a href=\"http:\/\/doi.org\/10.32735\/978-956-6383-09-03-2025-321-344\" target=\"_blank\" rel=\"noopener\"><strong>http:\/\/doi.org\/10.32735\/978-956-6383-09-03-2025-321-344<\/strong><\/a><\/p>\n<p><a href=\"http:\/\/editorial.ulagos.cl\/wp-content\/uploads\/2025\/10\/345-350-reflexiones-finales.pdf\" target=\"_blank\" rel=\"noopener\"><strong>Reflexiones finales<\/strong><\/a><br \/>\n<strong>Educaci\u00f3n superior p\u00fablica en las Am\u00e9ricas: tensiones compartidas y proyecciones comunes institucionales<\/strong><br \/>\n\u00d3scar Garrido \u00c1lvarez y Omar Altamirano Ojeda<\/p>\n<p>&nbsp;<\/p>\n<p><strong>ISBN (Digital)<\/strong> 978-956-6383-09-3<\/p>\n<p><strong>ISBN (Impreso)<\/strong> 978-956-6383-08-6[\/vc_column_text][\/vc_column][vc_column width=\u00bb1\/3&#8243;][vc_single_image image=\u00bb2103&#8243; img_size=\u00bbfull\u00bb alignment=\u00bbcenter\u00bb][\/vc_column][\/vc_row]<\/p>\n","protected":false},"excerpt":{"rendered":"<p>[vc_row][vc_column width=\u00bb1\/3&#8243;][vc_column_text] Las universidades p\u00fablicas en las Am\u00e9ricas: desaf\u00edos compartidos y desarrollos institucionales Oscar Ariel Garrido \u00c1lvarez, Claudio Cristhian Rivera Mercado, Leticia Jim\u00e9nez Gonz\u00e1lez, Omar Javier Altamirano Ojeda (editores) DOI: http:\/\/doi.org\/10.32735\/978-956-6383-09-3-2025 &nbsp; \u00cdNDICE PRESENTACI\u00d3N Las universidades p\u00fablicas en las am\u00e9ricas: desaf\u00edos compartidos y desarrollos institucionales \u00d3scar Garrido \u00c1lvarez, Claudio Rivera Mercado, Leticia Jim\u00e9nez Gonz\u00e1lez y [&hellip;]<\/p>\n","protected":false},"author":2,"featured_media":0,"parent":0,"menu_order":0,"comment_status":"closed","ping_status":"closed","template":"","meta":[],"categories":[],"tags":[],"_links":{"self":[{"href":"https:\/\/editorial.ulagos.cl\/home\/wp-json\/wp\/v2\/pages\/2102"}],"collection":[{"href":"https:\/\/editorial.ulagos.cl\/home\/wp-json\/wp\/v2\/pages"}],"about":[{"href":"https:\/\/editorial.ulagos.cl\/home\/wp-json\/wp\/v2\/types\/page"}],"author":[{"embeddable":true,"href":"https:\/\/editorial.ulagos.cl\/home\/wp-json\/wp\/v2\/users\/2"}],"replies":[{"embeddable":true,"href":"https:\/\/editorial.ulagos.cl\/home\/wp-json\/wp\/v2\/comments?post=2102"}],"version-history":[{"count":26,"href":"https:\/\/editorial.ulagos.cl\/home\/wp-json\/wp\/v2\/pages\/2102\/revisions"}],"predecessor-version":[{"id":2175,"href":"https:\/\/editorial.ulagos.cl\/home\/wp-json\/wp\/v2\/pages\/2102\/revisions\/2175"}],"wp:attachment":[{"href":"https:\/\/editorial.ulagos.cl\/home\/wp-json\/wp\/v2\/media?parent=2102"}],"wp:term":[{"taxonomy":"category","embeddable":true,"href":"https:\/\/editorial.ulagos.cl\/home\/wp-json\/wp\/v2\/categories?post=2102"},{"taxonomy":"post_tag","embeddable":true,"href":"https:\/\/editorial.ulagos.cl\/home\/wp-json\/wp\/v2\/tags?post=2102"}],"curies":[{"name":"wp","href":"https:\/\/api.w.org\/{rel}","templated":true}]}}