{"id":2155,"date":"2025-11-13T17:22:08","date_gmt":"2025-11-13T20:22:08","guid":{"rendered":"https:\/\/editorial.ulagos.cl\/home\/?page_id=2155"},"modified":"2025-11-26T15:58:32","modified_gmt":"2025-11-26T18:58:32","slug":"portafolio_de_proyectos_los_lagos_2050","status":"publish","type":"page","link":"https:\/\/editorial.ulagos.cl\/home\/portafolio_de_proyectos_los_lagos_2050\/","title":{"rendered":"Portafolio de proyectos: Los Lagos 2050"},"content":{"rendered":"<p>[vc_row][vc_column width=\u00bb1\/2&#8243;][vc_column_text]<\/p>\n<h3>Portafolio de proyectos: Los Lagos 2050<\/h3>\n<p><strong>Mirna Br\u00e4uning Wistuba; Yasna Garc\u00e9s Coronado; Roc\u00edo Saldivia Quezada y Cristian Zahn Mu\u00f1oz (Editores)<\/strong><\/p>\n<p>Inspirados en el principio de cooperaci\u00f3n interinstitucional, el Gobierno Regional de Los Lagos y el Consejo Regional de Los Lagos impulsaron el programa Infraestructura Sostenible e Inclusiva para la Competitividad Regional, ISIC. El programa fue implementado por la Universidad de Los Lagos durante los a\u00f1os 2024 y 2025. Su objetivo es generar un marco de planificaci\u00f3n de infraestructura estrat\u00e9gica para la competitividad que promueva la inversi\u00f3n p\u00fablica y privada, con un enfoque de sostenibilidad e inclusi\u00f3n.<\/p>\n<p>El origen de este programa se remonta al trabajo realizado entre los a\u00f1os 2021 y 2022 por el programa Pacto por una Regi\u00f3n Sostenible e Inclusiva, iniciativa que convoc\u00f3 a m\u00e1s de 140 organizaciones e instituciones p\u00fablicas, privadas y acad\u00e9micas con el objetivo de definir desaf\u00edos y compromisos orientados a avanzar hacia una regi\u00f3n m\u00e1s sostenible e inclusiva. En los primeros diagn\u00f3sticos realizados por el programa Pacto, se identificaron brechas, desaf\u00edos y compromisos para la sostenibilidad e inclusi\u00f3n de la regi\u00f3n en distintos sectores productivos regionales. Muchas brechas, desaf\u00edos y compromisos identificados para la sostenibilidad e inclusividad de los rubros y de la regi\u00f3n se encuentran directamente relacionados con el desarrollo de nueva y mejor infraestructura.<\/p>\n<p><a href=\"http:\/\/doi.org\/10.32735\/978-956-6383-17-8-07-11-2025\" target=\"_blank\" rel=\"noopener\"><img decoding=\"async\" loading=\"lazy\" class=\"alignnone\" src=\"http:\/\/editorial.ulagos.cl\/wp-content\/uploads\/2021\/04\/pdflogo-e1620831312474.jpg\" alt=\"none\" width=\"54\" height=\"54\" \/><\/a><\/p>\n<p>DOI: <strong><a href=\"https:\/\/doi.org\/10.32735\/978-956-6383-17-8-07-11-2025\" target=\"_blank\" rel=\"noopener\">http:\/\/doi.org\/10.32735\/978-956-6383-17-8-07-11-2025<\/a><\/strong><\/p>\n<p>ISBN (Impreso): 978-956-6383-16-1<\/p>\n<p>ISBN (Digital): 978-956-6383-17-8<\/p>\n<p>[\/vc_column_text][\/vc_column][vc_column width=\u00bb1\/2&#8243;][vc_single_image image=\u00bb2157&#8243; img_size=\u00bblarge\u00bb][\/vc_column][\/vc_row]<\/p>\n","protected":false},"excerpt":{"rendered":"<p>[vc_row][vc_column width=\u00bb1\/2&#8243;][vc_column_text] Portafolio de proyectos: Los Lagos 2050 Mirna Br\u00e4uning Wistuba; Yasna Garc\u00e9s Coronado; Roc\u00edo Saldivia Quezada y Cristian Zahn Mu\u00f1oz (Editores) Inspirados en el principio de cooperaci\u00f3n interinstitucional, el Gobierno Regional de Los Lagos y el Consejo Regional de Los Lagos impulsaron el programa Infraestructura Sostenible e Inclusiva para la Competitividad Regional, ISIC. El [&hellip;]<\/p>\n","protected":false},"author":2,"featured_media":0,"parent":0,"menu_order":0,"comment_status":"closed","ping_status":"closed","template":"","meta":[],"categories":[],"tags":[],"_links":{"self":[{"href":"https:\/\/editorial.ulagos.cl\/home\/wp-json\/wp\/v2\/pages\/2155"}],"collection":[{"href":"https:\/\/editorial.ulagos.cl\/home\/wp-json\/wp\/v2\/pages"}],"about":[{"href":"https:\/\/editorial.ulagos.cl\/home\/wp-json\/wp\/v2\/types\/page"}],"author":[{"embeddable":true,"href":"https:\/\/editorial.ulagos.cl\/home\/wp-json\/wp\/v2\/users\/2"}],"replies":[{"embeddable":true,"href":"https:\/\/editorial.ulagos.cl\/home\/wp-json\/wp\/v2\/comments?post=2155"}],"version-history":[{"count":6,"href":"https:\/\/editorial.ulagos.cl\/home\/wp-json\/wp\/v2\/pages\/2155\/revisions"}],"predecessor-version":[{"id":2176,"href":"https:\/\/editorial.ulagos.cl\/home\/wp-json\/wp\/v2\/pages\/2155\/revisions\/2176"}],"wp:attachment":[{"href":"https:\/\/editorial.ulagos.cl\/home\/wp-json\/wp\/v2\/media?parent=2155"}],"wp:term":[{"taxonomy":"category","embeddable":true,"href":"https:\/\/editorial.ulagos.cl\/home\/wp-json\/wp\/v2\/categories?post=2155"},{"taxonomy":"post_tag","embeddable":true,"href":"https:\/\/editorial.ulagos.cl\/home\/wp-json\/wp\/v2\/tags?post=2155"}],"curies":[{"name":"wp","href":"https:\/\/api.w.org\/{rel}","templated":true}]}}