{"id":2181,"date":"2025-11-28T11:59:54","date_gmt":"2025-11-28T14:59:54","guid":{"rendered":"https:\/\/editorial.ulagos.cl\/home\/?page_id=2181"},"modified":"2025-11-28T13:30:25","modified_gmt":"2025-11-28T16:30:25","slug":"expertas-iv","status":"publish","type":"page","link":"https:\/\/editorial.ulagos.cl\/home\/expertas-iv\/","title":{"rendered":"EXPERTAS IV"},"content":{"rendered":"<p>[vc_row][vc_column width=\u00bb1\/2&#8243;][vc_column_text]<\/p>\n<p class=\"p1\"><strong>Diez voces en <span class=\"s1\">Investigaci\u00f3n Aplicada y<\/span>\u00a0m\u00e1<span class=\"s1\">s a<\/span>ll\u00e1.<\/strong><\/p>\n<p class=\"p1\">Direcci\u00f3n de Investigaci\u00f3n<\/p>\n<p class=\"p1\">En las siguientes l\u00edneas, les invitamos a leer los hitos vitales que cada una de estas acad\u00e9micas considera fundamentales en la ruta para llegar al lugar donde hoy est\u00e1n. Sus relatos en primera persona, viajan por recuerdos que van desde su ni\u00f1ez a la adultez, a trav\u00e9s de los cuales nos muestran sencillamente c\u00f3mo desde diferentes caminos podemos llevar la investigaci\u00f3n cient\u00edfica a otro nivel. Con ello, se instalan nuevos referentes, se cuestionan barreras y se agrietan estereotipos sobre qui\u00e9nes hacen y visibilizan la I+D+i+e.<\/p>\n<p>&nbsp;<\/p>\n<p><a class=\"linkimagen\" href=\"http:\/\/editorial.ulagos.cl\/wp-content\/uploads\/Expertas-IV.pdf\" data-lity=\"\" data-title=\"\"><img decoding=\"async\" loading=\"lazy\" class=\"img-responsive alignnone\" style=\"width: 32px; height: 37px;\" src=\"http:\/\/editorial.ulagos.cl\/wp-content\/uploads\/2020\/05\/pdf-ico.png\" alt=\"none\" width=\"33\" height=\"38\" \/><\/a> <strong><a href=\"http:\/\/editorial.ulagos.cl\/wp-content\/uploads\/Expertas-IV.pdf\">Expertas IV<\/a><\/strong><\/p>\n<p><em>ISBN Digital: 978-956-6383-15-4<\/em><\/p>\n<div id=\"gtx-trans\" style=\"position: absolute; left: -89px; top: -6.28125px;\">\n<div class=\"gtx-trans-icon\"><\/div>\n<\/div>\n<p>[\/vc_column_text][\/vc_column][vc_column width=\u00bb1\/2&#8243;][vc_single_image image=\u00bb2183&#8243; img_size=\u00bblarge\u00bb][\/vc_column][\/vc_row]<\/p>\n","protected":false},"excerpt":{"rendered":"<p>[vc_row][vc_column width=\u00bb1\/2&#8243;][vc_column_text] Diez voces en Investigaci\u00f3n Aplicada y\u00a0m\u00e1s all\u00e1. Direcci\u00f3n de Investigaci\u00f3n En las siguientes l\u00edneas, les invitamos a leer los hitos vitales que cada una de estas acad\u00e9micas considera fundamentales en la ruta para llegar al lugar donde hoy est\u00e1n. Sus relatos en primera persona, viajan por recuerdos que van desde su ni\u00f1ez a [&hellip;]<\/p>\n","protected":false},"author":2,"featured_media":0,"parent":0,"menu_order":0,"comment_status":"closed","ping_status":"closed","template":"","meta":[],"categories":[],"tags":[],"_links":{"self":[{"href":"https:\/\/editorial.ulagos.cl\/home\/wp-json\/wp\/v2\/pages\/2181"}],"collection":[{"href":"https:\/\/editorial.ulagos.cl\/home\/wp-json\/wp\/v2\/pages"}],"about":[{"href":"https:\/\/editorial.ulagos.cl\/home\/wp-json\/wp\/v2\/types\/page"}],"author":[{"embeddable":true,"href":"https:\/\/editorial.ulagos.cl\/home\/wp-json\/wp\/v2\/users\/2"}],"replies":[{"embeddable":true,"href":"https:\/\/editorial.ulagos.cl\/home\/wp-json\/wp\/v2\/comments?post=2181"}],"version-history":[{"count":4,"href":"https:\/\/editorial.ulagos.cl\/home\/wp-json\/wp\/v2\/pages\/2181\/revisions"}],"predecessor-version":[{"id":2215,"href":"https:\/\/editorial.ulagos.cl\/home\/wp-json\/wp\/v2\/pages\/2181\/revisions\/2215"}],"wp:attachment":[{"href":"https:\/\/editorial.ulagos.cl\/home\/wp-json\/wp\/v2\/media?parent=2181"}],"wp:term":[{"taxonomy":"category","embeddable":true,"href":"https:\/\/editorial.ulagos.cl\/home\/wp-json\/wp\/v2\/categories?post=2181"},{"taxonomy":"post_tag","embeddable":true,"href":"https:\/\/editorial.ulagos.cl\/home\/wp-json\/wp\/v2\/tags?post=2181"}],"curies":[{"name":"wp","href":"https:\/\/api.w.org\/{rel}","templated":true}]}}