{"id":2218,"date":"2026-01-29T15:52:31","date_gmt":"2026-01-29T18:52:31","guid":{"rendered":"https:\/\/editorial.ulagos.cl\/home\/?page_id=2218"},"modified":"2026-01-29T15:53:37","modified_gmt":"2026-01-29T18:53:37","slug":"voces-que-cruzan-fronteras-narrativas-de-proyectos-comunitarios","status":"publish","type":"page","link":"https:\/\/editorial.ulagos.cl\/home\/voces-que-cruzan-fronteras-narrativas-de-proyectos-comunitarios\/","title":{"rendered":"VOCES QUE CRUZAN FRONTERAS. Narrativas de proyectos comunitarios"},"content":{"rendered":"<p>[vc_row][vc_column width=\u00bb1\/2&#8243;][vc_column_text]<\/p>\n<h4>Brenda Lara (Editora)<\/h4>\n<p>Este libro se enmarca en la formaci\u00f3n de estudiantes de pedagog\u00eda en Educaci\u00f3n F\u00edsica del campus Puerto Montt de la Universidad de Los Lagos. A trav\u00e9s de sus p\u00e1ginas se aporta evidencia de dos resultados de aprendizaje de la asignatura de Did\u00e1ctica General.<\/p>\n<p>En ese contexto nos movilizamos fuera de las aulas de la universidad en b\u00fasqueda de problem\u00e1ticas educativas aut\u00e9nticas que permitieran la experimentaci\u00f3n del concepto de did\u00e1ctica. Ello implic\u00f3 que las y los estudiantes de profesorado avancen en la comprensi\u00f3n del proceso de ense\u00f1anza y aprendizaje que ten\u00edan a su cargo y tomen decisiones fundamentadas.<\/p>\n<p>Un aspecto clave en la producci\u00f3n de este libro fue crear las condiciones para que los diferentes discursos crucen fronteras. En especial, el profesorado en formaci\u00f3n debi\u00f3 negociar significados con las voces de la comunidad y la teor\u00eda y, con base en ello, reconstruir la perspectiva de un proceso de ense\u00f1anza y aprendizaje. De esta forma cada cap\u00edtulo narra un proyecto de investigaci\u00f3n-acci\u00f3n en el cual, las y los estudiantes de profesorado integraron diferentes voces, entre ellas; aportaciones de integrantes de las comunidades y referentes te\u00f3ricos. En total este libro est\u00e1 conformado por 12 cap\u00edtulos en los cuales han participado 40 estudiantes y 11 organizaciones e instituciones del territorio.<\/p>\n<p><a class=\"linkimagen\" href=\"http:\/\/editorial.ulagos.cl\/wp-content\/uploads\/Voces-que-cruzan-fronteras-DIGITAL.pdf\" target=\"_blank\" rel=\"noopener\" data-lity=\"\" data-title=\"\"><img decoding=\"async\" loading=\"lazy\" class=\"img-responsive alignnone\" style=\"width: 32px; height: 37px;\" src=\"http:\/\/editorial.ulagos.cl\/wp-content\/uploads\/2020\/05\/pdf-ico.png\" alt=\"none\" width=\"33\" height=\"38\" \/><\/a><a href=\"http:\/\/editorial.ulagos.cl\/wp-content\/uploads\/Voces-que-cruzan-fronteras-DIGITAL.pdf\" target=\"_blank\" rel=\"noopener\">\u00a0 Voces que cruzan fronteras DIGITAL<\/a><\/p>\n<p>&nbsp;<\/p>\n<p>ISBN: 978-956-6383-13-0<\/p>\n<p>&nbsp;<\/p>\n<div id=\"gtx-trans\" style=\"position: absolute; left: -89px; top: -6.28125px;\">\n<div class=\"gtx-trans-icon\"><\/div>\n<\/div>\n<p>[\/vc_column_text][\/vc_column][vc_column width=\u00bb1\/2&#8243;][vc_single_image image=\u00bb2219&#8243; img_size=\u00bblarge\u00bb][\/vc_column][\/vc_row]<\/p>\n","protected":false},"excerpt":{"rendered":"<p>[vc_row][vc_column width=\u00bb1\/2&#8243;][vc_column_text] Brenda Lara (Editora) Este libro se enmarca en la formaci\u00f3n de estudiantes de pedagog\u00eda en Educaci\u00f3n F\u00edsica del campus Puerto Montt de la Universidad de Los Lagos. A trav\u00e9s de sus p\u00e1ginas se aporta evidencia de dos resultados de aprendizaje de la asignatura de Did\u00e1ctica General. En ese contexto nos movilizamos fuera de [&hellip;]<\/p>\n","protected":false},"author":2,"featured_media":0,"parent":0,"menu_order":0,"comment_status":"closed","ping_status":"closed","template":"","meta":[],"categories":[],"tags":[],"_links":{"self":[{"href":"https:\/\/editorial.ulagos.cl\/home\/wp-json\/wp\/v2\/pages\/2218"}],"collection":[{"href":"https:\/\/editorial.ulagos.cl\/home\/wp-json\/wp\/v2\/pages"}],"about":[{"href":"https:\/\/editorial.ulagos.cl\/home\/wp-json\/wp\/v2\/types\/page"}],"author":[{"embeddable":true,"href":"https:\/\/editorial.ulagos.cl\/home\/wp-json\/wp\/v2\/users\/2"}],"replies":[{"embeddable":true,"href":"https:\/\/editorial.ulagos.cl\/home\/wp-json\/wp\/v2\/comments?post=2218"}],"version-history":[{"count":4,"href":"https:\/\/editorial.ulagos.cl\/home\/wp-json\/wp\/v2\/pages\/2218\/revisions"}],"predecessor-version":[{"id":2224,"href":"https:\/\/editorial.ulagos.cl\/home\/wp-json\/wp\/v2\/pages\/2218\/revisions\/2224"}],"wp:attachment":[{"href":"https:\/\/editorial.ulagos.cl\/home\/wp-json\/wp\/v2\/media?parent=2218"}],"wp:term":[{"taxonomy":"category","embeddable":true,"href":"https:\/\/editorial.ulagos.cl\/home\/wp-json\/wp\/v2\/categories?post=2218"},{"taxonomy":"post_tag","embeddable":true,"href":"https:\/\/editorial.ulagos.cl\/home\/wp-json\/wp\/v2\/tags?post=2218"}],"curies":[{"name":"wp","href":"https:\/\/api.w.org\/{rel}","templated":true}]}}