{"id":23,"date":"2019-09-04T16:54:25","date_gmt":"2019-09-04T14:54:25","guid":{"rendered":"http:\/\/editorial.ulagos.cl\/?page_id=23"},"modified":"2024-10-14T11:25:31","modified_gmt":"2024-10-14T14:25:31","slug":"consejo_editorial","status":"publish","type":"page","link":"https:\/\/editorial.ulagos.cl\/home\/consejo_editorial\/","title":{"rendered":"Consejo Editorial"},"content":{"rendered":"<p>[vc_row][vc_column][vc_column_text]<\/p>\n<h2>Consejo Editorial (2019-2023)<\/h2>\n<p>[\/vc_column_text][\/vc_column][\/vc_row][vc_row][vc_column width=\u00bb2\/3&#8243;][vc_column_text]<\/p>\n<h3>Andrea Minte M\u00fcnzenmayer<\/h3>\n<p><strong>Presidenta del Consejo (2021-2023)<\/strong><\/p>\n<p>Profesora de Historia y Geograf\u00eda, Mag\u00edster en Educaci\u00f3n menci\u00f3n Curr\u00edculum, Doctora en Educaci\u00f3n (Universidad de Concepci\u00f3n\/Universidad de Estocolmo). Especialista en Curr\u00edculum e Historia Local y Consultora en Pedagog\u00eda Universitaria.<\/p>\n<p>Libros publicados: \u201cHistoria del Sanatorio Alem\u00e1n de Concepci\u00f3n\u201d (1987); \u201cColonizaci\u00f3n alemana a orillas del lago Llanquihue.1850 \u2013 1900\u201d (2002); \u201cHistoria viva en el aula. Una mirada a los paradigmas de investigaci\u00f3n\u201d (2002); \u201cExperiencias docentes de investigaci\u00f3n \u2013 acci\u00f3n\u201d (2002); \u201cAutoritarismo y pluralismo. Visi\u00f3n cr\u00edtica de la ense\u00f1anza de la Historia de<br \/>\nChile\u201d (2005); \u201cHistoria del Colegio Alem\u00e1n de Punta Arenas\u201d (2003); \u201cHistoria del Club Alem\u00e1n de Puerto Montt\u201d (2010), Investigaci\u00f3n Cualitativa en Educaci\u00f3n (2018). Ha desarrollado diversos proyectos de investigaci\u00f3n internos de diversas universidades nacionales y es co-investigadora de un proyecto FONDECYT en ejecuci\u00f3n (2019-2021). Posee publicaciones en revistas especializadas y presentaciones en congresos nacionales e internacionales en los siguientes temas: textos escolares; curr\u00edculum, formaci\u00f3n de profesores, g\u00e9nero y educaci\u00f3n hist\u00f3rica.<\/p>\n<p>Actualmente es acad\u00e9mica de la Universidad de Los Lagos, Osorno. Profesora invitada en programas de postgrado en las Universidades de Talca, Antofagasta, B\u00edo B\u00edo, Playa Ancha, Universidad Cat\u00f3lica de la Sant\u00edsima Concepci\u00f3n. Ha sido asesora en temas de redise\u00f1o curricular por competencias en varias universidades del pa\u00eds y en Per\u00fa. Tambi\u00e9n ha sido<br \/>\ninvitada por la Asamblea Nacional de Rectores, Per\u00fa, a dar cursos de docencia universitaria. Conferencista en diversos pa\u00edses: Colombia, Argentina, Espa\u00f1a, M\u00e9xico, India y Brasil.<\/p>\n<p>Ha recibido honores tales como el Premio Universidad de Concepci\u00f3n (1987) otorgado al m\u00e9rito acad\u00e9mico y el Premio Regional en Investigaci\u00f3n Hist\u00f3rica y Patrimonio Cultural de la Regi\u00f3n de los Lagos (2003) por su aporte a la historia regional.[\/vc_column_text][\/vc_column][vc_column width=\u00bb1\/3&#8243;][vc_empty_space][vc_single_image image=\u00bb763&#8243; img_size=\u00bbmedium\u00bb][\/vc_column][\/vc_row][vc_row][vc_column width=\u00bb2\/3&#8243;][vc_column_text]<\/p>\n<h3>Oscar D\u00edaz Carrasco (2022-2023)<\/h3>\n<p><strong>Vicerrector de Investigaci\u00f3n y Postgrado<\/strong><\/p>\n<p>Profesor de Estado en Biolog\u00eda y Ciencia Naturales por la Universidad de Los Lagos y Doctor en Mejoramiento Gen\u00e9tico de Vegetales y Biotecnolog\u00eda por la Universidad de Ciencias Agr\u00edcolas de Suecia (Swedish University of Agricultural Sciences). Realiz\u00f3 estudios de pedagog\u00eda en la Universidad de Malm\u00f6 en Suecia en el \u00e1rea de Biolog\u00eda y Ciencias Naturales. En los pa\u00edses n\u00f3rdicos, donde vivi\u00f3 durante 17 a\u00f1os, trabaj\u00f3 como fitomejorador de cereales, a cargo del Programa de fitomejoramiento N\u00f3rdico-B\u00e1ltico de la empresa Sueco-Alemana Sval\u00f6f Weibull. Se desempe\u00f1\u00f3, adem\u00e1s, como Jefe del Departamento de Agricultura y del Laboratorio de Gen\u00e9tica Molecular del Banco N\u00f3rdico de Genes en los pa\u00edses n\u00f3rdicos, en la actualidad Nordgen. Ha estado vinculado a la docencia de pre y posgrado como profesor invitado programas de magister y doctorado a nivel nacional e internacional en los pa\u00edses n\u00f3rdicos, Per\u00fa, Nicaragua y Brasil en las \u00e1reas de fitomejoramiento y biotecnolog\u00eda.<\/p>\n<p>En la Universidad de Los Lagos, ha sido Vicerrector de Planificaci\u00f3n y Desarrollo, y Director de Relaciones Internacionales. Se ha desempe\u00f1ado como Vicerrector Acad\u00e9mico del Instituto Profesional Los Lagos (instituto que fue propiedad de la Universidad de Los Lagos). En la actualidad, es Director del Programa FITOGEN; un programa de la Universidad de Los Lagos creado para realizar investigaci\u00f3n en las \u00e1reas de Conservaci\u00f3n, Manejo y Utilizaci\u00f3n Sustentable de los Recursos Gen\u00e9ticos Vegetales del Sur de Chile y es Profesor Titular e investigador en las \u00e1reas de Ciencias Biol\u00f3gicas, Mejoramiento Gen\u00e9tico y Biotecnolog\u00eda del Departamento de Acuicultura y Recursos Agroalimentarios. Desde mayo del a\u00f1o 2022 es el Vicerrector de Investigaci\u00f3n y Postgrado de la Universidad de Los Lagos.[\/vc_column_text][\/vc_column][vc_column width=\u00bb1\/3&#8243;][vc_empty_space][vc_single_image image=\u00bb1712&#8243; img_size=\u00bbmedium\u00bb][\/vc_column][\/vc_row][vc_row][vc_column width=\u00bb2\/3&#8243;][vc_column_text]<\/p>\n<h3>Diana Kiss de Alejandro<\/h3>\n<p>Periodista (1991), Magister en Comunicaci\u00f3n (2001), postgrado en Gesti\u00f3n Universitaria (2001) y especializaci\u00f3n en estudios feministas. Ha trabajado en medios de comunicaci\u00f3n y desde 2002 es acad\u00e9mica en la Universidad de Los Lagos en las \u00e1reas de comunicaci\u00f3n educativa y en estudios de g\u00e9nero.<\/p>\n<p>Es autora de art\u00edculos cient\u00edficos en su \u00e1rea disciplinaria. Conferencista y relatora en seminarios y cursos sobre liderazgo femenino, g\u00e9nero y educaci\u00f3n. Ha coordinado simposios, mesas redondas, y cursos de formaci\u00f3n de l\u00edderes pol\u00edticas. Dirige Revista Alpha, publicaci\u00f3n acad\u00e9mica en humanidades incluida en la base de datos de Web of Science, Scopus y SciELO, entre otras.<\/p>\n<p>Tiene experiencia en gesti\u00f3n universitaria y desde 2012 es Secretaria General de la Universidad de Los Lagos. Forma parte del Comit\u00e9 Ejecutivo de la Comisi\u00f3n de Igualdad de G\u00e9nero del Consejo de Rectores de las Universidades Chilenas para impulsar la igualdad y la equidad de las mujeres en el sistema universitario nacional.[\/vc_column_text][\/vc_column][vc_column width=\u00bb1\/3&#8243;][vc_empty_space][vc_single_image image=\u00bb797&#8243; img_size=\u00bbmedium\u00bb][\/vc_column][\/vc_row][vc_row][vc_column width=\u00bb2\/3&#8243;][vc_column_text]<\/p>\n<h3>Mita Valvassori<\/h3>\n<p>Licenciada en Filolog\u00eda Hisp\u00e1nica, Universidad de Alcal\u00e1.<\/p>\n<p>Doctora en Literatura Comparada con menci\u00f3n de Doctorado Europeo, Universidad de Alcal\u00e1.<\/p>\n<p>Actualmente desarrolla su labor docente e investigadora en la Universidad de los Lagos (Osorno, Chile), como Acad\u00e9mica de Literatura del departamento de Humanidades y Artes.<\/p>\n<p>Investigaci\u00f3n: su labor investigadora se ha desarrollado en el marco de la literatura rom\u00e1nica medieval y de la prosa barroca, con especial inter\u00e9s en el estudio de la influencia del modelo narrativo decameroniano en la narrativa breve hisp\u00e1nica. Realiz\u00f3 y public\u00f3 en 2009 la primera edici\u00f3n cr\u00edtica de la traducci\u00f3n castellana antigua del Decamer\u00f3n de G. Boccaccio, recogida en el manuscrito escurialense (s. XV). En el \u00e1mbito de la prosa barroca, colabor\u00f3 en 2013 en la nueva edici\u00f3n de las Noches de invierno (1605) de A. Eslava y en 2019 realiz\u00f3 junto a la dra. J. Barella la edici\u00f3n critica de las Jornadas alegres de A. Castillo Sol\u00f3rzano (1626).[\/vc_column_text][\/vc_column][vc_column width=\u00bb1\/3&#8243;][vc_empty_space][vc_single_image image=\u00bb757&#8243; img_size=\u00bbmedium\u00bb][\/vc_column][\/vc_row][vc_row][vc_column width=\u00bb2\/3&#8243;][vc_column_text]<\/p>\n<h3>Nicole Fritz Silva<\/h3>\n<p>Kinesi\u00f3loga egresada el a\u00f1o 2012 de la Universidad Austral de Chile, sede Valdivia. Doctora en Actividad F\u00edsica y Deporte con menci\u00f3n internacional y Mag\u00edster en Investigaci\u00f3n e Intervenci\u00f3n en Ciencias de la Actividad F\u00edsica y el Deporte, por la Universidad de Valencia. Desde el 2017 al 2019 se desempe\u00f1\u00f3 como docente invitada del Diplomado en Nuevas tendencias del entrenamiento Funcional, IPETH, M\u00e9xico. Entre los a\u00f1os 2012 y 2019 fue acad\u00e9mica del Instituto Aparato Locomotor de la Universidad Austral de Chile.<\/p>\n<p>Desde el a\u00f1o 2019 a la fecha se desempe\u00f1a como acad\u00e9mica del Departamento de Salud, de la Universidad de Los Lagos, carrera de Kinesiolog\u00eda y como docente del Diploma de especializaci\u00f3n internacional en entrenamiento Funcional, Universidad de Valencia.<\/p>\n<p>En el \u00e1mbito de la investigaci\u00f3n es integrante del\u00a0Grupo de Investigaci\u00f3n Prevenci\u00f3n y Salud en el Ejercicio y el Deporte (PHES), Universidad de Valencia y de la Comisi\u00f3n de Investigaci\u00f3n del Departamento de Salud, Universidad de Los Lagos.<\/p>\n<p>Sus l\u00edneas de investigaci\u00f3n en desarrollo son:<br \/>\n&#8211; Estrategias de evaluaci\u00f3n e intervenci\u00f3n en personas mayores.<br \/>\n&#8211; Entrenamiento Funcional a lo largo del curso de vida.<br \/>\n&#8211; Rehabilitaci\u00f3n y reeducaci\u00f3n del piso p\u00e9lvico femenino.[\/vc_column_text][\/vc_column][vc_column width=\u00bb1\/3&#8243;][vc_empty_space][vc_single_image image=\u00bb1714&#8243;][\/vc_column][\/vc_row]<\/p>\n","protected":false},"excerpt":{"rendered":"<p>[vc_row][vc_column][vc_column_text] Consejo Editorial (2019-2023) [\/vc_column_text][\/vc_column][\/vc_row][vc_row][vc_column width=\u00bb2\/3&#8243;][vc_column_text] Andrea Minte M\u00fcnzenmayer Presidenta del Consejo (2021-2023) Profesora de Historia y Geograf\u00eda, Mag\u00edster en Educaci\u00f3n menci\u00f3n Curr\u00edculum, Doctora en Educaci\u00f3n (Universidad de Concepci\u00f3n\/Universidad de Estocolmo). Especialista en Curr\u00edculum e Historia Local y Consultora en Pedagog\u00eda Universitaria. Libros publicados: \u201cHistoria del Sanatorio Alem\u00e1n de Concepci\u00f3n\u201d (1987); \u201cColonizaci\u00f3n alemana a orillas [&hellip;]<\/p>\n","protected":false},"author":2,"featured_media":0,"parent":0,"menu_order":0,"comment_status":"closed","ping_status":"closed","template":"","meta":[],"categories":[],"tags":[],"_links":{"self":[{"href":"https:\/\/editorial.ulagos.cl\/home\/wp-json\/wp\/v2\/pages\/23"}],"collection":[{"href":"https:\/\/editorial.ulagos.cl\/home\/wp-json\/wp\/v2\/pages"}],"about":[{"href":"https:\/\/editorial.ulagos.cl\/home\/wp-json\/wp\/v2\/types\/page"}],"author":[{"embeddable":true,"href":"https:\/\/editorial.ulagos.cl\/home\/wp-json\/wp\/v2\/users\/2"}],"replies":[{"embeddable":true,"href":"https:\/\/editorial.ulagos.cl\/home\/wp-json\/wp\/v2\/comments?post=23"}],"version-history":[{"count":57,"href":"https:\/\/editorial.ulagos.cl\/home\/wp-json\/wp\/v2\/pages\/23\/revisions"}],"predecessor-version":[{"id":2076,"href":"https:\/\/editorial.ulagos.cl\/home\/wp-json\/wp\/v2\/pages\/23\/revisions\/2076"}],"wp:attachment":[{"href":"https:\/\/editorial.ulagos.cl\/home\/wp-json\/wp\/v2\/media?parent=23"}],"wp:term":[{"taxonomy":"category","embeddable":true,"href":"https:\/\/editorial.ulagos.cl\/home\/wp-json\/wp\/v2\/categories?post=23"},{"taxonomy":"post_tag","embeddable":true,"href":"https:\/\/editorial.ulagos.cl\/home\/wp-json\/wp\/v2\/tags?post=23"}],"curies":[{"name":"wp","href":"https:\/\/api.w.org\/{rel}","templated":true}]}}