{"id":29,"date":"2019-09-04T17:00:32","date_gmt":"2019-09-04T15:00:32","guid":{"rendered":"http:\/\/editorial.ulagos.cl\/?page_id=29"},"modified":"2021-05-06T18:31:29","modified_gmt":"2021-05-06T16:31:29","slug":"catalogohistorico","status":"publish","type":"page","link":"https:\/\/editorial.ulagos.cl\/home\/catalogohistorico\/","title":{"rendered":"Cat\u00e1logo Hist\u00f3rico"},"content":{"rendered":"<p>[vc_row][vc_column][vc_column_text]La Editorial ULagos inaugura esta nueva \u00e9poca reconociendo como un valioso antecedente el conjunto de publicaciones editadas desde la creaci\u00f3n de la Universidad de Los Lagos, desde sus unidades acad\u00e9micas y centros de investigaci\u00f3n, antes del a\u00f1o 2019. Hemos reunido aqu\u00ed la mayor\u00eda de esas obras, pero aquellas ediciones que se encuentran agotadas para la venta y cuyos ejemplares no se encuentran actualmente en nuestras manos, las iremos incorporando seg\u00fan las vayamos encontrando.[\/vc_column_text][\/vc_column][\/vc_row]<\/p>\n<div data-url=\"https:\/\/issuu.com\/jnojmnz\/docs\/catalogo_historico\" style=\"width: 500px; height: 326px;\" class=\"issuuembed\"><\/div>\n<p><script type=\"text\/javascript\" src=\"\/\/e.issuu.com\/embed.js\" async=\"true\"><\/script><\/p>\n","protected":false},"excerpt":{"rendered":"<p>[vc_row][vc_column][vc_column_text]La Editorial ULagos inaugura esta nueva \u00e9poca reconociendo como un valioso antecedente el conjunto de publicaciones editadas desde la creaci\u00f3n de la Universidad de Los Lagos, desde sus unidades acad\u00e9micas y centros de investigaci\u00f3n, antes del a\u00f1o 2019. Hemos reunido aqu\u00ed la mayor\u00eda de esas obras, pero aquellas ediciones que se encuentran agotadas para la [&hellip;]<\/p>\n","protected":false},"author":2,"featured_media":0,"parent":0,"menu_order":0,"comment_status":"closed","ping_status":"closed","template":"","meta":[],"categories":[],"tags":[],"_links":{"self":[{"href":"https:\/\/editorial.ulagos.cl\/home\/wp-json\/wp\/v2\/pages\/29"}],"collection":[{"href":"https:\/\/editorial.ulagos.cl\/home\/wp-json\/wp\/v2\/pages"}],"about":[{"href":"https:\/\/editorial.ulagos.cl\/home\/wp-json\/wp\/v2\/types\/page"}],"author":[{"embeddable":true,"href":"https:\/\/editorial.ulagos.cl\/home\/wp-json\/wp\/v2\/users\/2"}],"replies":[{"embeddable":true,"href":"https:\/\/editorial.ulagos.cl\/home\/wp-json\/wp\/v2\/comments?post=29"}],"version-history":[{"count":40,"href":"https:\/\/editorial.ulagos.cl\/home\/wp-json\/wp\/v2\/pages\/29\/revisions"}],"predecessor-version":[{"id":1357,"href":"https:\/\/editorial.ulagos.cl\/home\/wp-json\/wp\/v2\/pages\/29\/revisions\/1357"}],"wp:attachment":[{"href":"https:\/\/editorial.ulagos.cl\/home\/wp-json\/wp\/v2\/media?parent=29"}],"wp:term":[{"taxonomy":"category","embeddable":true,"href":"https:\/\/editorial.ulagos.cl\/home\/wp-json\/wp\/v2\/categories?post=29"},{"taxonomy":"post_tag","embeddable":true,"href":"https:\/\/editorial.ulagos.cl\/home\/wp-json\/wp\/v2\/tags?post=29"}],"curies":[{"name":"wp","href":"https:\/\/api.w.org\/{rel}","templated":true}]}}