{"id":31,"date":"2019-09-04T17:00:44","date_gmt":"2019-09-04T15:00:44","guid":{"rendered":"http:\/\/editorial.ulagos.cl\/?page_id=31"},"modified":"2024-09-05T15:35:33","modified_gmt":"2024-09-05T19:35:33","slug":"recepcionmanuscritos","status":"publish","type":"page","link":"https:\/\/editorial.ulagos.cl\/home\/recepcionmanuscritos\/","title":{"rendered":"Recepci\u00f3n de Manuscritos"},"content":{"rendered":"<p>[vc_row][vc_column][vc_column_text]<\/p>\n<blockquote>\n<h3><strong>ATENCI\u00d3N: LA RECEPCI\u00d3N DE MANUSCRITOS SE HA SUSPENDIDO HASTA LA PR\u00d3XIMA CONVOCATORIA.<\/strong><\/h3>\n<\/blockquote>\n<p>&nbsp;<\/p>\n<p><strong>RECEPCI\u00d3N DE MANUSCRITOS<\/strong><\/p>\n<p>Para postular cada autor o autora deber\u00e1 enviar su obra al correo <strong>editorial@ulagos.cl,\u00a0<\/strong>para ello deber\u00e1:<\/p>\n<p>&#8211; Completar y adjuntar el Formulario \u00danico de Postulaci\u00f3n<\/p>\n<p>&#8211; Adjuntar el manuscrito en formato Word, letra Times New Roman, tama\u00f1o 12, interlineado simple y en tama\u00f1o carta (Norma APA o MLA, excepto obras de creaci\u00f3n literaria).<\/p>\n<ul>\n<li>No ce aceptan textos diagramados previamente.<\/li>\n<\/ul>\n<p>&#8211; Si el texto considera el uso de im\u00e1genes debe adjuntarlas por separado en formato JPEG, en resoluci\u00f3n 300 DPI, se\u00f1alando en un documento aparte el nombre del archivo, el pie de foto y el autor de la imagen.<\/p>\n<p>&#8211; Si el texto considera el uso de gr\u00e1ficos, tablas y otros elementos gr\u00e1ficos deben entregarse como archivos adjuntos en formato editable.<\/p>\n<h5>TODOS ESTOS REQUISITOS SON OBLIGATORIOS, LAS POSTULACIONES QUE NO LOS CUMPLAN SER\u00c1N DECLARADAS INADMISIBLES.<\/h5>\n<h3><strong>\u00bfCu\u00e1nto se demora un manuscrito en ser publicado?<\/strong><\/h3>\n<h5><strong><u>Proceso de Producci\u00f3n Editorial<\/u><\/strong><\/h5>\n<h5><strong>Admisibilidad, evaluaci\u00f3n y edici\u00f3n de contenido<\/strong><\/h5>\n<p><a class=\"linkimagen\" href=\"http:\/\/editorial.ulagos.cl\/wp-content\/uploads\/2023\/12\/Captura-de-pantalla-2023-12-11-a-las-11.41.53.png\" data-lity=\"\" data-title=\"\"><img decoding=\"async\" class=\"img-responsive\" style=\"width: 100%; height: auto;\" src=\"http:\/\/editorial.ulagos.cl\/wp-content\/uploads\/2023\/12\/Captura-de-pantalla-2023-12-11-a-las-11.41.53.png\" alt=\"none\" \/><\/a><\/p>\n<h5><strong><u>Unidad Editorial<\/u><\/strong><strong>: Prelaci\u00f3n, Edici\u00f3n ortotipogr\u00e1fica, dise\u00f1o, impresi\u00f3n, distribuci\u00f3n y difusi\u00f3n <\/strong><\/h5>\n<p><a class=\"linkimagen\" href=\"http:\/\/editorial.ulagos.cl\/wp-content\/uploads\/2023\/12\/Captura-de-pantalla-2023-12-11-a-las-11.43.04.png\" data-lity=\"\" data-title=\"\"><img decoding=\"async\" class=\"img-responsive\" style=\"width: 100%; height: auto;\" src=\"http:\/\/editorial.ulagos.cl\/wp-content\/uploads\/2023\/12\/Captura-de-pantalla-2023-12-11-a-las-11.43.04.png\" alt=\"none\" \/><\/a>[\/vc_column_text][vc_column_text][\/vc_column_text][\/vc_column][\/vc_row]<\/p>\n","protected":false},"excerpt":{"rendered":"<p>[vc_row][vc_column][vc_column_text] ATENCI\u00d3N: LA RECEPCI\u00d3N DE MANUSCRITOS SE HA SUSPENDIDO HASTA LA PR\u00d3XIMA CONVOCATORIA. &nbsp; RECEPCI\u00d3N DE MANUSCRITOS Para postular cada autor o autora deber\u00e1 enviar su obra al correo editorial@ulagos.cl,\u00a0para ello deber\u00e1: &#8211; Completar y adjuntar el Formulario \u00danico de Postulaci\u00f3n &#8211; Adjuntar el manuscrito en formato Word, letra Times New Roman, tama\u00f1o 12, interlineado [&hellip;]<\/p>\n","protected":false},"author":2,"featured_media":0,"parent":0,"menu_order":0,"comment_status":"closed","ping_status":"closed","template":"template_menu_vertical.php","meta":[],"categories":[],"tags":[],"_links":{"self":[{"href":"https:\/\/editorial.ulagos.cl\/home\/wp-json\/wp\/v2\/pages\/31"}],"collection":[{"href":"https:\/\/editorial.ulagos.cl\/home\/wp-json\/wp\/v2\/pages"}],"about":[{"href":"https:\/\/editorial.ulagos.cl\/home\/wp-json\/wp\/v2\/types\/page"}],"author":[{"embeddable":true,"href":"https:\/\/editorial.ulagos.cl\/home\/wp-json\/wp\/v2\/users\/2"}],"replies":[{"embeddable":true,"href":"https:\/\/editorial.ulagos.cl\/home\/wp-json\/wp\/v2\/comments?post=31"}],"version-history":[{"count":28,"href":"https:\/\/editorial.ulagos.cl\/home\/wp-json\/wp\/v2\/pages\/31\/revisions"}],"predecessor-version":[{"id":2061,"href":"https:\/\/editorial.ulagos.cl\/home\/wp-json\/wp\/v2\/pages\/31\/revisions\/2061"}],"wp:attachment":[{"href":"https:\/\/editorial.ulagos.cl\/home\/wp-json\/wp\/v2\/media?parent=31"}],"wp:term":[{"taxonomy":"category","embeddable":true,"href":"https:\/\/editorial.ulagos.cl\/home\/wp-json\/wp\/v2\/categories?post=31"},{"taxonomy":"post_tag","embeddable":true,"href":"https:\/\/editorial.ulagos.cl\/home\/wp-json\/wp\/v2\/tags?post=31"}],"curies":[{"name":"wp","href":"https:\/\/api.w.org\/{rel}","templated":true}]}}