{"id":533,"date":"2020-04-22T06:53:41","date_gmt":"2020-04-22T04:53:41","guid":{"rendered":"http:\/\/editorial.ulagos.cl\/?page_id=533"},"modified":"2024-01-03T10:35:32","modified_gmt":"2024-01-03T13:35:32","slug":"alta-convocatoria-marco-cuarto-foro-de-editores-cientificos-de-chile","status":"publish","type":"page","link":"https:\/\/editorial.ulagos.cl\/home\/alta-convocatoria-marco-cuarto-foro-de-editores-cientificos-de-chile\/","title":{"rendered":"Alta convocatoria marc\u00f3 cuarto Foro de Editores Cient\u00edficos de Chile"},"content":{"rendered":"<p>[vc_row][vc_column][vc_single_image image=\u00bb478&#8243; img_size=\u00bbfull\u00bb][\/vc_column][\/vc_row][vc_row][vc_column][vc_column_text]<em>El director de la Sede Santiago de la Universidad de Los Lagos Dr. Marcel Thez\u00e1, y la subdirectora del CEDER ULagos Dra. Daniella Gac, se reunieron con la Representante Institucional de la UFRO en la capital, Dra. Mahia Saracostti.<\/em><\/p>\n<p>Con el prop\u00f3sito de fortalecer los v\u00ednculos de colaboraci\u00f3n entre ambas instituciones, el director de la Sede Santiago de la Universidad de Los Lagos Dr. Marcel Thez\u00e1 Manr\u00edquez se reuni\u00f3 con la investigadora y Representante Institucional de la\u00a0<a href=\"https:\/\/www.ufro.cl\/\">Universidad de la Frontera (UFRO)<\/a>\u00a0en Santiago Dra. Mahia Saracostti Schwartzman.<\/p>\n<p>En la reuni\u00f3n tambi\u00e9n particip\u00f3 la subdirectora del\u00a0<a href=\"http:\/\/ceder.ulagos.cl\/\">Centro de Estudios del Desarrollo Regional y Pol\u00edticas P\u00fablicas, CEDER ULagos<\/a>, Dra. Daniella Gac Jim\u00e9nez.<\/p>\n<p>\u201cFue una fruct\u00edfera reuni\u00f3n con la Dra. Saracostti. El objetivo fue establecer v\u00ednculos de trabajo en Santiago entre la ULagos y la UFRO partiendo de la base que ambas somos instituciones regionales, estatales y p\u00fablicas, y que estamos insertos en la macro zona sur\u201d, precis\u00f3 el Dr. Thez\u00e1.<\/p>\n<p>Por tanto, agreg\u00f3, \u201ctenemos una vocaci\u00f3n territorial orientada hacia un espacio geogr\u00e1fico que compartimos y que nos interesa potenciar\u201d.<\/p>\n<p>La Dra. Saracostti es directora del Centro de Investigaci\u00f3n sobre Procesos Socioeducativos, Familias y Comunidades de la UFRO e investigadora del N\u00facleo Cient\u00edfico Tecnol\u00f3gico en Ciencias Sociales y Humanidades de la misma universidad.<\/p>\n<p>\u201cElla es una destacada acad\u00e9mica en el campo de las pol\u00edticas p\u00fablicas, fundamentalmente de pol\u00edticas de educaci\u00f3n y de infancia, pero en su rol de Representante Institucional de la UFRO, conversamos acerca del desarrollo de v\u00ednculos en varios \u00e1mbitos\u201d, puntualiz\u00f3 el director de la Sede Santiago.<\/p>\n<p>Entre estos \u00e1mbitos, destac\u00f3 el Dr. Thez\u00e1, est\u00e1 facilitar las instalaciones de la Sede Santiago gracias a la infraestructura que posee la ULagos en la capital, y de esta manera se colabore en el trabajo operativo en acciones de investigaci\u00f3n, y de difusi\u00f3n y divulgaci\u00f3n cient\u00edfica de la UFRO.<\/p>\n<p>\u201cEso es muy coherente con lo que hemos planteado habitualmente en t\u00e9rminos de que nuestra Universidad en Santiago es tambi\u00e9n la casa de las universidades regionales. Tambi\u00e9n nos interesa trabajar conjuntamente algunas acciones estrat\u00e9gicas en las cuales estamos comprometidos\u201d, subray\u00f3.<\/p>\n<p>En esa l\u00ednea, expres\u00f3 que \u201ca modo de ejemplo, est\u00e1 el tema de las pol\u00edticas de g\u00e9nero en las instituciones, ah\u00ed particularmente se estableci\u00f3 una conexi\u00f3n entre la Dra. Saracostti y la Dra. Daniella Gac, quien coordina la Mesa de G\u00e9nero de la Universidad en Santiago\u201d.<\/p>\n<p>Por otro lado, indic\u00f3 el Dr. Thez\u00e1, \u201cla Dra. Saracostti tambi\u00e9n se interes\u00f3 bastante en fortalecer el proyecto editorial que estamos trabajando en coordinaci\u00f3n con la AUR, y otras iniciativas que tenemos en carpeta\u201d.<\/p>\n<p>Asimismo, el director de la Sede Santiago se\u00f1al\u00f3 que en el campo espec\u00edfico de la investigaci\u00f3n existen varios elementos a trabajar de manera conjunta entre ambas instituciones, entre ellos: pol\u00edticas p\u00fablicas, actores sociales en el \u00e1mbito regional, y educaci\u00f3n.<\/p>\n<p>\u201cY lo m\u00e1s interesante es que en el \u00e1mbito de la investigaci\u00f3n compartimos el mismo esp\u00edritu de que lo que hagamos en esa materia pueda tener mucho m\u00e1s sentido e impacto en la medida que sea de manera coordinada\u201d, sostuvo el investigador.<\/p>\n<p>\u201cDe esta manera, a partir de esta reuni\u00f3n se inaugura una relaci\u00f3n fruct\u00edfera de trabajo a nivel Santiago entre nuestras instituciones, que nos llena de satisfacci\u00f3n\u201d, cerr\u00f3 el Dr. Thez\u00e1.<\/p>\n<p>Autor: Andr\u00e9s Zanetti[\/vc_column_text][\/vc_column][\/vc_row]<\/p>\n","protected":false},"excerpt":{"rendered":"<p>[vc_row][vc_column][vc_single_image image=\u00bb478&#8243; img_size=\u00bbfull\u00bb][\/vc_column][\/vc_row][vc_row][vc_column][vc_column_text]El director de la Sede Santiago de la Universidad de Los Lagos Dr. Marcel Thez\u00e1, y la subdirectora del CEDER ULagos Dra. Daniella Gac, se reunieron con la Representante Institucional de la UFRO en la capital, Dra. Mahia Saracostti. Con el prop\u00f3sito de fortalecer los v\u00ednculos de colaboraci\u00f3n entre ambas instituciones, el director [&hellip;]<\/p>\n","protected":false},"author":2,"featured_media":478,"parent":0,"menu_order":0,"comment_status":"closed","ping_status":"closed","template":"","meta":[],"categories":[9],"tags":[5],"_links":{"self":[{"href":"https:\/\/editorial.ulagos.cl\/home\/wp-json\/wp\/v2\/pages\/533"}],"collection":[{"href":"https:\/\/editorial.ulagos.cl\/home\/wp-json\/wp\/v2\/pages"}],"about":[{"href":"https:\/\/editorial.ulagos.cl\/home\/wp-json\/wp\/v2\/types\/page"}],"author":[{"embeddable":true,"href":"https:\/\/editorial.ulagos.cl\/home\/wp-json\/wp\/v2\/users\/2"}],"replies":[{"embeddable":true,"href":"https:\/\/editorial.ulagos.cl\/home\/wp-json\/wp\/v2\/comments?post=533"}],"version-history":[{"count":5,"href":"https:\/\/editorial.ulagos.cl\/home\/wp-json\/wp\/v2\/pages\/533\/revisions"}],"predecessor-version":[{"id":999,"href":"https:\/\/editorial.ulagos.cl\/home\/wp-json\/wp\/v2\/pages\/533\/revisions\/999"}],"wp:featuredmedia":[{"embeddable":true,"href":"https:\/\/editorial.ulagos.cl\/home\/wp-json\/wp\/v2\/media\/478"}],"wp:attachment":[{"href":"https:\/\/editorial.ulagos.cl\/home\/wp-json\/wp\/v2\/media?parent=533"}],"wp:term":[{"taxonomy":"category","embeddable":true,"href":"https:\/\/editorial.ulagos.cl\/home\/wp-json\/wp\/v2\/categories?post=533"},{"taxonomy":"post_tag","embeddable":true,"href":"https:\/\/editorial.ulagos.cl\/home\/wp-json\/wp\/v2\/tags?post=533"}],"curies":[{"name":"wp","href":"https:\/\/api.w.org\/{rel}","templated":true}]}}