{"id":549,"date":"2020-04-22T08:24:19","date_gmt":"2020-04-22T06:24:19","guid":{"rendered":"http:\/\/editorial.ulagos.cl\/?page_id=549"},"modified":"2024-01-03T09:25:11","modified_gmt":"2024-01-03T12:25:11","slug":"editoriales-universitarias-regionales-participaron-en-la-38-version-de-la-filsa-2","status":"publish","type":"page","link":"https:\/\/editorial.ulagos.cl\/home\/editoriales-universitarias-regionales-participaron-en-la-38-version-de-la-filsa-2\/","title":{"rendered":"Editoriales Universitarias Regionales participaron en la 38\u00b0 versi\u00f3n de la FILSA"},"content":{"rendered":"<p>[vc_row][vc_column][vc_column_text]<\/p>\n<h5><em>Entre el 26 de octubre y el 11 de noviembre, por primera vez nuestra Casa de Estudios y la Red de Editoriales Universitarias de la AUR, participan en el principal encuentro literario de nuestro pa\u00eds, organizado por la C\u00e1mara Chilena del Libro, que convoca a autores y lectores de Chile y el mundo.<\/em><\/h5>\n<p>[\/vc_column_text][\/vc_column][\/vc_row][vc_row][vc_column][vc_column_text]Con el objetivo de visibilizar sus publicaciones en materia de investigaci\u00f3n y educaci\u00f3n, incluso literarias, la ULagos y la Red de Editoriales Universitarias de la\u00a0<a href=\"https:\/\/www.auregionales.cl\/\">Agrupaci\u00f3n de Universidades Regionales (AUR)<\/a>, participan en la versi\u00f3n n\u00famero 38 de la\u00a0<a href=\"https:\/\/camaradellibro.cl\/ferias\/filsa\/filsa-2018\/\">Feria Internacional del Libro de Santiago, FILSA 2018<\/a>.<\/p>\n<p>El evento, considerado el principal encuentro literario de nuestro pa\u00eds que convoca a autores y lectores de Chile y el mundo, se celebra entre el 26 de octubre y el 11 de noviembre en el Centro Cultural Estaci\u00f3n Mapocho, esta vez con el lema \u201cVive tu cuento\u201d con Per\u00fa como invitado especial.<\/p>\n<p>La Red de Editoriales Universitarias y los rectores de la AUR aceptaron la invitaci\u00f3n de la C\u00e1mara Chilena del Libro, asociaci\u00f3n organizadora del evento, para instalarse gratuitamente en un stand habilitado especialmente para las Universidades Regionales.<\/p>\n<p>Ricardo Casas, director de la Editorial ULagos, se\u00f1al\u00f3 que \u201cpara nosotros es muy importante la participaci\u00f3n de nuestra Universidad y de doce de las 22 universidades que componen la Red de Editoriales Universitarias AUR, en esta Feria del Libro en Santiago\u201d.[\/vc_column_text][\/vc_column][\/vc_row][vc_row][vc_column width=\u00bb1\/2&#8243;][vc_single_image source=\u00bbexternal_link\u00bb custom_src=\u00bbhttp:\/\/www.ulagos.cl\/wp-content\/uploads\/2018\/10\/IMG-20181028-WA0009.jpg\u00bb][\/vc_column][vc_column width=\u00bb1\/2&#8243;][vc_column_text]En ese contexto, recal c\u00f3 que es relevante ser parte de\u00a0FILSA 2018 \u201cporque nos permite sostener esta asociatividad que hemos logrado y adem\u00e1s ganar una visibilidad para todos nosotros, en el contexto de esta Feria que es la m\u00e1s importante de Chile\u201d. Para la EUR la gran cantidad de visitantes que acude a FILSA es una oportunidad para exhibir el trabajo de las Universidades Regionales. \u201cMuchas est\u00e1n haciendo venta de sus ejemplares y otras tres, entre las cuales nos contamos, solo exhibiendo nuestro cat\u00e1logo\u201d, concluy\u00f3.[\/vc_column_text][\/vc_column][\/vc_row][vc_row][vc_column width=\u00bb1\/2&#8243;][vc_column_text]Entre los primeros visitantes del stand de la Red de Editoriales Universitarias de la AUR, se encontraba el matrimonio de Oriana Pardo y Jos\u00e9 Luis Pizarro, escritores independientes de alimentaci\u00f3n prehisp\u00e1nica.<\/p>\n<p>\u201cSiempre hemos venido a la Feria y esta vez nos dimos cuenta que este stand no exist\u00eda en otros a\u00f1os, y hemos hecho algunos contactos interesantes. Nos gustaron unos libros de la Universidad de Magallanes y de la Universidad Cat\u00f3lica del Norte\u201d, expres\u00f3 Jos\u00e9 Luis Pizarro.<\/p>\n<p>Respecto a la participaci\u00f3n de la AUR en FILSA 2018, Oriana Pardo subray\u00f3 que \u201ces fant\u00e1stico porque siempre hemos tenido la impresi\u00f3n que las universidades de los extremos est\u00e1n un poco al margen y se conoce poco de los trabajos que hacen esos investigadores\u201d.<\/p>\n<p>[\/vc_column_text][\/vc_column][vc_column width=\u00bb1\/2&#8243;][vc_single_image source=\u00bbexternal_link\u00bb custom_src=\u00bbhttp:\/\/www.ulagos.cl\/wp-content\/uploads\/2018\/10\/Copia-de-INSTAGRAM-800X800.jpg\u00bb][\/vc_column][\/vc_row]<\/p>\n","protected":false},"excerpt":{"rendered":"<p>[vc_row][vc_column][vc_column_text] Entre el 26 de octubre y el 11 de noviembre, por primera vez nuestra Casa de Estudios y la Red de Editoriales Universitarias de la AUR, participan en el principal encuentro literario de nuestro pa\u00eds, organizado por la C\u00e1mara Chilena del Libro, que convoca a autores y lectores de Chile y el mundo. [\/vc_column_text][\/vc_column][\/vc_row][vc_row][vc_column][vc_column_text]Con [&hellip;]<\/p>\n","protected":false},"author":2,"featured_media":183,"parent":0,"menu_order":0,"comment_status":"closed","ping_status":"closed","template":"","meta":[],"categories":[9],"tags":[5],"_links":{"self":[{"href":"https:\/\/editorial.ulagos.cl\/home\/wp-json\/wp\/v2\/pages\/549"}],"collection":[{"href":"https:\/\/editorial.ulagos.cl\/home\/wp-json\/wp\/v2\/pages"}],"about":[{"href":"https:\/\/editorial.ulagos.cl\/home\/wp-json\/wp\/v2\/types\/page"}],"author":[{"embeddable":true,"href":"https:\/\/editorial.ulagos.cl\/home\/wp-json\/wp\/v2\/users\/2"}],"replies":[{"embeddable":true,"href":"https:\/\/editorial.ulagos.cl\/home\/wp-json\/wp\/v2\/comments?post=549"}],"version-history":[{"count":5,"href":"https:\/\/editorial.ulagos.cl\/home\/wp-json\/wp\/v2\/pages\/549\/revisions"}],"predecessor-version":[{"id":1001,"href":"https:\/\/editorial.ulagos.cl\/home\/wp-json\/wp\/v2\/pages\/549\/revisions\/1001"}],"wp:featuredmedia":[{"embeddable":true,"href":"https:\/\/editorial.ulagos.cl\/home\/wp-json\/wp\/v2\/media\/183"}],"wp:attachment":[{"href":"https:\/\/editorial.ulagos.cl\/home\/wp-json\/wp\/v2\/media?parent=549"}],"wp:term":[{"taxonomy":"category","embeddable":true,"href":"https:\/\/editorial.ulagos.cl\/home\/wp-json\/wp\/v2\/categories?post=549"},{"taxonomy":"post_tag","embeddable":true,"href":"https:\/\/editorial.ulagos.cl\/home\/wp-json\/wp\/v2\/tags?post=549"}],"curies":[{"name":"wp","href":"https:\/\/api.w.org\/{rel}","templated":true}]}}