{"id":565,"date":"2020-04-22T09:18:19","date_gmt":"2020-04-22T07:18:19","guid":{"rendered":"http:\/\/editorial.ulagos.cl\/?page_id=565"},"modified":"2024-01-03T10:58:09","modified_gmt":"2024-01-03T13:58:09","slug":"ulagos-se-compromete-a-fortalecer-el-area-editorial-de-las-universidades-regionales-2","status":"publish","type":"page","link":"https:\/\/editorial.ulagos.cl\/home\/ulagos-se-compromete-a-fortalecer-el-area-editorial-de-las-universidades-regionales-2\/","title":{"rendered":"ULagos se compromete a fortalecer el \u00e1rea editorial de las universidades regionales"},"content":{"rendered":"<p>[vc_row][vc_column][vc_single_image image=\u00bb328&#8243; img_size=\u00bbfull\u00bb][\/vc_column][\/vc_row][vc_row][vc_column][vc_column_text]<em>Nuestra Universidad abrir\u00e1 en la Sede Santiago un centro de venta y distribuci\u00f3n de libros de las universidades regionales del Consejo de Rectores (CRUCH).<\/em><\/p>\n<p>Con el objetivo de acordar criterios de apoyo de nuestra Casa de Estudios al desaf\u00edo de fortalecer el \u00e1rea editorial de las universidades regionales, se reunieron representantes de la Sede Santiago, encabezados por el director, Dr. Marcel Thez\u00e1 Manr\u00edquez, y de la Agrupaci\u00f3n de Universidades Regionales del CRUCH (AUR), liderados por el director ejecutivo, Jos\u00e9 Abalos K\u00f6nig.<\/p>\n<p>En ese contexto, el director de la Sede Santiago, Dr. Marcel Thez\u00e1, expres\u00f3 que el objetivo es que la Universidad de Los Lagos desde Santiago tenga una activa participaci\u00f3n y un liderazgo en este proceso que se inicia.<\/p>\n<p>\u201cEso particularmente se traduce en la presencia activa de nuestros profesionales y acad\u00e9micos vinculados al \u00e1rea editorial, y en el caso de la Sede Santiago hay un rol muy gravitante de Gabriela C\u00f3rdova, editora de la publicaci\u00f3n POLIS, Revista Latinoamericana\u201d, se\u00f1al\u00f3.<\/p>\n<p>Asimismo, destac\u00f3 que en el encuentro, se comunic\u00f3 a los representantes de la AUR que nuestra Universidad ya ha iniciado un trabajo de fortalecimiento de sello editorial propio.<\/p>\n<p>\u201cEste va a ser anunciado p\u00fablicamente el 8 de octubre ac\u00e1 en Santiago en el marco del lanzamiento de uno de los primeros libros de este sello editorial: Con los ancestros en la Espalda. Etnograf\u00eda transnacional de la santer\u00eda-if\u00e1 cubana en Santiago (Chile) y La Paz (Bolivia) 1990-2015\u201d, precis\u00f3 el Dr. Marcel Thez\u00e1.<\/p>\n<p>Junto con ello, se confirm\u00f3 en la reuni\u00f3n la participaci\u00f3n de las universidades regionales en la Feria Internacional de Santiago (FILSA), entre el 25 de octubre y el 10 de noviembre pr\u00f3ximos, donde nuestra Universidad tendr\u00e1 un rol clave.<\/p>\n<p>\u201cEstamos trabajando con la AUR en esa l\u00ednea, y nuestra idea es que nosotros colaboremos desde ac\u00e1 en Santiago en favorecer la presencia de las universidades regionales en un stand especial\u201d, puntualiz\u00f3.<\/p>\n<p>Venta y distribuci\u00f3n de libros<\/p>\n<p>Junto con ello, el director de la Sede Santiago, adelant\u00f3 que existe un proyecto con la AUR \u201cmuy interesante que queremos ir trabajando gradualmente y es implementar en la Sede Santiago de nuestra Universidad un centro de venta y distribuci\u00f3n de libros de las universidades regionales\u201d.<\/p>\n<p>Al respecto, el director ejecutivo de la AUR, Jos\u00e9 Abalos, sostuvo que uno de los principales desaf\u00edos de la agrupaci\u00f3n es la difusi\u00f3n de las publicaciones propias.<\/p>\n<p>\u201cLas 22 universidades regionales del Consejo de Rectores tienen una excelente y muy bonita producci\u00f3n de libros y publicaciones, pero uno de los problemas es que no hay lugares donde exhibir y vender los libros\u201d, coment\u00f3.<\/p>\n<p>Por tanto, subray\u00f3, \u201chemos acogido con mucho entusiasmo la oferta del Rector de la Universidad de Los Lagos, \u00d3scar Garrido y del director de la Sede Santiago, Marcel Thez\u00e1, de abrir un espacio en la Universidad de Los Lagos en Santiago, para que podamos exhibir permanentemente una valiosa producci\u00f3n de libros sobre antropolog\u00eda, econom\u00eda, agricultura, salud, vivienda, historia, cultura, o de las pedagog\u00edas entre otros, que lamentablemente tienen problemas de circulaci\u00f3n\u201d.<\/p>\n<p>De esta manera, recalc\u00f3, \u201cla disposici\u00f3n de la Universidad de Los Lagos de ofrecer un espacio que permita exhibir, eventualmente vender y tambi\u00e9n hacer presentaci\u00f3n de libros es una iniciativa muy loable, que le va a permitir a muchas universidades regionales tener un lugar en Santiago para poder dar a conocer su excelente producci\u00f3n biogr\u00e1fica\u201d.<\/p>\n<p>Participaron en la reuni\u00f3n, la investigadora del CEDER ULagos y editora de POLIS, Revista Latinoamericana, Gabriela C\u00f3rdova-Rivera, el encargado de Vinculaci\u00f3n con el Medio de la Sede Santiago, Felipe Ossand\u00f3n, y la periodista de la AUR, Paulina Silva.[\/vc_column_text][\/vc_column][\/vc_row]<\/p>\n","protected":false},"excerpt":{"rendered":"<p>[vc_row][vc_column][vc_single_image image=\u00bb328&#8243; img_size=\u00bbfull\u00bb][\/vc_column][\/vc_row][vc_row][vc_column][vc_column_text]Nuestra Universidad abrir\u00e1 en la Sede Santiago un centro de venta y distribuci\u00f3n de libros de las universidades regionales del Consejo de Rectores (CRUCH). Con el objetivo de acordar criterios de apoyo de nuestra Casa de Estudios al desaf\u00edo de fortalecer el \u00e1rea editorial de las universidades regionales, se reunieron representantes de la [&hellip;]<\/p>\n","protected":false},"author":2,"featured_media":475,"parent":0,"menu_order":0,"comment_status":"closed","ping_status":"closed","template":"","meta":[],"categories":[9],"tags":[5],"_links":{"self":[{"href":"https:\/\/editorial.ulagos.cl\/home\/wp-json\/wp\/v2\/pages\/565"}],"collection":[{"href":"https:\/\/editorial.ulagos.cl\/home\/wp-json\/wp\/v2\/pages"}],"about":[{"href":"https:\/\/editorial.ulagos.cl\/home\/wp-json\/wp\/v2\/types\/page"}],"author":[{"embeddable":true,"href":"https:\/\/editorial.ulagos.cl\/home\/wp-json\/wp\/v2\/users\/2"}],"replies":[{"embeddable":true,"href":"https:\/\/editorial.ulagos.cl\/home\/wp-json\/wp\/v2\/comments?post=565"}],"version-history":[{"count":2,"href":"https:\/\/editorial.ulagos.cl\/home\/wp-json\/wp\/v2\/pages\/565\/revisions"}],"predecessor-version":[{"id":568,"href":"https:\/\/editorial.ulagos.cl\/home\/wp-json\/wp\/v2\/pages\/565\/revisions\/568"}],"wp:featuredmedia":[{"embeddable":true,"href":"https:\/\/editorial.ulagos.cl\/home\/wp-json\/wp\/v2\/media\/475"}],"wp:attachment":[{"href":"https:\/\/editorial.ulagos.cl\/home\/wp-json\/wp\/v2\/media?parent=565"}],"wp:term":[{"taxonomy":"category","embeddable":true,"href":"https:\/\/editorial.ulagos.cl\/home\/wp-json\/wp\/v2\/categories?post=565"},{"taxonomy":"post_tag","embeddable":true,"href":"https:\/\/editorial.ulagos.cl\/home\/wp-json\/wp\/v2\/tags?post=565"}],"curies":[{"name":"wp","href":"https:\/\/api.w.org\/{rel}","templated":true}]}}