{"id":986,"date":"2020-12-09T20:47:40","date_gmt":"2020-12-09T19:47:40","guid":{"rendered":"http:\/\/editorial.ulagos.cl\/?page_id=986"},"modified":"2024-01-03T10:37:27","modified_gmt":"2024-01-03T13:37:27","slug":"entrevistan-al-dr-claudio-merino-por-el-libro-salud-colectiva-desde-el-sur-publicado-por-editorial-ulagos-y-ril-editores","status":"publish","type":"page","link":"https:\/\/editorial.ulagos.cl\/home\/entrevistan-al-dr-claudio-merino-por-el-libro-salud-colectiva-desde-el-sur-publicado-por-editorial-ulagos-y-ril-editores\/","title":{"rendered":"Entrevistan al Dr. Claudio Merino por el libro \u00abSalud colectiva desde el sur\u00bb publicado por Editorial ULagos y RIL Editores"},"content":{"rendered":"<p>En la entrevista realizada por el Instituto de Salud P\u00fablica de la UACH el Dr. Claudio Merino Jara expuso detalles su libro \u00abSalud colectiva desde el sur\u00bb, que fue lanzado en noviembre de este a\u00f1o bajo el sello Editorial ULagos y RIL Editores. La obra colectiva convoc\u00f3 a destacados investigadores e investigadoras de todo Chile, incluyendo acad\u00e9micos\/as del Instituto de Salud P\u00fablica de la UACH.<\/p>\n<p><iframe loading=\"lazy\" style=\"border: none; overflow: hidden;\" src=\"https:\/\/www.facebook.com\/plugins\/video.php?height=314&amp;href=https%3A%2F%2Fwww.facebook.com%2Fispuach%2Fvideos%2F137967564456410%2F&amp;show_text=false&amp;width=560\" width=\"560\" height=\"314\" frameborder=\"0\" scrolling=\"no\" allowfullscreen=\"allowfullscreen\"><\/iframe><\/p>\n","protected":false},"excerpt":{"rendered":"<p>En la entrevista realizada por el Instituto de Salud P\u00fablica de la UACH el Dr. Claudio Merino Jara expuso detalles su libro \u00abSalud colectiva desde el sur\u00bb, que fue lanzado en noviembre de este a\u00f1o bajo el sello Editorial ULagos y RIL Editores. La obra colectiva convoc\u00f3 a destacados investigadores e investigadoras de todo Chile, [&hellip;]<\/p>\n","protected":false},"author":2,"featured_media":984,"parent":0,"menu_order":0,"comment_status":"closed","ping_status":"closed","template":"","meta":[],"categories":[9],"tags":[5],"_links":{"self":[{"href":"https:\/\/editorial.ulagos.cl\/home\/wp-json\/wp\/v2\/pages\/986"}],"collection":[{"href":"https:\/\/editorial.ulagos.cl\/home\/wp-json\/wp\/v2\/pages"}],"about":[{"href":"https:\/\/editorial.ulagos.cl\/home\/wp-json\/wp\/v2\/types\/page"}],"author":[{"embeddable":true,"href":"https:\/\/editorial.ulagos.cl\/home\/wp-json\/wp\/v2\/users\/2"}],"replies":[{"embeddable":true,"href":"https:\/\/editorial.ulagos.cl\/home\/wp-json\/wp\/v2\/comments?post=986"}],"version-history":[{"count":4,"href":"https:\/\/editorial.ulagos.cl\/home\/wp-json\/wp\/v2\/pages\/986\/revisions"}],"predecessor-version":[{"id":990,"href":"https:\/\/editorial.ulagos.cl\/home\/wp-json\/wp\/v2\/pages\/986\/revisions\/990"}],"wp:featuredmedia":[{"embeddable":true,"href":"https:\/\/editorial.ulagos.cl\/home\/wp-json\/wp\/v2\/media\/984"}],"wp:attachment":[{"href":"https:\/\/editorial.ulagos.cl\/home\/wp-json\/wp\/v2\/media?parent=986"}],"wp:term":[{"taxonomy":"category","embeddable":true,"href":"https:\/\/editorial.ulagos.cl\/home\/wp-json\/wp\/v2\/categories?post=986"},{"taxonomy":"post_tag","embeddable":true,"href":"https:\/\/editorial.ulagos.cl\/home\/wp-json\/wp\/v2\/tags?post=986"}],"curies":[{"name":"wp","href":"https:\/\/api.w.org\/{rel}","templated":true}]}}